{"id":261,"date":"2021-10-31T10:57:18","date_gmt":"2021-10-31T10:57:18","guid":{"rendered":"https:\/\/proyectosamsam.org\/de\/?page_id=261"},"modified":"2023-10-29T09:03:53","modified_gmt":"2023-10-29T09:03:53","slug":"bau-projekte","status":"publish","type":"page","link":"https:\/\/proyectosamsam.org\/de\/bau-projekte\/","title":{"rendered":"\u200bBau und Infrastruktur"},"content":{"rendered":"\n<div class=\"alignfull wp-block-ugb-container ugb-container ugb-923b4aa ugb-container--v2 ugb-container--design-basic ugb-main-block\"><style>.ugb-923b4aa-wrapper.ugb-container__wrapper{background-color:#dd2e44 !important}.ugb-923b4aa-wrapper.ugb-container__wrapper:before{background-color:#dd2e44 !important}.ugb-923b4aa-content-wrapper > h1,.ugb-923b4aa-content-wrapper > h2,.ugb-923b4aa-content-wrapper > h3,.ugb-923b4aa-content-wrapper > h4,.ugb-923b4aa-content-wrapper > h5,.ugb-923b4aa-content-wrapper > h6{color:#ffffff}.ugb-923b4aa-content-wrapper > p,.ugb-923b4aa-content-wrapper > ol li,.ugb-923b4aa-content-wrapper > ul li{color:#ffffff}@media screen and (min-width:768px){.ugb-923b4aa-content-wrapper.ugb-container__content-wrapper{width:80% !important}}<\/style><div class=\"ugb-inner-block\"><div class=\"ugb-block-content\"><div class=\"ugb-container__wrapper ugb-923b4aa-wrapper\"><div class=\"ugb-container__side\"><div class=\"ugb-container__content-wrapper ugb-923b4aa-content-wrapper\">\n<p class=\"has-white-color has-text-color\">Der Staat scheint Sam Sam aufgegeben zu haben. Es gibt kaum Gesundheits- oder Bildungsinfrastrukturen und auch kein Interesse an deren Aufbau. Deshalb sind Arbeitslosigkeit und Analphabetentum hier h\u00f6her als im Landesdurchschnitt.<\/p>\n\n\n\n<div style=\"height:20px\" aria-hidden=\"true\" class=\"wp-block-spacer\"><\/div>\n\n\n\n<p class=\"has-white-color has-text-color\">Bauprojekte in Sam Sam versuchen, die Grundbed\u00fcrfnisse der Nachbarschaft zu decken. Vom Bau einer Apotheke, die kostenlose medizinische Hilfe und Behandlung bietet, bis hin zum Bau von Ausbildungszentren, in denen Jugendliche unterrichtet werden. Von einer Schneiderausbildung, bis zum Kochen sowie Restaurieren und Renovieren kann hier gelernt werden und bald auch Tischlerei.<\/p>\n<\/div><\/div><\/div><\/div><\/div><\/div>\n\n\n\n<div class=\"wp-block-ugb-separator alignfull ugb-separator ugb-a6a35ac ugb-separator--v2 ugb-separator--design-wave-1\" aria-hidden=\"true\"><style>.ugb-a6a35ac.ugb-separator{background-color:#dd2e44;margin-top:-76px !important;margin-bottom:-1px !important}.ugb-a6a35ac .ugb-separator__bottom-pad{background:#EEEADD}.ugb-a6a35ac .ugb-separator__top-pad{background:#dd2e44}.ugb-a6a35ac .ugb-separator__shadow,.ugb-a6a35ac .ugb-separator__layer-1{fill:#EEEADD;transform:scaleX(1)}@media screen and (min-width:768px){.ugb-a6a35ac .ugb-separator__svg-wrapper{height:200px !important}}@media screen and (max-width:1025px){.ugb-a6a35ac.ugb-separator{margin-top:-1px !important;margin-bottom:-1px !important}}@media screen and (max-width:768px){.ugb-a6a35ac.ugb-separator{margin-top:-1px !important;margin-bottom:-1px !important}}<\/style><div class=\"ugb-inner-block\"><div class=\"ugb-block-content\"><div class=\"ugb-separator__top-pad\"><\/div><div class=\"ugb-separator__svg-wrapper\"><div class=\"ugb-separator__svg-inner ugb-separator-wrapper\"><svg xmlns=\"http:\/\/www.w3.org\/2000\/svg\" viewBox=\"0 0 1600 200\" class=\"ugb-separator__layer-1\" preserveAspectRatio=\"none\" aria-hidden=\"true\"><path class=\"wave-1_svg__st2\" d=\"M1341.4 48.9c-182.4 0-254.2 80.4-429.4 80.4-117.8 0-209.7-67.5-393.5-67.5-142.2 0-212.6 38.8-324.6 38.8S-10 64.7-10 64.7V210h1620V102c-110.6-40.2-181-53.1-268.6-53.1z\"><\/path><\/svg><\/div><\/div><div class=\"ugb-separator__bottom-pad\"><\/div><\/div><\/div><\/div>\n\n\n\n<div class=\"alignfull wp-block-ugb-blog-posts ugb-blog-posts ugb-793901c ugb-blog-posts--v2 ugb-blog-posts--design-basic ugb-blog-posts--columns-3 ugb-main-block\"><style>.ugb-793901c .ugb-blog-posts__readmore a{color:#dd2e44 !important}.ugb-793901c .ugb-blog-posts__readmore a:hover{opacity:0.8}<\/style><div class=\"ugb-inner-block\"><div class=\"ugb-block-content\"><article class=\"ugb-blog-posts__item\"><div class=\"ugb-blog-posts__content\"><h3 class=\"ugb-blog-posts__title\"><a href=\"https:\/\/proyectosamsam.org\/de\/klinik\/\">Klinik<\/a><\/h3><p class=\"ugb-blog-posts__readmore\"><a href=\"https:\/\/proyectosamsam.org\/de\/klinik\/\">Leer m\u00e1s<\/a><\/p><\/div><\/article><article class=\"ugb-blog-posts__item\"><div class=\"ugb-blog-posts__content\"><h3 class=\"ugb-blog-posts__title\"><a href=\"https:\/\/proyectosamsam.org\/de\/agrarwirtschaft-projekt\/\">Agrarwirtschaft<\/a><\/h3><p class=\"ugb-blog-posts__readmore\"><a href=\"https:\/\/proyectosamsam.org\/de\/agrarwirtschaft-projekt\/\">Leer m\u00e1s<\/a><\/p><\/div><\/article><article class=\"ugb-blog-posts__item\"><div class=\"ugb-blog-posts__content\"><h3 class=\"ugb-blog-posts__title\"><a href=\"https:\/\/proyectosamsam.org\/de\/kalasans-schule\/\">Kalasans Schule<\/a><\/h3><p class=\"ugb-blog-posts__readmore\"><a href=\"https:\/\/proyectosamsam.org\/de\/kalasans-schule\/\">Leer m\u00e1s<\/a><\/p><\/div><\/article><\/div><\/div><\/div>\n","protected":false},"excerpt":{"rendered":"<p>Der Staat scheint Sam Sam aufgegeben zu haben. Es gibt kaum Gesundheits- oder Bildungsinfrastrukturen und auch kein Interesse an deren Aufbau. Deshalb sind Arbeitslosigkeit und Analphabetentum hier h\u00f6her als im Landesdurchschnitt. Bauprojekte in Sam Sam versuchen, die Grundbed\u00fcrfnisse der Nachbarschaft zu decken. Vom Bau einer Apotheke, die kostenlose medizinische Hilfe und Behandlung bietet, bis hin&hellip; <a class=\"more-link\" href=\"https:\/\/proyectosamsam.org\/de\/bau-projekte\/\"><span class=\"screen-reader-text\">\u200bBau und Infrastruktur<\/span> weiterlesen<\/a><\/p>\n","protected":false},"author":1,"featured_media":0,"parent":0,"menu_order":0,"comment_status":"closed","ping_status":"closed","template":"","meta":{"footnotes":""},"class_list":["post-261","page","type-page","status-publish","hentry","entry"],"featured_image_urls_v2":{"full":"","thumbnail":"","medium":"","medium_large":"","large":"","1536x1536":"","2048x2048":"","post-thumbnail":""},"post_excerpt_stackable_v2":"<p>Der Staat scheint Sam Sam aufgegeben zu haben. Es gibt kaum Gesundheits- oder Bildungsinfrastrukturen und auch kein Interesse an deren Aufbau. Deshalb sind Arbeitslosigkeit und Analphabetentum hier h\u00f6her als im Landesdurchschnitt. Bauprojekte in Sam Sam versuchen, die Grundbed\u00fcrfnisse der Nachbarschaft zu decken. Vom Bau einer Apotheke, die kostenlose medizinische Hilfe und Behandlung bietet, bis hin zum Bau von Ausbildungszentren, in denen Jugendliche unterrichtet werden. Von einer Schneiderausbildung, bis zum Kochen sowie Restaurieren und Renovieren kann hier gelernt werden und bald auch Tischlerei. KlinikLeer m\u00e1sAgrarwirtschaftLeer m\u00e1sKalasans SchuleLeer m\u00e1s<\/p>\n","category_list_v2":"","author_info_v2":{"name":"samsam_admin","url":"https:\/\/proyectosamsam.org\/de\/author\/samsam_admin\/"},"comments_num_v2":"0 comments","yoast_head":"<!-- This site is optimized with the Yoast SEO plugin v27.3 - https:\/\/yoast.com\/product\/yoast-seo-wordpress\/ -->\n<title>Bau und Infrastruktur Projekte | Sam Sam Projekte<\/title>\n<meta name=\"description\" content=\"Die Bauprojekte in Sam Sam decken die Grundbed\u00fcrfnisse der Nachbarschaftsinfrastruktur ab: Gesundheitsstationen und Ausbildungszentren.\" \/>\n<meta name=\"robots\" content=\"noindex, follow, max-snippet:-1, max-image-preview:large, max-video-preview:-1\" \/>\n<meta property=\"og:locale\" content=\"de_DE\" \/>\n<meta property=\"og:type\" content=\"article\" \/>\n<meta property=\"og:title\" content=\"Bau und Infrastruktur Projekte | Sam Sam Projekte\" \/>\n<meta property=\"og:description\" content=\"Die Bauprojekte in Sam Sam decken die Grundbed\u00fcrfnisse der Nachbarschaftsinfrastruktur ab: Gesundheitsstationen und Ausbildungszentren.\" \/>\n<meta property=\"og:url\" content=\"https:\/\/proyectosamsam.org\/de\/bau-projekte\/\" \/>\n<meta property=\"og:site_name\" content=\"Proyectos Sam Sam\" \/>\n<meta property=\"article:modified_time\" content=\"2023-10-29T09:03:53+00:00\" \/>\n<meta name=\"twitter:card\" content=\"summary_large_image\" \/>\n<meta name=\"twitter:label1\" content=\"Gesch\u00e4tzte Lesezeit\" \/>\n\t<meta name=\"twitter:data1\" content=\"1\u00a0Minute\" \/>\n<script type=\"application\/ld+json\" class=\"yoast-schema-graph\">{\"@context\":\"https:\\\/\\\/schema.org\",\"@graph\":[{\"@type\":\"WebPage\",\"@id\":\"https:\\\/\\\/proyectosamsam.org\\\/de\\\/bau-projekte\\\/\",\"url\":\"https:\\\/\\\/proyectosamsam.org\\\/de\\\/bau-projekte\\\/\",\"name\":\"Bau und Infrastruktur Projekte | Sam Sam Projekte\",\"isPartOf\":{\"@id\":\"https:\\\/\\\/proyectosamsam.org\\\/de\\\/#website\"},\"datePublished\":\"2021-10-31T10:57:18+00:00\",\"dateModified\":\"2023-10-29T09:03:53+00:00\",\"description\":\"Die Bauprojekte in Sam Sam decken die Grundbed\u00fcrfnisse der Nachbarschaftsinfrastruktur ab: Gesundheitsstationen und Ausbildungszentren.\",\"breadcrumb\":{\"@id\":\"https:\\\/\\\/proyectosamsam.org\\\/de\\\/bau-projekte\\\/#breadcrumb\"},\"inLanguage\":\"de\",\"potentialAction\":[{\"@type\":\"ReadAction\",\"target\":[\"https:\\\/\\\/proyectosamsam.org\\\/de\\\/bau-projekte\\\/\"]}]},{\"@type\":\"BreadcrumbList\",\"@id\":\"https:\\\/\\\/proyectosamsam.org\\\/de\\\/bau-projekte\\\/#breadcrumb\",\"itemListElement\":[{\"@type\":\"ListItem\",\"position\":1,\"name\":\"Home\",\"item\":\"https:\\\/\\\/proyectosamsam.org\\\/de\\\/\"},{\"@type\":\"ListItem\",\"position\":2,\"name\":\"\u200bBau und Infrastruktur\"}]},{\"@type\":\"WebSite\",\"@id\":\"https:\\\/\\\/proyectosamsam.org\\\/de\\\/#website\",\"url\":\"https:\\\/\\\/proyectosamsam.org\\\/de\\\/\",\"name\":\"Proyectos Sam Sam\",\"description\":\"Sitio de Proyectos Sam Sam\",\"publisher\":{\"@id\":\"https:\\\/\\\/proyectosamsam.org\\\/de\\\/#organization\"},\"potentialAction\":[{\"@type\":\"SearchAction\",\"target\":{\"@type\":\"EntryPoint\",\"urlTemplate\":\"https:\\\/\\\/proyectosamsam.org\\\/de\\\/?s={search_term_string}\"},\"query-input\":{\"@type\":\"PropertyValueSpecification\",\"valueRequired\":true,\"valueName\":\"search_term_string\"}}],\"inLanguage\":\"de\"},{\"@type\":\"Organization\",\"@id\":\"https:\\\/\\\/proyectosamsam.org\\\/de\\\/#organization\",\"name\":\"Proyectos Sam Sam\",\"url\":\"https:\\\/\\\/proyectosamsam.org\\\/de\\\/\",\"logo\":{\"@type\":\"ImageObject\",\"inLanguage\":\"de\",\"@id\":\"https:\\\/\\\/proyectosamsam.org\\\/de\\\/#\\\/schema\\\/logo\\\/image\\\/\",\"url\":\"https:\\\/\\\/proyectosamsam.org\\\/de\\\/wp-content\\\/uploads\\\/2021\\\/10\\\/Logo-Web.png\",\"contentUrl\":\"https:\\\/\\\/proyectosamsam.org\\\/de\\\/wp-content\\\/uploads\\\/2021\\\/10\\\/Logo-Web.png\",\"width\":214,\"height\":86,\"caption\":\"Proyectos Sam Sam\"},\"image\":{\"@id\":\"https:\\\/\\\/proyectosamsam.org\\\/de\\\/#\\\/schema\\\/logo\\\/image\\\/\"}}]}<\/script>\n<!-- \/ Yoast SEO plugin. -->","yoast_head_json":{"title":"Bau und Infrastruktur Projekte | Sam Sam Projekte","description":"Die Bauprojekte in Sam Sam decken die Grundbed\u00fcrfnisse der Nachbarschaftsinfrastruktur ab: Gesundheitsstationen und Ausbildungszentren.","robots":{"index":"noindex","follow":"follow","max-snippet":"max-snippet:-1","max-image-preview":"max-image-preview:large","max-video-preview":"max-video-preview:-1"},"og_locale":"de_DE","og_type":"article","og_title":"Bau und Infrastruktur Projekte | Sam Sam Projekte","og_description":"Die Bauprojekte in Sam Sam decken die Grundbed\u00fcrfnisse der Nachbarschaftsinfrastruktur ab: Gesundheitsstationen und Ausbildungszentren.","og_url":"https:\/\/proyectosamsam.org\/de\/bau-projekte\/","og_site_name":"Proyectos Sam Sam","article_modified_time":"2023-10-29T09:03:53+00:00","twitter_card":"summary_large_image","twitter_misc":{"Gesch\u00e4tzte Lesezeit":"1\u00a0Minute"},"schema":{"@context":"https:\/\/schema.org","@graph":[{"@type":"WebPage","@id":"https:\/\/proyectosamsam.org\/de\/bau-projekte\/","url":"https:\/\/proyectosamsam.org\/de\/bau-projekte\/","name":"Bau und Infrastruktur Projekte | Sam Sam Projekte","isPartOf":{"@id":"https:\/\/proyectosamsam.org\/de\/#website"},"datePublished":"2021-10-31T10:57:18+00:00","dateModified":"2023-10-29T09:03:53+00:00","description":"Die Bauprojekte in Sam Sam decken die Grundbed\u00fcrfnisse der Nachbarschaftsinfrastruktur ab: Gesundheitsstationen und Ausbildungszentren.","breadcrumb":{"@id":"https:\/\/proyectosamsam.org\/de\/bau-projekte\/#breadcrumb"},"inLanguage":"de","potentialAction":[{"@type":"ReadAction","target":["https:\/\/proyectosamsam.org\/de\/bau-projekte\/"]}]},{"@type":"BreadcrumbList","@id":"https:\/\/proyectosamsam.org\/de\/bau-projekte\/#breadcrumb","itemListElement":[{"@type":"ListItem","position":1,"name":"Home","item":"https:\/\/proyectosamsam.org\/de\/"},{"@type":"ListItem","position":2,"name":"\u200bBau und Infrastruktur"}]},{"@type":"WebSite","@id":"https:\/\/proyectosamsam.org\/de\/#website","url":"https:\/\/proyectosamsam.org\/de\/","name":"Proyectos Sam Sam","description":"Sitio de Proyectos Sam Sam","publisher":{"@id":"https:\/\/proyectosamsam.org\/de\/#organization"},"potentialAction":[{"@type":"SearchAction","target":{"@type":"EntryPoint","urlTemplate":"https:\/\/proyectosamsam.org\/de\/?s={search_term_string}"},"query-input":{"@type":"PropertyValueSpecification","valueRequired":true,"valueName":"search_term_string"}}],"inLanguage":"de"},{"@type":"Organization","@id":"https:\/\/proyectosamsam.org\/de\/#organization","name":"Proyectos Sam Sam","url":"https:\/\/proyectosamsam.org\/de\/","logo":{"@type":"ImageObject","inLanguage":"de","@id":"https:\/\/proyectosamsam.org\/de\/#\/schema\/logo\/image\/","url":"https:\/\/proyectosamsam.org\/de\/wp-content\/uploads\/2021\/10\/Logo-Web.png","contentUrl":"https:\/\/proyectosamsam.org\/de\/wp-content\/uploads\/2021\/10\/Logo-Web.png","width":214,"height":86,"caption":"Proyectos Sam Sam"},"image":{"@id":"https:\/\/proyectosamsam.org\/de\/#\/schema\/logo\/image\/"}}]}},"_links":{"self":[{"href":"https:\/\/proyectosamsam.org\/de\/wp-json\/wp\/v2\/pages\/261","targetHints":{"allow":["GET"]}}],"collection":[{"href":"https:\/\/proyectosamsam.org\/de\/wp-json\/wp\/v2\/pages"}],"about":[{"href":"https:\/\/proyectosamsam.org\/de\/wp-json\/wp\/v2\/types\/page"}],"author":[{"embeddable":true,"href":"https:\/\/proyectosamsam.org\/de\/wp-json\/wp\/v2\/users\/1"}],"replies":[{"embeddable":true,"href":"https:\/\/proyectosamsam.org\/de\/wp-json\/wp\/v2\/comments?post=261"}],"version-history":[{"count":20,"href":"https:\/\/proyectosamsam.org\/de\/wp-json\/wp\/v2\/pages\/261\/revisions"}],"predecessor-version":[{"id":991,"href":"https:\/\/proyectosamsam.org\/de\/wp-json\/wp\/v2\/pages\/261\/revisions\/991"}],"wp:attachment":[{"href":"https:\/\/proyectosamsam.org\/de\/wp-json\/wp\/v2\/media?parent=261"}],"curies":[{"name":"wp","href":"https:\/\/api.w.org\/{rel}","templated":true}]}}