{"id":315,"date":"2021-10-31T19:21:52","date_gmt":"2021-10-31T19:21:52","guid":{"rendered":"https:\/\/proyectosamsam.org\/de\/?page_id=315"},"modified":"2023-11-05T19:46:35","modified_gmt":"2023-11-05T19:46:35","slug":"nutzungsbedingungen-sam-sam-projekte","status":"publish","type":"page","link":"https:\/\/proyectosamsam.org\/de\/nutzungsbedingungen-sam-sam-projekte\/","title":{"rendered":"Nutzungsbedingungen"},"content":{"rendered":"\n<h2 class=\"wp-block-heading\">Webseite<\/h2>\n\n\n\n<p><strong>In Kraft der Verordnung 2016\/679 des Europ\u00e4ischen Parlaments und des Rates vom 27. April 2016 und der LOPD GDD 3\/2018 zum Schutz nat\u00fcrlicher Personen bei der Verarbeitung und dem freien Verkehr personenbezogener Daten gilt folgende Informationsklausel:<\/strong><\/p>\n\n\n\n<p>NICOL\u00c1S BARR\u00c9 SOLIDARIDAD verarbeitet Bilder und Videos in seinen eigenen Medien (Webseite, Ver\u00f6ffentlichungen, eigene soziale Netzwerke).<\/p>\n\n\n\n<p>Die Absicht dieser Medien besteht darin, die T\u00e4tigkeit der gemeinn\u00fctzigen Organisation ohne jegliche kommerzielle Nutzung zu zeigen.<\/p>\n\n\n\n<p>Identit\u00e4t: NICOL\u00c1S BARR\u00c9 SOLIDARIDAD \u2013 C.I.F.: R2000145I<\/p>\n\n\n\n<p>Postanschrift: Ponzano 54, 5\u00ba B (28003 Madrid)<\/p>\n\n\n\n<p><a href=\"Telefon: 91 441 84 16\">Telefon: 91 441 84 16<\/a><\/p>\n\n\n\n<p><a href=\"E-Mail: p.alfaomega@gmail.com.\">E-Mail:\u00a0 p.alfaomega@gmail.com\u00a0<\/a><\/p>\n\n\n\n<p>Die bereitgestellten Daten werden so lange aufbewahrt, wie es zur Erf\u00fcllung gesetzlicher Verpflichtungen erforderlich ist. Eine Weitergabe der Daten an Dritte erfolgt nicht, sofern keine gesetzliche Verpflichtung besteht. Sie haben das Recht, eine Best\u00e4tigung dar\u00fcber zu erhalten, ob NICOL\u00c1S BARR\u00c9 SOLIDARIDAD Ihre personenbezogenen Daten verarbeitet. Daher haben Sie das Recht, auf Ihre personenbezogenen Daten zuzugreifen, unrichtige Daten zu berichtigen oder deren L\u00f6schung zu verlangen, wenn die Daten nicht mehr erforderlich sind.<\/p>\n\n\n\n<p>Ebenso informieren wir Sie dar\u00fcber, dass wir Ihre Rechte im Rahmen des Verfahrens zur Aus\u00fcbung von Rechten durch interessierte Parteien (Zugriff, Berichtigung, L\u00f6schung\/Sperrung, Widerspruch und \u00dcbertragbarkeit) verteidigen.<\/p>\n\n\n\n<h2 class=\"wp-block-heading\">Soziale Netzwerke<\/h2>\n\n\n\n<p><strong>In Kraft der Verordnung 2016\/679 des Europ\u00e4ischen Parlaments und des Rates vom 27. April 2016 und der LOPD GDD 3\/2018 zum Schutz nat\u00fcrlicher Personen bei der Verarbeitung und dem freien Verkehr personenbezogener Daten gilt folgende Informationsklausel:<\/strong><\/p>\n\n\n\n<p>NICOL\u00c1S BARR\u00c9 SOLIDARIDAD nutzt mehrere soziale Netzwerke, um seine eigenen Aktivit\u00e4ten zu informieren und zu verbreiten. Ziel dieser Medien ist es, die T\u00e4tigkeit der gemeinn\u00fctzigen Organisation ohne jegliche kommerzielle Nutzung darzustellen.<\/p>\n\n\n\n<p>Diese Aktivit\u00e4ten beschr\u00e4nken sich auf:<\/p>\n\n\n\n<ol class=\"wp-block-list\" type=\"1\">\n<li>Aktivit\u00e4ten der gemeinn\u00fctzigen Organisation.<\/li>\n\n\n\n<li>Verbreitung aller externen Aktivit\u00e4ten, an denen die gemeinn\u00fctzige Organisation teilnimmt. Sein Ursprung ist sehr vielf\u00e4ltig und seine Zielgruppe ist die breite \u00d6ffentlichkeit, sowohl in Spanien als auch weltweit. Die Absicht dieser Ver\u00f6ffentlichung besteht darin, angesichts der Bedeutung der durchgef\u00fchrten Arbeiten davon auszugehen, dass diese der breiten \u00d6ffentlichkeit und nicht nur den Beg\u00fcnstigten bekannt sein sollten. Diese Aktivit\u00e4ten verfolgen, wie auch unsere eigenen, keinen kommerziellen Zweck.<\/li>\n<\/ol>\n\n\n\n<p>Die Twitter-, Instagram- und Facebook-Konten sind ausschlie\u00dfliches Eigentum von NICOL\u00c1S BARR\u00c9 SOLIDARIDAD.<\/p>\n\n\n\n<p>Die Bereitstellung von Daten und Bildern richtet sich nach der Verarbeitung von Bilddaten in eigenen Kommunikationsmedien. Diese Verarbeitung erfordert zwingend die Zustimmung der Personen, deren personenbezogene Daten ver\u00f6ffentlicht werden. Die Bearbeitung der Ver\u00f6ffentlichungen erfolgt ausschlie\u00dflich intern.<\/p>\n\n\n\n<p>Niemand, der nicht zu NICOL\u00c1S BARR\u00c9 SOLIDARIDAD (oder dem Social-Media-Team der gemeinn\u00fctzigen Organisation, falls vorhanden) geh\u00f6rt, ist berechtigt, Informationen auf Twitter, Facebook oder Instagram oder anderen eigenen sozialen Netzwerken zu ver\u00f6ffentlichen. Auf jede Anfrage von Beg\u00fcnstigten oder Personen, deren personenbezogene Daten ver\u00f6ffentlicht werden, erfolgt eine sofortige Reaktion der Redaktion mit der Berichtigung oder L\u00f6schung der angeforderten Informationen.<\/p>\n\n\n\n<p>Die Vernichtung der Daten erfolgt ausschlie\u00dflich durch die Verantwortlichen von NICOL\u00c1S BARR\u00c9 SOLIDARIDAD (oder das Social-Media-Team der gemeinn\u00fctzigen Organisation, falls vorhanden). NICOL\u00c1S BARR\u00c9 SOLIDARIDAD ist f\u00fcr alle Daten verantwortlich, die auf Twitter-, Instagram- und Facebook-Konten oder anderen sozialen Netzwerken verarbeitet werden (ausschlie\u00dfliches Eigentum der gemeinn\u00fctzigen Organisation). Au\u00dferhalb des beschriebenen Umfangs (Twitter, Instagram, Facebook oder andere ausschlie\u00dflich der gemeinn\u00fctzigen Organisation geh\u00f6rende soziale Netzwerke) ist das Institut nicht f\u00fcr die dort verarbeiteten Kommentare, Bilder, Videos verantwortlich. Recht auf Auskunft, Berichtigung, L\u00f6schung\/Sperrung, Widerspruch und \u00dcbertragbarkeit Identit\u00e4t: NICOL\u00c1S BARR\u00c9 SOLIDARIDAD \u2013 C.I.F.: R2000145I Postanschrift: Calle Ponzano 54, 5\u00ba B (28003 Madrid) Telefon: 91 441 84 16 E-Mail: p.alfaomega@gmail.com.<\/p>\n\n\n\n<p>Die bereitgestellten Daten werden so lange aufbewahrt, wie es zur Erf\u00fcllung gesetzlicher Verpflichtungen erforderlich ist. Eine Weitergabe der Daten an Dritte erfolgt nicht, sofern keine gesetzliche Verpflichtung besteht. Sie haben das Recht, eine Best\u00e4tigung dar\u00fcber zu erhalten, ob wir bei NICOL\u00c1S BARR\u00c9 SOLIDARIDAD Ihre personenbezogenen Daten verarbeiten.Daher haben Sie das Recht, auf Ihre personenbezogenen Daten zuzugreifen, unrichtige Daten zu berichtigen oder deren L\u00f6schung zu verlangen, wenn die Daten nicht mehr erforderlich sind.<\/p>\n","protected":false},"excerpt":{"rendered":"<p>Webseite In Kraft der Verordnung 2016\/679 des Europ\u00e4ischen Parlaments und des Rates vom 27. April 2016 und der LOPD GDD 3\/2018 zum Schutz nat\u00fcrlicher Personen bei der Verarbeitung und dem freien Verkehr personenbezogener Daten gilt folgende Informationsklausel: NICOL\u00c1S BARR\u00c9 SOLIDARIDAD verarbeitet Bilder und Videos in seinen eigenen Medien (Webseite, Ver\u00f6ffentlichungen, eigene soziale Netzwerke). Die Absicht&hellip; <a class=\"more-link\" href=\"https:\/\/proyectosamsam.org\/de\/nutzungsbedingungen-sam-sam-projekte\/\"><span class=\"screen-reader-text\">Nutzungsbedingungen<\/span> weiterlesen<\/a><\/p>\n","protected":false},"author":1,"featured_media":0,"parent":0,"menu_order":0,"comment_status":"closed","ping_status":"closed","template":"","meta":{"footnotes":""},"class_list":["post-315","page","type-page","status-publish","hentry","entry"],"featured_image_urls_v2":{"full":"","thumbnail":"","medium":"","medium_large":"","large":"","1536x1536":"","2048x2048":"","post-thumbnail":""},"post_excerpt_stackable_v2":"<p>Webseite In Kraft der Verordnung 2016\/679 des Europ\u00e4ischen Parlaments und des Rates vom 27. April 2016 und der LOPD GDD 3\/2018 zum Schutz nat\u00fcrlicher Personen bei der Verarbeitung und dem freien Verkehr personenbezogener Daten gilt folgende Informationsklausel: NICOL\u00c1S BARR\u00c9 SOLIDARIDAD verarbeitet Bilder und Videos in seinen eigenen Medien (Webseite, Ver\u00f6ffentlichungen, eigene soziale Netzwerke). Die Absicht dieser Medien besteht darin, die T\u00e4tigkeit der gemeinn\u00fctzigen Organisation ohne jegliche kommerzielle Nutzung zu zeigen. Identit\u00e4t: NICOL\u00c1S BARR\u00c9 SOLIDARIDAD \u2013 C.I.F.: R2000145I Postanschrift: Ponzano 54, 5\u00ba B (28003 Madrid) Telefon: 91 441 84 16 E-Mail:\u00a0 p.alfaomega@gmail.com\u00a0 Die bereitgestellten Daten werden so lange aufbewahrt, wie es&hellip;<\/p>\n","category_list_v2":"","author_info_v2":{"name":"samsam_admin","url":"https:\/\/proyectosamsam.org\/de\/author\/samsam_admin\/"},"comments_num_v2":"0 comments","yoast_head":"<!-- This site is optimized with the Yoast SEO plugin v27.5 - https:\/\/yoast.com\/product\/yoast-seo-wordpress\/ -->\n<title>Nutzungsbedingungen - Proyectos Sam Sam<\/title>\n<meta name=\"description\" content=\"Nutzungsbedingungen Sam Sam Projekte\" \/>\n<meta name=\"robots\" content=\"noindex, follow, max-snippet:-1, max-image-preview:large, max-video-preview:-1\" \/>\n<meta property=\"og:locale\" content=\"de_DE\" \/>\n<meta property=\"og:type\" content=\"article\" \/>\n<meta property=\"og:title\" content=\"Nutzungsbedingungen - Proyectos Sam Sam\" \/>\n<meta property=\"og:description\" content=\"Nutzungsbedingungen Sam Sam Projekte\" \/>\n<meta property=\"og:url\" content=\"https:\/\/proyectosamsam.org\/de\/nutzungsbedingungen-sam-sam-projekte\/\" \/>\n<meta property=\"og:site_name\" content=\"Proyectos Sam Sam\" \/>\n<meta property=\"article:modified_time\" content=\"2023-11-05T19:46:35+00:00\" \/>\n<meta name=\"twitter:card\" content=\"summary_large_image\" \/>\n<meta name=\"twitter:label1\" content=\"Gesch\u00e4tzte Lesezeit\" \/>\n\t<meta name=\"twitter:data1\" content=\"4\u00a0Minuten\" \/>\n<script type=\"application\/ld+json\" class=\"yoast-schema-graph\">{\"@context\":\"https:\\\/\\\/schema.org\",\"@graph\":[{\"@type\":\"WebPage\",\"@id\":\"https:\\\/\\\/proyectosamsam.org\\\/de\\\/nutzungsbedingungen-sam-sam-projekte\\\/\",\"url\":\"https:\\\/\\\/proyectosamsam.org\\\/de\\\/nutzungsbedingungen-sam-sam-projekte\\\/\",\"name\":\"Nutzungsbedingungen - Proyectos Sam Sam\",\"isPartOf\":{\"@id\":\"https:\\\/\\\/proyectosamsam.org\\\/de\\\/#website\"},\"datePublished\":\"2021-10-31T19:21:52+00:00\",\"dateModified\":\"2023-11-05T19:46:35+00:00\",\"description\":\"Nutzungsbedingungen Sam Sam Projekte\",\"breadcrumb\":{\"@id\":\"https:\\\/\\\/proyectosamsam.org\\\/de\\\/nutzungsbedingungen-sam-sam-projekte\\\/#breadcrumb\"},\"inLanguage\":\"de\",\"potentialAction\":[{\"@type\":\"ReadAction\",\"target\":[\"https:\\\/\\\/proyectosamsam.org\\\/de\\\/nutzungsbedingungen-sam-sam-projekte\\\/\"]}]},{\"@type\":\"BreadcrumbList\",\"@id\":\"https:\\\/\\\/proyectosamsam.org\\\/de\\\/nutzungsbedingungen-sam-sam-projekte\\\/#breadcrumb\",\"itemListElement\":[{\"@type\":\"ListItem\",\"position\":1,\"name\":\"Home\",\"item\":\"https:\\\/\\\/proyectosamsam.org\\\/de\\\/\"},{\"@type\":\"ListItem\",\"position\":2,\"name\":\"Nutzungsbedingungen\"}]},{\"@type\":\"WebSite\",\"@id\":\"https:\\\/\\\/proyectosamsam.org\\\/de\\\/#website\",\"url\":\"https:\\\/\\\/proyectosamsam.org\\\/de\\\/\",\"name\":\"Proyectos Sam Sam\",\"description\":\"Sitio de Proyectos Sam Sam\",\"publisher\":{\"@id\":\"https:\\\/\\\/proyectosamsam.org\\\/de\\\/#organization\"},\"potentialAction\":[{\"@type\":\"SearchAction\",\"target\":{\"@type\":\"EntryPoint\",\"urlTemplate\":\"https:\\\/\\\/proyectosamsam.org\\\/de\\\/?s={search_term_string}\"},\"query-input\":{\"@type\":\"PropertyValueSpecification\",\"valueRequired\":true,\"valueName\":\"search_term_string\"}}],\"inLanguage\":\"de\"},{\"@type\":\"Organization\",\"@id\":\"https:\\\/\\\/proyectosamsam.org\\\/de\\\/#organization\",\"name\":\"Proyectos Sam Sam\",\"url\":\"https:\\\/\\\/proyectosamsam.org\\\/de\\\/\",\"logo\":{\"@type\":\"ImageObject\",\"inLanguage\":\"de\",\"@id\":\"https:\\\/\\\/proyectosamsam.org\\\/de\\\/#\\\/schema\\\/logo\\\/image\\\/\",\"url\":\"https:\\\/\\\/proyectosamsam.org\\\/de\\\/wp-content\\\/uploads\\\/2021\\\/10\\\/Logo-Web.png\",\"contentUrl\":\"https:\\\/\\\/proyectosamsam.org\\\/de\\\/wp-content\\\/uploads\\\/2021\\\/10\\\/Logo-Web.png\",\"width\":214,\"height\":86,\"caption\":\"Proyectos Sam Sam\"},\"image\":{\"@id\":\"https:\\\/\\\/proyectosamsam.org\\\/de\\\/#\\\/schema\\\/logo\\\/image\\\/\"}}]}<\/script>\n<!-- \/ Yoast SEO plugin. -->","yoast_head_json":{"title":"Nutzungsbedingungen - Proyectos Sam Sam","description":"Nutzungsbedingungen Sam Sam Projekte","robots":{"index":"noindex","follow":"follow","max-snippet":"max-snippet:-1","max-image-preview":"max-image-preview:large","max-video-preview":"max-video-preview:-1"},"og_locale":"de_DE","og_type":"article","og_title":"Nutzungsbedingungen - Proyectos Sam Sam","og_description":"Nutzungsbedingungen Sam Sam Projekte","og_url":"https:\/\/proyectosamsam.org\/de\/nutzungsbedingungen-sam-sam-projekte\/","og_site_name":"Proyectos Sam Sam","article_modified_time":"2023-11-05T19:46:35+00:00","twitter_card":"summary_large_image","twitter_misc":{"Gesch\u00e4tzte Lesezeit":"4\u00a0Minuten"},"schema":{"@context":"https:\/\/schema.org","@graph":[{"@type":"WebPage","@id":"https:\/\/proyectosamsam.org\/de\/nutzungsbedingungen-sam-sam-projekte\/","url":"https:\/\/proyectosamsam.org\/de\/nutzungsbedingungen-sam-sam-projekte\/","name":"Nutzungsbedingungen - Proyectos Sam Sam","isPartOf":{"@id":"https:\/\/proyectosamsam.org\/de\/#website"},"datePublished":"2021-10-31T19:21:52+00:00","dateModified":"2023-11-05T19:46:35+00:00","description":"Nutzungsbedingungen Sam Sam Projekte","breadcrumb":{"@id":"https:\/\/proyectosamsam.org\/de\/nutzungsbedingungen-sam-sam-projekte\/#breadcrumb"},"inLanguage":"de","potentialAction":[{"@type":"ReadAction","target":["https:\/\/proyectosamsam.org\/de\/nutzungsbedingungen-sam-sam-projekte\/"]}]},{"@type":"BreadcrumbList","@id":"https:\/\/proyectosamsam.org\/de\/nutzungsbedingungen-sam-sam-projekte\/#breadcrumb","itemListElement":[{"@type":"ListItem","position":1,"name":"Home","item":"https:\/\/proyectosamsam.org\/de\/"},{"@type":"ListItem","position":2,"name":"Nutzungsbedingungen"}]},{"@type":"WebSite","@id":"https:\/\/proyectosamsam.org\/de\/#website","url":"https:\/\/proyectosamsam.org\/de\/","name":"Proyectos Sam Sam","description":"Sitio de Proyectos Sam Sam","publisher":{"@id":"https:\/\/proyectosamsam.org\/de\/#organization"},"potentialAction":[{"@type":"SearchAction","target":{"@type":"EntryPoint","urlTemplate":"https:\/\/proyectosamsam.org\/de\/?s={search_term_string}"},"query-input":{"@type":"PropertyValueSpecification","valueRequired":true,"valueName":"search_term_string"}}],"inLanguage":"de"},{"@type":"Organization","@id":"https:\/\/proyectosamsam.org\/de\/#organization","name":"Proyectos Sam Sam","url":"https:\/\/proyectosamsam.org\/de\/","logo":{"@type":"ImageObject","inLanguage":"de","@id":"https:\/\/proyectosamsam.org\/de\/#\/schema\/logo\/image\/","url":"https:\/\/proyectosamsam.org\/de\/wp-content\/uploads\/2021\/10\/Logo-Web.png","contentUrl":"https:\/\/proyectosamsam.org\/de\/wp-content\/uploads\/2021\/10\/Logo-Web.png","width":214,"height":86,"caption":"Proyectos Sam Sam"},"image":{"@id":"https:\/\/proyectosamsam.org\/de\/#\/schema\/logo\/image\/"}}]}},"_links":{"self":[{"href":"https:\/\/proyectosamsam.org\/de\/wp-json\/wp\/v2\/pages\/315","targetHints":{"allow":["GET"]}}],"collection":[{"href":"https:\/\/proyectosamsam.org\/de\/wp-json\/wp\/v2\/pages"}],"about":[{"href":"https:\/\/proyectosamsam.org\/de\/wp-json\/wp\/v2\/types\/page"}],"author":[{"embeddable":true,"href":"https:\/\/proyectosamsam.org\/de\/wp-json\/wp\/v2\/users\/1"}],"replies":[{"embeddable":true,"href":"https:\/\/proyectosamsam.org\/de\/wp-json\/wp\/v2\/comments?post=315"}],"version-history":[{"count":13,"href":"https:\/\/proyectosamsam.org\/de\/wp-json\/wp\/v2\/pages\/315\/revisions"}],"predecessor-version":[{"id":1075,"href":"https:\/\/proyectosamsam.org\/de\/wp-json\/wp\/v2\/pages\/315\/revisions\/1075"}],"wp:attachment":[{"href":"https:\/\/proyectosamsam.org\/de\/wp-json\/wp\/v2\/media?parent=315"}],"curies":[{"name":"wp","href":"https:\/\/api.w.org\/{rel}","templated":true}]}}