{"id":317,"date":"2021-10-31T19:22:09","date_gmt":"2021-10-31T19:22:09","guid":{"rendered":"https:\/\/proyectosamsam.org\/de\/?page_id=317"},"modified":"2023-11-25T07:13:04","modified_gmt":"2023-11-25T07:13:04","slug":"spenden-sam-sam","status":"publish","type":"page","link":"https:\/\/proyectosamsam.org\/de\/spenden-sam-sam\/","title":{"rendered":"Spenden"},"content":{"rendered":"\n<p>Es wird um Spenden gebeten, unabh\u00e4ngig davon, ob es sich um eine im Voraus festgelegte H\u00f6he (30, 50, 100 Euro) oder einen anderen Betrag auf monatlicher, viertelj\u00e4hrlicher oder j\u00e4hrlicher Basis handelt. Die M\u00f6glichkeiten, diese Spende zu t\u00e4tigen, sind auf unserer Webseite www.proyectosamsam.org angegeben.<\/p>\n\n\n\n<p><strong>NICOL\u00c1S BARR\u00c9 SOLIDARIDAD<\/strong> ist eine gemeinn\u00fctzige Organisation, die Solidarit\u00e4tsprojekte in Dakar (Senegal) durchf\u00fchrt, um die Entwicklung der am st\u00e4rksten benachteiligten Viertel zu unterst\u00fctzen und das Bewusstsein der spanischen Bev\u00f6lkerung und der \u00fcbrigen L\u00e4nder der Welt zu sch\u00e4rfen. Die gesamte Sammlung des Unternehmens ist ausschlie\u00dflich f\u00fcr <strong>SAM SAM PROJEKTE<\/strong> bestimmt.<\/p>\n\n\n\n<p>Unsere Einnahmen stammen aus eigenen Quellen und aus Spenden Dritter. Die neuen M\u00f6glichkeiten zur Kanalisierung bestehender Hilfen und Spenden dank neuer Technologien erm\u00f6glichen es der gemeinn\u00fctzigen Organisation, von der \u00d6ffentlichkeit Finanzierung f\u00fcr ihre eigenen Projekte zu beantragen, bei denen es an Ressourcen mangelt und die auf deren Bedarf zugeschnitten sind.<\/p>\n\n\n\n<p>Mit dem Beitrag werden Projekte in den Bereichen Bildung, Gesundheit, Landwirtschaft, soziale Entwicklung und Frauenf\u00f6rderung finanziert, mit dem Ziel, die umfassende Entwicklung der Menschen in s\u00fcdlichen L\u00e4ndern ausschlie\u00dflich in eigenen Projekten zu unterst\u00fctzen.<\/p>\n\n\n\n<p>Die Zusammenarbeit darf niemals f\u00fcr kriegerische oder parteiische Zwecke genutzt werden oder Gewalt oder Aggression gegen Mensch oder Natur beinhalten.<\/p>\n\n\n\n<h2 class=\"wp-block-heading\">Handlungsspielraum<\/h2>\n\n\n\n<p><strong>NICOL\u00c1S BARR\u00c9 SOLIDARIDAD<\/strong> hat die Steueridentifikationsnummer R-2000145I. Die Sozial- und Kontaktadresse lautet Calle Ponzano 54, 5\u00ba B \u2013 28003 Madrid \u2013 Spanien \u2013 Telefon: 91 441 84 16 und E-Mail <a href=\"mailto:p.alfaomega@gmail.com\">p.alfaomega@gmail.com<\/a>.<\/p>\n\n\n\n<p>Aufgrund seiner Rechtsnatur ist <strong>NICOL\u00c1S BARR\u00c9 SOLIDARIDAD<\/strong> eine gemeinn\u00fctzige Einrichtung im Sinne des Gesetzes 49\/2002.<\/p>\n\n\n\n<p>Bez\u00fcglich der Spendenaufforderung wird ausdr\u00fccklich darauf hingewiesen, dass alle Ma\u00dfnahmen zur Spendengewinnung im Einklang mit der diesbez\u00fcglichen spanischen Gesetzgebung stehen.<\/p>\n\n\n\n<p>Von besonderer Bedeutung ist in diesem Zusammenhang die Einhaltung des Gesetzes 10\/2010 zur Verhinderung von Geldw\u00e4sche und Terrorismusfinanzierung.<\/p>\n\n\n\n<p>Wir erw\u00e4hnen auch ausdr\u00fccklich die strikte Einhaltung der geltenden Steuergesetze. Konkrete Informationen zum Stand vom 19.12.2021. Die rechtliche Regelung f\u00fcr die oben genannten Erleichterungen ist wie folgt:<\/p>\n\n\n\n<h2 class=\"wp-block-heading\">Steuererleichterungen f\u00fcr Einwohner in Spanien<\/h2>\n\n\n\n<p>Steuererleichterungen Abzug und Befreiung von Spenden nat\u00fcrlicher Personen an die Solidarit\u00e4tsprojekte von <strong>NICOL\u00c1S BARR\u00c9 SOLIDARIDAD<\/strong> als einer K\u00f6rperschaft, die der besonderen Steuerregelung des Gesetzes 49\/2002 vom 23. Dezember unterliegt: <\/p>\n\n\n\n<p>Wenn Sie eine nat\u00fcrliche Person sind, k\u00f6nnen Sie f\u00fcr Beitr\u00e4ge bis zu 150 \u20ac pro Jahr 80% des Gesamtbetrags Ihrer Spenden f\u00fcr dieses Jahr von Ihrer pers\u00f6nlichen Einkommensteuer abziehen. Von diesem Betrag betr\u00e4gt der Abzug 35 % bzw. 40 % (wenn Sie seit mindestens drei aufeinanderfolgenden Jahren mit uns zusammenarbeiten), mit einer Obergrenze von 10 % der Steuerbemessungsgrundlage.<\/p>\n\n\n\n<p>Wenn Sie die Spende als juristische Person t\u00e4tigen, k\u00f6nnen 35% Ihrer gesamten Spenden von der K\u00f6rperschaftssteuer abgezogen werden. Wenn Sie seit mindestens drei aufeinanderfolgenden Jahren mit uns zusammenarbeiten, betr\u00e4gt der Abzug 40% mit einer Obergrenze von 10% der Steuerbemessungsgrundlage. <\/p>\n\n\n\n<p>Wenn Sie eine nat\u00fcrliche oder juristische Person sind, die keinen Wohnsitz in Spanien hat und in unserem Land Eink\u00fcnfte erzielt, erhalten Sie ebenfalls einen Steuervorteil f\u00fcr die H\u00f6he Ihrer Spenden. Sie k\u00f6nnen es auf der Website des Hauptsitzes der Steuerbeh\u00f6rde einsehen.<\/p>\n\n\n\n<p>Wenn Sie in einer autonomen Gemeinschaft wohnen, die einer bestimmten regionalen Regelung unterliegt oder zus\u00e4tzliche Abz\u00fcge f\u00fcr Spenden an NGOs eingef\u00fchrt hat, k\u00f6nnen die geltenden Abz\u00fcge variieren.<\/p>\n\n\n\n<p>Denken Sie daran, dass Sie unbedingt Ihren DNI oder NIF und Ihre Adresse angeben m\u00fcssen, damit wir das Finanzamt \u00fcber die H\u00f6he Ihrer Spenden informieren k\u00f6nnen.<\/p>\n\n\n\n<p>Wenn Sie weitere Informationen zu diesen Steuervorteilen erhalten m\u00f6chten, k\u00f6nnen Sie die Website des Hauptsitzes der Steuerbeh\u00f6rde konsultieren.<\/p>\n\n\n\n<h2 class=\"wp-block-heading\">Vertraulichkeits- und Datenschutzrichtlinie<\/h2>\n\n\n\n<p>Die f\u00fcr die Erstellung der Spendenbescheinigung, die eine Steuererleichterung in der Einkommensteuererkl\u00e4rung des Spenders erm\u00f6glicht, abgefragten personenbezogenen Daten unterliegen den Anforderungen der Gesetze LOPDGDD 3\/2018 und RPGD 2016\/679.<\/p>\n\n\n\n<p>F\u00fcr jede Mitteilung \u00fcber die inh\u00e4renten Rechte des Spenders in Bezug auf seine pers\u00f6nlichen Daten sowie f\u00fcr die Mitteilung von \u00c4nderungen der Adresse, Telefonnummer, Girokonto und E-Mail stellen wir unsere Telefonnummer 91 441 84 16 und die E-Mail-Adresse p.alfaomega@gmail.com, bei der Kommunikation immer \u201eSAM SAM PROJECT SPENDEN\u201c erw\u00e4hnen.<\/p>\n\n\n\n<h2 class=\"wp-block-heading\"><strong>Lieferung von Produkten, Dienstleistungen und deren Garantien<\/strong><\/h2>\n\n\n\n<p>Da es sich um eine bedingungslose Spende handelt, die f\u00fcr allgemeine Zwecke der Solidarit\u00e4tsprojekte des Unternehmens bestimmt ist, ist ihre Verwirklichung weder mit der Lieferung von Produkten oder Dienstleistungen verbunden, noch besteht ein Widerrufsrecht, wie im Gesetz 7\/1996 festgelegt.<\/p>\n\n\n\n<h2 class=\"wp-block-heading\">Danksagung<\/h2>\n\n\n\n<h2 class=\"wp-block-heading has-text-align-center\"><span style=\"color: #dd2e44;\" class=\"ugb-highlight\">VIELEN DANK F\u00dcR IHRE HILFE<\/span><\/h2>\n\n\n\n<p>Mit Ihrer Hilfe k\u00f6nnen wir dazu beitragen, die Lebensbedingungen vieler Menschen zu verbessern.<\/p>\n","protected":false},"excerpt":{"rendered":"<p>Es wird um Spenden gebeten, unabh\u00e4ngig davon, ob es sich um eine im Voraus festgelegte H\u00f6he (30, 50, 100 Euro) oder einen anderen Betrag auf monatlicher, viertelj\u00e4hrlicher oder j\u00e4hrlicher Basis handelt. Die M\u00f6glichkeiten, diese Spende zu t\u00e4tigen, sind auf unserer Webseite www.proyectosamsam.org angegeben. NICOL\u00c1S BARR\u00c9 SOLIDARIDAD ist eine gemeinn\u00fctzige Organisation, die Solidarit\u00e4tsprojekte in Dakar (Senegal)&hellip; <a class=\"more-link\" href=\"https:\/\/proyectosamsam.org\/de\/spenden-sam-sam\/\"><span class=\"screen-reader-text\">Spenden<\/span> weiterlesen<\/a><\/p>\n","protected":false},"author":1,"featured_media":0,"parent":0,"menu_order":0,"comment_status":"closed","ping_status":"closed","template":"","meta":{"footnotes":""},"class_list":["post-317","page","type-page","status-publish","hentry","entry"],"featured_image_urls_v2":{"full":"","thumbnail":"","medium":"","medium_large":"","large":"","1536x1536":"","2048x2048":"","post-thumbnail":""},"post_excerpt_stackable_v2":"<p>Es wird um Spenden gebeten, unabh\u00e4ngig davon, ob es sich um eine im Voraus festgelegte H\u00f6he (30, 50, 100 Euro) oder einen anderen Betrag auf monatlicher, viertelj\u00e4hrlicher oder j\u00e4hrlicher Basis handelt. Die M\u00f6glichkeiten, diese Spende zu t\u00e4tigen, sind auf unserer Webseite www.proyectosamsam.org angegeben. NICOL\u00c1S BARR\u00c9 SOLIDARIDAD ist eine gemeinn\u00fctzige Organisation, die Solidarit\u00e4tsprojekte in Dakar (Senegal) durchf\u00fchrt, um die Entwicklung der am st\u00e4rksten benachteiligten Viertel zu unterst\u00fctzen und das Bewusstsein der spanischen Bev\u00f6lkerung und der \u00fcbrigen L\u00e4nder der Welt zu sch\u00e4rfen. Die gesamte Sammlung des Unternehmens ist ausschlie\u00dflich f\u00fcr SAM SAM PROJEKTE bestimmt. Unsere Einnahmen stammen aus eigenen Quellen und aus&hellip;<\/p>\n","category_list_v2":"","author_info_v2":{"name":"samsam_admin","url":"https:\/\/proyectosamsam.org\/de\/author\/samsam_admin\/"},"comments_num_v2":"0 comments","yoast_head":"<!-- This site is optimized with the Yoast SEO plugin v27.5 - https:\/\/yoast.com\/product\/yoast-seo-wordpress\/ -->\n<title>Spenden | Sam Sam Projekte<\/title>\n<meta name=\"description\" content=\"Spenden an Sam Sam Projekte sind steuerlich absetzbar f\u00fcr Einwohner in Spanieb% des Betrags steuerlich absetzbarb\" \/>\n<meta name=\"robots\" content=\"noindex, follow, max-snippet:-1, max-image-preview:large, max-video-preview:-1\" \/>\n<meta property=\"og:locale\" content=\"de_DE\" \/>\n<meta property=\"og:type\" content=\"article\" \/>\n<meta property=\"og:title\" content=\"Spenden | Sam Sam Projekte\" \/>\n<meta property=\"og:description\" content=\"Spenden an Sam Sam Projekte sind steuerlich absetzbar f\u00fcr Einwohner in Spanieb% des Betrags steuerlich absetzbarb\" \/>\n<meta property=\"og:url\" content=\"https:\/\/proyectosamsam.org\/de\/spenden-sam-sam\/\" \/>\n<meta property=\"og:site_name\" content=\"Proyectos Sam Sam\" \/>\n<meta property=\"article:modified_time\" content=\"2023-11-25T07:13:04+00:00\" \/>\n<meta name=\"twitter:card\" content=\"summary_large_image\" \/>\n<meta name=\"twitter:label1\" content=\"Gesch\u00e4tzte Lesezeit\" \/>\n\t<meta name=\"twitter:data1\" content=\"4\u00a0Minuten\" \/>\n<script type=\"application\/ld+json\" class=\"yoast-schema-graph\">{\"@context\":\"https:\\\/\\\/schema.org\",\"@graph\":[{\"@type\":\"WebPage\",\"@id\":\"https:\\\/\\\/proyectosamsam.org\\\/de\\\/spenden-sam-sam\\\/\",\"url\":\"https:\\\/\\\/proyectosamsam.org\\\/de\\\/spenden-sam-sam\\\/\",\"name\":\"Spenden | Sam Sam Projekte\",\"isPartOf\":{\"@id\":\"https:\\\/\\\/proyectosamsam.org\\\/de\\\/#website\"},\"datePublished\":\"2021-10-31T19:22:09+00:00\",\"dateModified\":\"2023-11-25T07:13:04+00:00\",\"description\":\"Spenden an Sam Sam Projekte sind steuerlich absetzbar f\u00fcr Einwohner in Spanieb% des Betrags steuerlich absetzbarb\",\"breadcrumb\":{\"@id\":\"https:\\\/\\\/proyectosamsam.org\\\/de\\\/spenden-sam-sam\\\/#breadcrumb\"},\"inLanguage\":\"de\",\"potentialAction\":[{\"@type\":\"ReadAction\",\"target\":[\"https:\\\/\\\/proyectosamsam.org\\\/de\\\/spenden-sam-sam\\\/\"]}]},{\"@type\":\"BreadcrumbList\",\"@id\":\"https:\\\/\\\/proyectosamsam.org\\\/de\\\/spenden-sam-sam\\\/#breadcrumb\",\"itemListElement\":[{\"@type\":\"ListItem\",\"position\":1,\"name\":\"Home\",\"item\":\"https:\\\/\\\/proyectosamsam.org\\\/de\\\/\"},{\"@type\":\"ListItem\",\"position\":2,\"name\":\"Spenden\"}]},{\"@type\":\"WebSite\",\"@id\":\"https:\\\/\\\/proyectosamsam.org\\\/de\\\/#website\",\"url\":\"https:\\\/\\\/proyectosamsam.org\\\/de\\\/\",\"name\":\"Proyectos Sam Sam\",\"description\":\"Sitio de Proyectos Sam Sam\",\"publisher\":{\"@id\":\"https:\\\/\\\/proyectosamsam.org\\\/de\\\/#organization\"},\"potentialAction\":[{\"@type\":\"SearchAction\",\"target\":{\"@type\":\"EntryPoint\",\"urlTemplate\":\"https:\\\/\\\/proyectosamsam.org\\\/de\\\/?s={search_term_string}\"},\"query-input\":{\"@type\":\"PropertyValueSpecification\",\"valueRequired\":true,\"valueName\":\"search_term_string\"}}],\"inLanguage\":\"de\"},{\"@type\":\"Organization\",\"@id\":\"https:\\\/\\\/proyectosamsam.org\\\/de\\\/#organization\",\"name\":\"Proyectos Sam Sam\",\"url\":\"https:\\\/\\\/proyectosamsam.org\\\/de\\\/\",\"logo\":{\"@type\":\"ImageObject\",\"inLanguage\":\"de\",\"@id\":\"https:\\\/\\\/proyectosamsam.org\\\/de\\\/#\\\/schema\\\/logo\\\/image\\\/\",\"url\":\"https:\\\/\\\/proyectosamsam.org\\\/de\\\/wp-content\\\/uploads\\\/2021\\\/10\\\/Logo-Web.png\",\"contentUrl\":\"https:\\\/\\\/proyectosamsam.org\\\/de\\\/wp-content\\\/uploads\\\/2021\\\/10\\\/Logo-Web.png\",\"width\":214,\"height\":86,\"caption\":\"Proyectos Sam Sam\"},\"image\":{\"@id\":\"https:\\\/\\\/proyectosamsam.org\\\/de\\\/#\\\/schema\\\/logo\\\/image\\\/\"}}]}<\/script>\n<!-- \/ Yoast SEO plugin. -->","yoast_head_json":{"title":"Spenden | Sam Sam Projekte","description":"Spenden an Sam Sam Projekte sind steuerlich absetzbar f\u00fcr Einwohner in Spanieb% des Betrags steuerlich absetzbarb","robots":{"index":"noindex","follow":"follow","max-snippet":"max-snippet:-1","max-image-preview":"max-image-preview:large","max-video-preview":"max-video-preview:-1"},"og_locale":"de_DE","og_type":"article","og_title":"Spenden | Sam Sam Projekte","og_description":"Spenden an Sam Sam Projekte sind steuerlich absetzbar f\u00fcr Einwohner in Spanieb% des Betrags steuerlich absetzbarb","og_url":"https:\/\/proyectosamsam.org\/de\/spenden-sam-sam\/","og_site_name":"Proyectos Sam Sam","article_modified_time":"2023-11-25T07:13:04+00:00","twitter_card":"summary_large_image","twitter_misc":{"Gesch\u00e4tzte Lesezeit":"4\u00a0Minuten"},"schema":{"@context":"https:\/\/schema.org","@graph":[{"@type":"WebPage","@id":"https:\/\/proyectosamsam.org\/de\/spenden-sam-sam\/","url":"https:\/\/proyectosamsam.org\/de\/spenden-sam-sam\/","name":"Spenden | Sam Sam Projekte","isPartOf":{"@id":"https:\/\/proyectosamsam.org\/de\/#website"},"datePublished":"2021-10-31T19:22:09+00:00","dateModified":"2023-11-25T07:13:04+00:00","description":"Spenden an Sam Sam Projekte sind steuerlich absetzbar f\u00fcr Einwohner in Spanieb% des Betrags steuerlich absetzbarb","breadcrumb":{"@id":"https:\/\/proyectosamsam.org\/de\/spenden-sam-sam\/#breadcrumb"},"inLanguage":"de","potentialAction":[{"@type":"ReadAction","target":["https:\/\/proyectosamsam.org\/de\/spenden-sam-sam\/"]}]},{"@type":"BreadcrumbList","@id":"https:\/\/proyectosamsam.org\/de\/spenden-sam-sam\/#breadcrumb","itemListElement":[{"@type":"ListItem","position":1,"name":"Home","item":"https:\/\/proyectosamsam.org\/de\/"},{"@type":"ListItem","position":2,"name":"Spenden"}]},{"@type":"WebSite","@id":"https:\/\/proyectosamsam.org\/de\/#website","url":"https:\/\/proyectosamsam.org\/de\/","name":"Proyectos Sam Sam","description":"Sitio de Proyectos Sam Sam","publisher":{"@id":"https:\/\/proyectosamsam.org\/de\/#organization"},"potentialAction":[{"@type":"SearchAction","target":{"@type":"EntryPoint","urlTemplate":"https:\/\/proyectosamsam.org\/de\/?s={search_term_string}"},"query-input":{"@type":"PropertyValueSpecification","valueRequired":true,"valueName":"search_term_string"}}],"inLanguage":"de"},{"@type":"Organization","@id":"https:\/\/proyectosamsam.org\/de\/#organization","name":"Proyectos Sam Sam","url":"https:\/\/proyectosamsam.org\/de\/","logo":{"@type":"ImageObject","inLanguage":"de","@id":"https:\/\/proyectosamsam.org\/de\/#\/schema\/logo\/image\/","url":"https:\/\/proyectosamsam.org\/de\/wp-content\/uploads\/2021\/10\/Logo-Web.png","contentUrl":"https:\/\/proyectosamsam.org\/de\/wp-content\/uploads\/2021\/10\/Logo-Web.png","width":214,"height":86,"caption":"Proyectos Sam Sam"},"image":{"@id":"https:\/\/proyectosamsam.org\/de\/#\/schema\/logo\/image\/"}}]}},"_links":{"self":[{"href":"https:\/\/proyectosamsam.org\/de\/wp-json\/wp\/v2\/pages\/317","targetHints":{"allow":["GET"]}}],"collection":[{"href":"https:\/\/proyectosamsam.org\/de\/wp-json\/wp\/v2\/pages"}],"about":[{"href":"https:\/\/proyectosamsam.org\/de\/wp-json\/wp\/v2\/types\/page"}],"author":[{"embeddable":true,"href":"https:\/\/proyectosamsam.org\/de\/wp-json\/wp\/v2\/users\/1"}],"replies":[{"embeddable":true,"href":"https:\/\/proyectosamsam.org\/de\/wp-json\/wp\/v2\/comments?post=317"}],"version-history":[{"count":21,"href":"https:\/\/proyectosamsam.org\/de\/wp-json\/wp\/v2\/pages\/317\/revisions"}],"predecessor-version":[{"id":1086,"href":"https:\/\/proyectosamsam.org\/de\/wp-json\/wp\/v2\/pages\/317\/revisions\/1086"}],"wp:attachment":[{"href":"https:\/\/proyectosamsam.org\/de\/wp-json\/wp\/v2\/media?parent=317"}],"curies":[{"name":"wp","href":"https:\/\/api.w.org\/{rel}","templated":true}]}}