{"id":368,"date":"2021-11-06T10:10:40","date_gmt":"2021-11-06T10:10:40","guid":{"rendered":"https:\/\/proyectosamsam.org\/de\/?page_id=368"},"modified":"2023-11-01T07:35:13","modified_gmt":"2023-11-01T07:35:13","slug":"ausbildung","status":"publish","type":"page","link":"https:\/\/proyectosamsam.org\/de\/ausbildung\/","title":{"rendered":"Ausbildung"},"content":{"rendered":"\n<div class=\"alignfull wp-block-ugb-container ugb-container ugb-faf183d ugb-container--v2 ugb-container--design-basic ugb-main-block\"><style>.ugb-faf183d-wrapper.ugb-container__wrapper{background-color:#dd2e44 !important}.ugb-faf183d-wrapper.ugb-container__wrapper:before{background-color:#dd2e44 !important}.ugb-faf183d-content-wrapper > h1,.ugb-faf183d-content-wrapper > h2,.ugb-faf183d-content-wrapper > h3,.ugb-faf183d-content-wrapper > h4,.ugb-faf183d-content-wrapper > h5,.ugb-faf183d-content-wrapper > h6{color:#ffffff}.ugb-faf183d-content-wrapper > p,.ugb-faf183d-content-wrapper > ol li,.ugb-faf183d-content-wrapper > ul li{color:#ffffff}@media screen and (min-width:768px){.ugb-faf183d-content-wrapper.ugb-container__content-wrapper{width:80% !important}}@media screen and (min-width:768px){.ugb-faf183d > .ugb-inner-block > .ugb-block-content > *{padding-top:0px !important;padding-bottom:0px !important;padding-right:0px !important;padding-left:0px !important}}<\/style><div class=\"ugb-inner-block\"><div class=\"ugb-block-content\"><div class=\"ugb-container__wrapper ugb-faf183d-wrapper\"><div class=\"ugb-container__side\"><div class=\"ugb-container__content-wrapper ugb-faf183d-content-wrapper\">\n<div class=\"wp-block-ugb-spacer ugb-spacer ugb-324f9bf ugb-spacer--v2 ugb-main-block\"><style>@media screen and (min-width:768px){.ugb-324f9bf.ugb-spacer{height:55px !important}}<\/style><div class=\"ugb-inner-block\"><div class=\"ugb-block-content\"><div class=\"ugb-spacer--inner\"><\/div><\/div><\/div><\/div>\n\n\n\n<p><span style=\"color: #FFFFFF;\" class=\"ugb-highlight\">Ausbildung ist der Eckpfeiler, um den Analphabetismus im Viertel Sam Sam auszurotten und jungen Menschen eine w\u00fcrdige Zukunft zu bieten.<\/span><\/p>\n\n\n\n<div style=\"height:15px\" aria-hidden=\"true\" class=\"wp-block-spacer\"><\/div>\n\n\n\n<p class=\"has-white-color has-text-color\">Die Ausbildung in den Zentren kombiniert theoretisches Wissen (Lesen, Rechnen oder Grundhygiene) und praktisches Wissen (Schneiderei, Catering, und Schreinerei).<\/p>\n\n\n\n<div style=\"height:30px\" aria-hidden=\"true\" class=\"wp-block-spacer\"><\/div>\n\n\n\n<p class=\"has-text-align-center\" style=\"font-size:30px\"><span style=\"color: #EEEADD;\" class=\"ugb-highlight\"><strong><strong>Trainingsziele<\/strong><\/strong><\/span><\/p>\n\n\n\n<div style=\"height:20px\" aria-hidden=\"true\" class=\"wp-block-spacer\"><\/div>\n\n\n\n<div class=\"wp-block-columns is-layout-flex wp-container-core-columns-is-layout-9d6595d7 wp-block-columns-is-layout-flex\">\n<div class=\"wp-block-column is-layout-flow wp-block-column-is-layout-flow\">\n<p class=\"has-white-color has-text-color\">GANZHEITLICHES Training der Person<\/p>\n\n\n\n<p class=\"has-white-color has-text-color\">Aktiv arbeiten, um Analphabetismus durch Bildung zu beseitigen<\/p>\n\n\n\n<p><span style=\"color: #FFFFFF;\" class=\"ugb-highlight\">Junge Menschen ermutigen, durch Ausbildung und Selbstverantwortung, selbstst\u00e4ndig zu werden.<\/span><\/p>\n\n\n\n<p class=\"has-white-color has-text-color\">Eine Reihe von Workshops schaffen, damit junge Frauen durch ihre Arbeit ihre Nachbarschaft nachhaltig pr\u00e4gen und positiv ver\u00e4ndern<\/p>\n\n\n\n<p class=\"has-white-color has-text-color\"><\/p>\n\n\n\n<p class=\"has-white-color has-text-color\"><\/p>\n<\/div>\n\n\n\n<div class=\"wp-block-column is-vertically-aligned-top is-layout-flow wp-block-column-is-layout-flow\">\n<p class=\"has-white-color has-text-color\">F\u00f6rderung der Gr\u00fcndung kleiner Familienunternehmen in der Nachbarschaft, um die hergestellten Produkte zu verkaufen (Mehl f\u00fcr Babynahrung, Kunsthandwerk, Kleidung, M\u00f6bel&#8230;)<\/p>\n\n\n\n<p class=\"has-white-color has-text-color\">Aufbau kleiner L\u00e4den in der Nachbarschaft zum Verkauf der verarbeiteten Produkte (z. B. Mehl f\u00fcr Babynahrung)<\/p>\n\n\n\n<p class=\"has-yellow-color has-text-color\">Die Familien ermutigen, die M\u00e4dchen in ihrem Engagement f\u00fcr die Arbeit zu unterst\u00fctzen.<\/p>\n<\/div>\n<\/div>\n<\/div><\/div><\/div><\/div><\/div><\/div>\n\n\n\n<div class=\"wp-block-ugb-separator alignfull ugb-separator ugb-2b58619 ugb-separator--v2 ugb-separator--design-wave-1\" aria-hidden=\"true\"><style>.ugb-2b58619.ugb-separator{background-color:#dd2e44;margin-top:-76px !important;margin-bottom:-1px !important}.ugb-2b58619 .ugb-separator__bottom-pad{background:#EEEADD}.ugb-2b58619 .ugb-separator__top-pad{background:#dd2e44}.ugb-2b58619 .ugb-separator__shadow,.ugb-2b58619 .ugb-separator__layer-1{fill:#EEEADD;transform:scaleX(1)}@media screen and (min-width:768px){.ugb-2b58619 .ugb-separator__svg-wrapper{height:200px !important}}@media screen and (max-width:1025px){.ugb-2b58619.ugb-separator{margin-top:-1px !important;margin-bottom:-1px !important}}@media screen and (max-width:768px){.ugb-2b58619.ugb-separator{margin-top:-1px !important;margin-bottom:-1px !important}}<\/style><div class=\"ugb-inner-block\"><div class=\"ugb-block-content\"><div class=\"ugb-separator__top-pad\"><\/div><div class=\"ugb-separator__svg-wrapper\"><div class=\"ugb-separator__svg-inner ugb-separator-wrapper\"><svg xmlns=\"http:\/\/www.w3.org\/2000\/svg\" viewBox=\"0 0 1600 200\" class=\"ugb-separator__layer-1\" preserveAspectRatio=\"none\" aria-hidden=\"true\"><path class=\"wave-1_svg__st2\" d=\"M1341.4 48.9c-182.4 0-254.2 80.4-429.4 80.4-117.8 0-209.7-67.5-393.5-67.5-142.2 0-212.6 38.8-324.6 38.8S-10 64.7-10 64.7V210h1620V102c-110.6-40.2-181-53.1-268.6-53.1z\"><\/path><\/svg><\/div><\/div><div class=\"ugb-separator__bottom-pad\"><\/div><\/div><\/div><\/div>\n\n\n\n<div class=\"alignfull wp-block-ugb-blog-posts ugb-blog-posts ugb-793901c ugb-blog-posts--v2 ugb-blog-posts--design-basic ugb-blog-posts--columns-3 ugb-main-block\"><style>.ugb-793901c .ugb-blog-posts__readmore a{color:#dd2e44 !important}.ugb-793901c .ugb-blog-posts__readmore a:hover{opacity:0.8}<\/style><div class=\"ugb-inner-block\"><div class=\"ugb-block-content\"><article class=\"ugb-blog-posts__item\"><div class=\"ugb-blog-posts__content\"><h3 class=\"ugb-blog-posts__title\"><a href=\"https:\/\/proyectosamsam.org\/de\/formacion-en-restauracion\/\">Ausbildung Catering und Gastgewerbe<\/a><\/h3><p class=\"ugb-blog-posts__readmore\"><a href=\"https:\/\/proyectosamsam.org\/de\/formacion-en-restauracion\/\">Leer m\u00e1s<\/a><\/p><\/div><\/article><article class=\"ugb-blog-posts__item\"><div class=\"ugb-blog-posts__content\"><h3 class=\"ugb-blog-posts__title\"><a href=\"https:\/\/proyectosamsam.org\/de\/ausbildung-schneiderei\/\">Schneiderei Ausbildung<\/a><\/h3><p class=\"ugb-blog-posts__readmore\"><a href=\"https:\/\/proyectosamsam.org\/de\/ausbildung-schneiderei\/\">Leer m\u00e1s<\/a><\/p><\/div><\/article><article class=\"ugb-blog-posts__item\"><div class=\"ugb-blog-posts__content\"><h3 class=\"ugb-blog-posts__title\"><a href=\"https:\/\/proyectosamsam.org\/de\/ausbildung-schreinerei-und-tischelerei\/\">Ausbildung Schreinerei<\/a><\/h3><p class=\"ugb-blog-posts__readmore\"><a href=\"https:\/\/proyectosamsam.org\/de\/ausbildung-schreinerei-und-tischelerei\/\">Leer m\u00e1s<\/a><\/p><\/div><\/article><\/div><\/div><\/div>\n","protected":false},"excerpt":{"rendered":"<p>Ausbildung ist der Eckpfeiler, um den Analphabetismus im Viertel Sam Sam auszurotten und jungen Menschen eine w\u00fcrdige Zukunft zu bieten. Die Ausbildung in den Zentren kombiniert theoretisches Wissen (Lesen, Rechnen oder Grundhygiene) und praktisches Wissen (Schneiderei, Catering, und Schreinerei). Trainingsziele GANZHEITLICHES Training der Person Aktiv arbeiten, um Analphabetismus durch Bildung zu beseitigen Junge Menschen ermutigen,&hellip; <a class=\"more-link\" href=\"https:\/\/proyectosamsam.org\/de\/ausbildung\/\"><span class=\"screen-reader-text\">Ausbildung<\/span> weiterlesen<\/a><\/p>\n","protected":false},"author":1,"featured_media":0,"parent":0,"menu_order":0,"comment_status":"closed","ping_status":"closed","template":"","meta":{"footnotes":""},"class_list":["post-368","page","type-page","status-publish","hentry","entry"],"featured_image_urls_v2":{"full":"","thumbnail":"","medium":"","medium_large":"","large":"","1536x1536":"","2048x2048":"","post-thumbnail":""},"post_excerpt_stackable_v2":"<p>Ausbildung ist der Eckpfeiler, um den Analphabetismus im Viertel Sam Sam auszurotten und jungen Menschen eine w\u00fcrdige Zukunft zu bieten. Die Ausbildung in den Zentren kombiniert theoretisches Wissen (Lesen, Rechnen oder Grundhygiene) und praktisches Wissen (Schneiderei, Catering, und Schreinerei). Trainingsziele GANZHEITLICHES Training der Person Aktiv arbeiten, um Analphabetismus durch Bildung zu beseitigen Junge Menschen ermutigen, durch Ausbildung und Selbstverantwortung, selbstst\u00e4ndig zu werden. Eine Reihe von Workshops schaffen, damit junge Frauen durch ihre Arbeit ihre Nachbarschaft nachhaltig pr\u00e4gen und positiv ver\u00e4ndern F\u00f6rderung der Gr\u00fcndung kleiner Familienunternehmen in der Nachbarschaft, um die hergestellten Produkte zu verkaufen (Mehl f\u00fcr Babynahrung, Kunsthandwerk, Kleidung, M\u00f6bel&#8230;)&hellip;<\/p>\n","category_list_v2":"","author_info_v2":{"name":"samsam_admin","url":"https:\/\/proyectosamsam.org\/de\/author\/samsam_admin\/"},"comments_num_v2":"0 comments","yoast_head":"<!-- This site is optimized with the Yoast SEO plugin v27.5 - https:\/\/yoast.com\/product\/yoast-seo-wordpress\/ -->\n<title>Ausbildung Projekte | Sam Sam Projekte<\/title>\n<meta name=\"description\" content=\"Ausbildung Projekte in Sam Sam bieten jungen Menschen theoretische und praktische Ausbildung f\u00fcr eine w\u00fcrdige Zukunft.\" \/>\n<meta name=\"robots\" content=\"noindex, follow, max-snippet:-1, max-image-preview:large, max-video-preview:-1\" \/>\n<meta property=\"og:locale\" content=\"de_DE\" \/>\n<meta property=\"og:type\" content=\"article\" \/>\n<meta property=\"og:title\" content=\"Ausbildung Projekte | Sam Sam Projekte\" \/>\n<meta property=\"og:description\" content=\"Ausbildung Projekte in Sam Sam bieten jungen Menschen theoretische und praktische Ausbildung f\u00fcr eine w\u00fcrdige Zukunft.\" \/>\n<meta property=\"og:url\" content=\"https:\/\/proyectosamsam.org\/de\/ausbildung\/\" \/>\n<meta property=\"og:site_name\" content=\"Proyectos Sam Sam\" \/>\n<meta property=\"article:modified_time\" content=\"2023-11-01T07:35:13+00:00\" \/>\n<meta name=\"twitter:card\" content=\"summary_large_image\" \/>\n<meta name=\"twitter:label1\" content=\"Gesch\u00e4tzte Lesezeit\" \/>\n\t<meta name=\"twitter:data1\" content=\"1\u00a0Minute\" \/>\n<script type=\"application\/ld+json\" class=\"yoast-schema-graph\">{\"@context\":\"https:\\\/\\\/schema.org\",\"@graph\":[{\"@type\":\"WebPage\",\"@id\":\"https:\\\/\\\/proyectosamsam.org\\\/de\\\/ausbildung\\\/\",\"url\":\"https:\\\/\\\/proyectosamsam.org\\\/de\\\/ausbildung\\\/\",\"name\":\"Ausbildung Projekte | Sam Sam Projekte\",\"isPartOf\":{\"@id\":\"https:\\\/\\\/proyectosamsam.org\\\/de\\\/#website\"},\"datePublished\":\"2021-11-06T10:10:40+00:00\",\"dateModified\":\"2023-11-01T07:35:13+00:00\",\"description\":\"Ausbildung Projekte in Sam Sam bieten jungen Menschen theoretische und praktische Ausbildung f\u00fcr eine w\u00fcrdige Zukunft.\",\"breadcrumb\":{\"@id\":\"https:\\\/\\\/proyectosamsam.org\\\/de\\\/ausbildung\\\/#breadcrumb\"},\"inLanguage\":\"de\",\"potentialAction\":[{\"@type\":\"ReadAction\",\"target\":[\"https:\\\/\\\/proyectosamsam.org\\\/de\\\/ausbildung\\\/\"]}]},{\"@type\":\"BreadcrumbList\",\"@id\":\"https:\\\/\\\/proyectosamsam.org\\\/de\\\/ausbildung\\\/#breadcrumb\",\"itemListElement\":[{\"@type\":\"ListItem\",\"position\":1,\"name\":\"Home\",\"item\":\"https:\\\/\\\/proyectosamsam.org\\\/de\\\/\"},{\"@type\":\"ListItem\",\"position\":2,\"name\":\"Ausbildung\"}]},{\"@type\":\"WebSite\",\"@id\":\"https:\\\/\\\/proyectosamsam.org\\\/de\\\/#website\",\"url\":\"https:\\\/\\\/proyectosamsam.org\\\/de\\\/\",\"name\":\"Proyectos Sam Sam\",\"description\":\"Sitio de Proyectos Sam Sam\",\"publisher\":{\"@id\":\"https:\\\/\\\/proyectosamsam.org\\\/de\\\/#organization\"},\"potentialAction\":[{\"@type\":\"SearchAction\",\"target\":{\"@type\":\"EntryPoint\",\"urlTemplate\":\"https:\\\/\\\/proyectosamsam.org\\\/de\\\/?s={search_term_string}\"},\"query-input\":{\"@type\":\"PropertyValueSpecification\",\"valueRequired\":true,\"valueName\":\"search_term_string\"}}],\"inLanguage\":\"de\"},{\"@type\":\"Organization\",\"@id\":\"https:\\\/\\\/proyectosamsam.org\\\/de\\\/#organization\",\"name\":\"Proyectos Sam Sam\",\"url\":\"https:\\\/\\\/proyectosamsam.org\\\/de\\\/\",\"logo\":{\"@type\":\"ImageObject\",\"inLanguage\":\"de\",\"@id\":\"https:\\\/\\\/proyectosamsam.org\\\/de\\\/#\\\/schema\\\/logo\\\/image\\\/\",\"url\":\"https:\\\/\\\/proyectosamsam.org\\\/de\\\/wp-content\\\/uploads\\\/2021\\\/10\\\/Logo-Web.png\",\"contentUrl\":\"https:\\\/\\\/proyectosamsam.org\\\/de\\\/wp-content\\\/uploads\\\/2021\\\/10\\\/Logo-Web.png\",\"width\":214,\"height\":86,\"caption\":\"Proyectos Sam Sam\"},\"image\":{\"@id\":\"https:\\\/\\\/proyectosamsam.org\\\/de\\\/#\\\/schema\\\/logo\\\/image\\\/\"}}]}<\/script>\n<!-- \/ Yoast SEO plugin. -->","yoast_head_json":{"title":"Ausbildung Projekte | Sam Sam Projekte","description":"Ausbildung Projekte in Sam Sam bieten jungen Menschen theoretische und praktische Ausbildung f\u00fcr eine w\u00fcrdige Zukunft.","robots":{"index":"noindex","follow":"follow","max-snippet":"max-snippet:-1","max-image-preview":"max-image-preview:large","max-video-preview":"max-video-preview:-1"},"og_locale":"de_DE","og_type":"article","og_title":"Ausbildung Projekte | Sam Sam Projekte","og_description":"Ausbildung Projekte in Sam Sam bieten jungen Menschen theoretische und praktische Ausbildung f\u00fcr eine w\u00fcrdige Zukunft.","og_url":"https:\/\/proyectosamsam.org\/de\/ausbildung\/","og_site_name":"Proyectos Sam Sam","article_modified_time":"2023-11-01T07:35:13+00:00","twitter_card":"summary_large_image","twitter_misc":{"Gesch\u00e4tzte Lesezeit":"1\u00a0Minute"},"schema":{"@context":"https:\/\/schema.org","@graph":[{"@type":"WebPage","@id":"https:\/\/proyectosamsam.org\/de\/ausbildung\/","url":"https:\/\/proyectosamsam.org\/de\/ausbildung\/","name":"Ausbildung Projekte | Sam Sam Projekte","isPartOf":{"@id":"https:\/\/proyectosamsam.org\/de\/#website"},"datePublished":"2021-11-06T10:10:40+00:00","dateModified":"2023-11-01T07:35:13+00:00","description":"Ausbildung Projekte in Sam Sam bieten jungen Menschen theoretische und praktische Ausbildung f\u00fcr eine w\u00fcrdige Zukunft.","breadcrumb":{"@id":"https:\/\/proyectosamsam.org\/de\/ausbildung\/#breadcrumb"},"inLanguage":"de","potentialAction":[{"@type":"ReadAction","target":["https:\/\/proyectosamsam.org\/de\/ausbildung\/"]}]},{"@type":"BreadcrumbList","@id":"https:\/\/proyectosamsam.org\/de\/ausbildung\/#breadcrumb","itemListElement":[{"@type":"ListItem","position":1,"name":"Home","item":"https:\/\/proyectosamsam.org\/de\/"},{"@type":"ListItem","position":2,"name":"Ausbildung"}]},{"@type":"WebSite","@id":"https:\/\/proyectosamsam.org\/de\/#website","url":"https:\/\/proyectosamsam.org\/de\/","name":"Proyectos Sam Sam","description":"Sitio de Proyectos Sam Sam","publisher":{"@id":"https:\/\/proyectosamsam.org\/de\/#organization"},"potentialAction":[{"@type":"SearchAction","target":{"@type":"EntryPoint","urlTemplate":"https:\/\/proyectosamsam.org\/de\/?s={search_term_string}"},"query-input":{"@type":"PropertyValueSpecification","valueRequired":true,"valueName":"search_term_string"}}],"inLanguage":"de"},{"@type":"Organization","@id":"https:\/\/proyectosamsam.org\/de\/#organization","name":"Proyectos Sam Sam","url":"https:\/\/proyectosamsam.org\/de\/","logo":{"@type":"ImageObject","inLanguage":"de","@id":"https:\/\/proyectosamsam.org\/de\/#\/schema\/logo\/image\/","url":"https:\/\/proyectosamsam.org\/de\/wp-content\/uploads\/2021\/10\/Logo-Web.png","contentUrl":"https:\/\/proyectosamsam.org\/de\/wp-content\/uploads\/2021\/10\/Logo-Web.png","width":214,"height":86,"caption":"Proyectos Sam Sam"},"image":{"@id":"https:\/\/proyectosamsam.org\/de\/#\/schema\/logo\/image\/"}}]}},"_links":{"self":[{"href":"https:\/\/proyectosamsam.org\/de\/wp-json\/wp\/v2\/pages\/368","targetHints":{"allow":["GET"]}}],"collection":[{"href":"https:\/\/proyectosamsam.org\/de\/wp-json\/wp\/v2\/pages"}],"about":[{"href":"https:\/\/proyectosamsam.org\/de\/wp-json\/wp\/v2\/types\/page"}],"author":[{"embeddable":true,"href":"https:\/\/proyectosamsam.org\/de\/wp-json\/wp\/v2\/users\/1"}],"replies":[{"embeddable":true,"href":"https:\/\/proyectosamsam.org\/de\/wp-json\/wp\/v2\/comments?post=368"}],"version-history":[{"count":40,"href":"https:\/\/proyectosamsam.org\/de\/wp-json\/wp\/v2\/pages\/368\/revisions"}],"predecessor-version":[{"id":1057,"href":"https:\/\/proyectosamsam.org\/de\/wp-json\/wp\/v2\/pages\/368\/revisions\/1057"}],"wp:attachment":[{"href":"https:\/\/proyectosamsam.org\/de\/wp-json\/wp\/v2\/media?parent=368"}],"curies":[{"name":"wp","href":"https:\/\/api.w.org\/{rel}","templated":true}]}}