{"id":443,"date":"2021-11-07T10:38:30","date_gmt":"2021-11-07T10:38:30","guid":{"rendered":"https:\/\/proyectosamsam.org\/de\/?page_id=443"},"modified":"2023-10-29T10:22:33","modified_gmt":"2023-10-29T10:22:33","slug":"ausruestung-und-wartung","status":"publish","type":"page","link":"https:\/\/proyectosamsam.org\/de\/ausruestung-und-wartung\/","title":{"rendered":"\u200bAusr\u00fcstung und Wartung"},"content":{"rendered":"\n<div class=\"alignfull wp-block-ugb-container ugb-container ugb-923b4aa ugb-container--v2 ugb-container--design-basic ugb-main-block\"><style>.ugb-923b4aa-wrapper.ugb-container__wrapper{background-color:#dd2e44 !important}.ugb-923b4aa-wrapper.ugb-container__wrapper:before{background-color:#dd2e44 !important}.ugb-923b4aa-content-wrapper > h1,.ugb-923b4aa-content-wrapper > h2,.ugb-923b4aa-content-wrapper > h3,.ugb-923b4aa-content-wrapper > h4,.ugb-923b4aa-content-wrapper > h5,.ugb-923b4aa-content-wrapper > h6{color:#ffffff}.ugb-923b4aa-content-wrapper > p,.ugb-923b4aa-content-wrapper > ol li,.ugb-923b4aa-content-wrapper > ul li{color:#ffffff}@media screen and (min-width:768px){.ugb-923b4aa-content-wrapper.ugb-container__content-wrapper{width:80% !important}}<\/style><div class=\"ugb-inner-block\"><div class=\"ugb-block-content\"><div class=\"ugb-container__wrapper ugb-923b4aa-wrapper\"><div class=\"ugb-container__side\"><div class=\"ugb-container__content-wrapper ugb-923b4aa-content-wrapper\">\n<p class=\"has-white-color has-text-color\">Die Ausstattung der Zentren, Schulen und Werkst\u00e4tten in Sam Sam ist grundlegend, da die Ausbildung sehr praxisnah erfolgt. Nur wenn sie mit den notwendigen Werkzeugen und Materialien ausgestattet sind, k\u00f6nnen junge Menschen in den Techniken und F\u00e4higkeiten geschult werden, die es ihnen erm\u00f6glichen, ihre Zukunft langfristig zu verbessern.<\/p>\n\n\n\n<div style=\"height:20px\" aria-hidden=\"true\" class=\"wp-block-spacer\"><\/div>\n\n\n\n<p class=\"has-white-color has-text-color\">Die Ausstattung variiert je nach Ausbildung der Jugendlichen:<\/p>\n\n\n\n<div style=\"height:15px\" aria-hidden=\"true\" class=\"wp-block-spacer\"><\/div>\n\n\n\n<ul class=\"wp-block-list\">\n<li>F\u00fcr die Schneiderwerkstatt werden N\u00e4hmaschinen, Schaufensterpuppen, Stoffe, diverse Kurzwaren ben\u00f6tigt<\/li>\n\n\n\n<li>F\u00fcr die Restaurierungswerkstatt: Kochgeschirr, Geschirr, Besteck, Elektroger\u00e4te (Backofen, K\u00fchlschrank, Gefrierschrank), Lebensmittel<\/li>\n\n\n\n<li>F\u00fcr die Schreinerei: Tischlerbank, S\u00e4gewerk, Elektro- und Handwerkzeuge, Holz, Lacke<\/li>\n\n\n\n<li>F\u00fcr die Ambulanz: Material zum Aufbau eines Labors, Pflegematerial.<\/li>\n<\/ul>\n\n\n\n<div style=\"height:15px\" aria-hidden=\"true\" class=\"wp-block-spacer\"><\/div>\n\n\n\n<p><span style=\"color: #FFFFFF;\" class=\"stk-highlight\">In Zeiten von \u00dcberschwemmungen in der Regenzeit ist eine regelm\u00e4\u00dfige Wartung erforderlich, um das Wasser abzulassen, damit die Jugendlichen ihr Training fortsetzen k\u00f6nnen<\/span><\/p>\n<\/div><\/div><\/div><\/div><\/div><\/div>\n\n\n\n<div class=\"wp-block-ugb-separator alignfull ugb-separator ugb-a6a35ac ugb-separator--v2 ugb-separator--design-wave-1\" aria-hidden=\"true\"><style>.ugb-a6a35ac.ugb-separator{background-color:#dd2e44;margin-top:-76px !important;margin-bottom:-1px !important}.ugb-a6a35ac .ugb-separator__bottom-pad{background:#EEEADD}.ugb-a6a35ac .ugb-separator__top-pad{background:#dd2e44}.ugb-a6a35ac .ugb-separator__shadow,.ugb-a6a35ac .ugb-separator__layer-1{fill:#EEEADD;transform:scaleX(1)}@media screen and (min-width:768px){.ugb-a6a35ac .ugb-separator__svg-wrapper{height:200px !important}}@media screen and (max-width:1025px){.ugb-a6a35ac.ugb-separator{margin-top:-1px !important;margin-bottom:-1px !important}}@media screen and (max-width:768px){.ugb-a6a35ac.ugb-separator{margin-top:-1px !important;margin-bottom:-1px !important}}<\/style><div class=\"ugb-inner-block\"><div class=\"ugb-block-content\"><div class=\"ugb-separator__top-pad\"><\/div><div class=\"ugb-separator__svg-wrapper\"><div class=\"ugb-separator__svg-inner ugb-separator-wrapper\"><svg xmlns=\"http:\/\/www.w3.org\/2000\/svg\" viewBox=\"0 0 1600 200\" class=\"ugb-separator__layer-1\" preserveAspectRatio=\"none\" aria-hidden=\"true\"><path class=\"wave-1_svg__st2\" d=\"M1341.4 48.9c-182.4 0-254.2 80.4-429.4 80.4-117.8 0-209.7-67.5-393.5-67.5-142.2 0-212.6 38.8-324.6 38.8S-10 64.7-10 64.7V210h1620V102c-110.6-40.2-181-53.1-268.6-53.1z\"><\/path><\/svg><\/div><\/div><div class=\"ugb-separator__bottom-pad\"><\/div><\/div><\/div><\/div>\n\n\n\n<div class=\"alignfull wp-block-ugb-blog-posts ugb-blog-posts ugb-793901c ugb-blog-posts--v2 ugb-blog-posts--design-basic ugb-blog-posts--columns-3 ugb-main-block\"><style>.ugb-793901c .ugb-blog-posts__readmore a{color:#dd2e44 !important}.ugb-793901c .ugb-blog-posts__readmore a:hover{opacity:0.8}<\/style><div class=\"ugb-inner-block\"><div class=\"ugb-block-content\"><article class=\"ugb-blog-posts__item\"><div class=\"ugb-blog-posts__content\"><div class=\"ugb-blog-posts__category\"><a href=\"https:\/\/proyectosamsam.org\/de\/category\/bau-und-infrastruktur\/\" rel=\"category tag\">Bau und Infrastruktur | Sam Sam Projekte<\/a><\/div><h3 class=\"ugb-blog-posts__title\"><a href=\"https:\/\/proyectosamsam.org\/de\/klinik\/\">Klinik<\/a><\/h3><p class=\"ugb-blog-posts__readmore\"><a href=\"https:\/\/proyectosamsam.org\/de\/klinik\/\">Leer m\u00e1s<\/a><\/p><\/div><\/article><article class=\"ugb-blog-posts__item\"><div class=\"ugb-blog-posts__content\"><div class=\"ugb-blog-posts__category\"><a href=\"https:\/\/proyectosamsam.org\/de\/category\/bau-und-infrastruktur\/\" rel=\"category tag\">Bau und Infrastruktur | Sam Sam Projekte<\/a><\/div><h3 class=\"ugb-blog-posts__title\"><a href=\"https:\/\/proyectosamsam.org\/de\/agrarwirtschaft-projekt\/\">Agrarwirtschaft<\/a><\/h3><p class=\"ugb-blog-posts__readmore\"><a href=\"https:\/\/proyectosamsam.org\/de\/agrarwirtschaft-projekt\/\">Leer m\u00e1s<\/a><\/p><\/div><\/article><article class=\"ugb-blog-posts__item\"><div class=\"ugb-blog-posts__content\"><div class=\"ugb-blog-posts__category\"><a href=\"https:\/\/proyectosamsam.org\/de\/category\/bau-und-infrastruktur\/\" rel=\"category tag\">Bau und Infrastruktur | Sam Sam Projekte<\/a><\/div><h3 class=\"ugb-blog-posts__title\"><a href=\"https:\/\/proyectosamsam.org\/de\/kalasans-schule\/\">Kalasans Schule<\/a><\/h3><p class=\"ugb-blog-posts__readmore\"><a href=\"https:\/\/proyectosamsam.org\/de\/kalasans-schule\/\">Leer m\u00e1s<\/a><\/p><\/div><\/article><\/div><\/div><\/div>\n","protected":false},"excerpt":{"rendered":"<p>Die Ausstattung der Zentren, Schulen und Werkst\u00e4tten in Sam Sam ist grundlegend, da die Ausbildung sehr praxisnah erfolgt. Nur wenn sie mit den notwendigen Werkzeugen und Materialien ausgestattet sind, k\u00f6nnen junge Menschen in den Techniken und F\u00e4higkeiten geschult werden, die es ihnen erm\u00f6glichen, ihre Zukunft langfristig zu verbessern. Die Ausstattung variiert je nach Ausbildung der&hellip; <a class=\"more-link\" href=\"https:\/\/proyectosamsam.org\/de\/ausruestung-und-wartung\/\"><span class=\"screen-reader-text\">\u200bAusr\u00fcstung und Wartung<\/span> weiterlesen<\/a><\/p>\n","protected":false},"author":1,"featured_media":0,"parent":0,"menu_order":0,"comment_status":"closed","ping_status":"closed","template":"","meta":{"footnotes":""},"class_list":["post-443","page","type-page","status-publish","hentry","entry"],"featured_image_urls_v2":{"full":"","thumbnail":"","medium":"","medium_large":"","large":"","1536x1536":"","2048x2048":"","post-thumbnail":""},"post_excerpt_stackable_v2":"<p>Die Ausstattung der Zentren, Schulen und Werkst\u00e4tten in Sam Sam ist grundlegend, da die Ausbildung sehr praxisnah erfolgt. Nur wenn sie mit den notwendigen Werkzeugen und Materialien ausgestattet sind, k\u00f6nnen junge Menschen in den Techniken und F\u00e4higkeiten geschult werden, die es ihnen erm\u00f6glichen, ihre Zukunft langfristig zu verbessern. Die Ausstattung variiert je nach Ausbildung der Jugendlichen: F\u00fcr die Schneiderwerkstatt werden N\u00e4hmaschinen, Schaufensterpuppen, Stoffe, diverse Kurzwaren ben\u00f6tigt F\u00fcr die Restaurierungswerkstatt: Kochgeschirr, Geschirr, Besteck, Elektroger\u00e4te (Backofen, K\u00fchlschrank, Gefrierschrank), Lebensmittel F\u00fcr die Schreinerei: Tischlerbank, S\u00e4gewerk, Elektro- und Handwerkzeuge, Holz, Lacke F\u00fcr die Ambulanz: Material zum Aufbau eines Labors, Pflegematerial. In Zeiten von \u00dcberschwemmungen&hellip;<\/p>\n","category_list_v2":"","author_info_v2":{"name":"samsam_admin","url":"https:\/\/proyectosamsam.org\/de\/author\/samsam_admin\/"},"comments_num_v2":"0 comments","yoast_head":"<!-- This site is optimized with the Yoast SEO plugin v27.5 - https:\/\/yoast.com\/product\/yoast-seo-wordpress\/ -->\n<title>Ausr\u00fcstung und Wartung | Sam Sam Projekte<\/title>\n<meta name=\"description\" content=\"Die Ausstattung der Zentren und Werkst\u00e4tten in Sam Sam ist entscheidend, da die Ausbildung \u00fcberwiegend praktisch orientiert ist.\" \/>\n<meta name=\"robots\" content=\"noindex, follow, max-snippet:-1, max-image-preview:large, max-video-preview:-1\" \/>\n<meta property=\"og:locale\" content=\"de_DE\" \/>\n<meta property=\"og:type\" content=\"article\" \/>\n<meta property=\"og:title\" content=\"Ausr\u00fcstung und Wartung | Sam Sam Projekte\" \/>\n<meta property=\"og:description\" content=\"Die Ausstattung der Zentren und Werkst\u00e4tten in Sam Sam ist entscheidend, da die Ausbildung \u00fcberwiegend praktisch orientiert ist.\" \/>\n<meta property=\"og:url\" content=\"https:\/\/proyectosamsam.org\/de\/ausruestung-und-wartung\/\" \/>\n<meta property=\"og:site_name\" content=\"Proyectos Sam Sam\" \/>\n<meta property=\"article:modified_time\" content=\"2023-10-29T10:22:33+00:00\" \/>\n<meta name=\"twitter:card\" content=\"summary_large_image\" \/>\n<meta name=\"twitter:label1\" content=\"Gesch\u00e4tzte Lesezeit\" \/>\n\t<meta name=\"twitter:data1\" content=\"1\u00a0Minute\" \/>\n<script type=\"application\/ld+json\" class=\"yoast-schema-graph\">{\"@context\":\"https:\\\/\\\/schema.org\",\"@graph\":[{\"@type\":\"WebPage\",\"@id\":\"https:\\\/\\\/proyectosamsam.org\\\/de\\\/ausruestung-und-wartung\\\/\",\"url\":\"https:\\\/\\\/proyectosamsam.org\\\/de\\\/ausruestung-und-wartung\\\/\",\"name\":\"Ausr\u00fcstung und Wartung | Sam Sam Projekte\",\"isPartOf\":{\"@id\":\"https:\\\/\\\/proyectosamsam.org\\\/de\\\/#website\"},\"datePublished\":\"2021-11-07T10:38:30+00:00\",\"dateModified\":\"2023-10-29T10:22:33+00:00\",\"description\":\"Die Ausstattung der Zentren und Werkst\u00e4tten in Sam Sam ist entscheidend, da die Ausbildung \u00fcberwiegend praktisch orientiert ist.\",\"breadcrumb\":{\"@id\":\"https:\\\/\\\/proyectosamsam.org\\\/de\\\/ausruestung-und-wartung\\\/#breadcrumb\"},\"inLanguage\":\"de\",\"potentialAction\":[{\"@type\":\"ReadAction\",\"target\":[\"https:\\\/\\\/proyectosamsam.org\\\/de\\\/ausruestung-und-wartung\\\/\"]}]},{\"@type\":\"BreadcrumbList\",\"@id\":\"https:\\\/\\\/proyectosamsam.org\\\/de\\\/ausruestung-und-wartung\\\/#breadcrumb\",\"itemListElement\":[{\"@type\":\"ListItem\",\"position\":1,\"name\":\"Home\",\"item\":\"https:\\\/\\\/proyectosamsam.org\\\/de\\\/\"},{\"@type\":\"ListItem\",\"position\":2,\"name\":\"\u200bAusr\u00fcstung und Wartung\"}]},{\"@type\":\"WebSite\",\"@id\":\"https:\\\/\\\/proyectosamsam.org\\\/de\\\/#website\",\"url\":\"https:\\\/\\\/proyectosamsam.org\\\/de\\\/\",\"name\":\"Proyectos Sam Sam\",\"description\":\"Sitio de Proyectos Sam Sam\",\"publisher\":{\"@id\":\"https:\\\/\\\/proyectosamsam.org\\\/de\\\/#organization\"},\"potentialAction\":[{\"@type\":\"SearchAction\",\"target\":{\"@type\":\"EntryPoint\",\"urlTemplate\":\"https:\\\/\\\/proyectosamsam.org\\\/de\\\/?s={search_term_string}\"},\"query-input\":{\"@type\":\"PropertyValueSpecification\",\"valueRequired\":true,\"valueName\":\"search_term_string\"}}],\"inLanguage\":\"de\"},{\"@type\":\"Organization\",\"@id\":\"https:\\\/\\\/proyectosamsam.org\\\/de\\\/#organization\",\"name\":\"Proyectos Sam Sam\",\"url\":\"https:\\\/\\\/proyectosamsam.org\\\/de\\\/\",\"logo\":{\"@type\":\"ImageObject\",\"inLanguage\":\"de\",\"@id\":\"https:\\\/\\\/proyectosamsam.org\\\/de\\\/#\\\/schema\\\/logo\\\/image\\\/\",\"url\":\"https:\\\/\\\/proyectosamsam.org\\\/de\\\/wp-content\\\/uploads\\\/2021\\\/10\\\/Logo-Web.png\",\"contentUrl\":\"https:\\\/\\\/proyectosamsam.org\\\/de\\\/wp-content\\\/uploads\\\/2021\\\/10\\\/Logo-Web.png\",\"width\":214,\"height\":86,\"caption\":\"Proyectos Sam Sam\"},\"image\":{\"@id\":\"https:\\\/\\\/proyectosamsam.org\\\/de\\\/#\\\/schema\\\/logo\\\/image\\\/\"}}]}<\/script>\n<!-- \/ Yoast SEO plugin. -->","yoast_head_json":{"title":"Ausr\u00fcstung und Wartung | Sam Sam Projekte","description":"Die Ausstattung der Zentren und Werkst\u00e4tten in Sam Sam ist entscheidend, da die Ausbildung \u00fcberwiegend praktisch orientiert ist.","robots":{"index":"noindex","follow":"follow","max-snippet":"max-snippet:-1","max-image-preview":"max-image-preview:large","max-video-preview":"max-video-preview:-1"},"og_locale":"de_DE","og_type":"article","og_title":"Ausr\u00fcstung und Wartung | Sam Sam Projekte","og_description":"Die Ausstattung der Zentren und Werkst\u00e4tten in Sam Sam ist entscheidend, da die Ausbildung \u00fcberwiegend praktisch orientiert ist.","og_url":"https:\/\/proyectosamsam.org\/de\/ausruestung-und-wartung\/","og_site_name":"Proyectos Sam Sam","article_modified_time":"2023-10-29T10:22:33+00:00","twitter_card":"summary_large_image","twitter_misc":{"Gesch\u00e4tzte Lesezeit":"1\u00a0Minute"},"schema":{"@context":"https:\/\/schema.org","@graph":[{"@type":"WebPage","@id":"https:\/\/proyectosamsam.org\/de\/ausruestung-und-wartung\/","url":"https:\/\/proyectosamsam.org\/de\/ausruestung-und-wartung\/","name":"Ausr\u00fcstung und Wartung | Sam Sam Projekte","isPartOf":{"@id":"https:\/\/proyectosamsam.org\/de\/#website"},"datePublished":"2021-11-07T10:38:30+00:00","dateModified":"2023-10-29T10:22:33+00:00","description":"Die Ausstattung der Zentren und Werkst\u00e4tten in Sam Sam ist entscheidend, da die Ausbildung \u00fcberwiegend praktisch orientiert ist.","breadcrumb":{"@id":"https:\/\/proyectosamsam.org\/de\/ausruestung-und-wartung\/#breadcrumb"},"inLanguage":"de","potentialAction":[{"@type":"ReadAction","target":["https:\/\/proyectosamsam.org\/de\/ausruestung-und-wartung\/"]}]},{"@type":"BreadcrumbList","@id":"https:\/\/proyectosamsam.org\/de\/ausruestung-und-wartung\/#breadcrumb","itemListElement":[{"@type":"ListItem","position":1,"name":"Home","item":"https:\/\/proyectosamsam.org\/de\/"},{"@type":"ListItem","position":2,"name":"\u200bAusr\u00fcstung und Wartung"}]},{"@type":"WebSite","@id":"https:\/\/proyectosamsam.org\/de\/#website","url":"https:\/\/proyectosamsam.org\/de\/","name":"Proyectos Sam Sam","description":"Sitio de Proyectos Sam Sam","publisher":{"@id":"https:\/\/proyectosamsam.org\/de\/#organization"},"potentialAction":[{"@type":"SearchAction","target":{"@type":"EntryPoint","urlTemplate":"https:\/\/proyectosamsam.org\/de\/?s={search_term_string}"},"query-input":{"@type":"PropertyValueSpecification","valueRequired":true,"valueName":"search_term_string"}}],"inLanguage":"de"},{"@type":"Organization","@id":"https:\/\/proyectosamsam.org\/de\/#organization","name":"Proyectos Sam Sam","url":"https:\/\/proyectosamsam.org\/de\/","logo":{"@type":"ImageObject","inLanguage":"de","@id":"https:\/\/proyectosamsam.org\/de\/#\/schema\/logo\/image\/","url":"https:\/\/proyectosamsam.org\/de\/wp-content\/uploads\/2021\/10\/Logo-Web.png","contentUrl":"https:\/\/proyectosamsam.org\/de\/wp-content\/uploads\/2021\/10\/Logo-Web.png","width":214,"height":86,"caption":"Proyectos Sam Sam"},"image":{"@id":"https:\/\/proyectosamsam.org\/de\/#\/schema\/logo\/image\/"}}]}},"_links":{"self":[{"href":"https:\/\/proyectosamsam.org\/de\/wp-json\/wp\/v2\/pages\/443","targetHints":{"allow":["GET"]}}],"collection":[{"href":"https:\/\/proyectosamsam.org\/de\/wp-json\/wp\/v2\/pages"}],"about":[{"href":"https:\/\/proyectosamsam.org\/de\/wp-json\/wp\/v2\/types\/page"}],"author":[{"embeddable":true,"href":"https:\/\/proyectosamsam.org\/de\/wp-json\/wp\/v2\/users\/1"}],"replies":[{"embeddable":true,"href":"https:\/\/proyectosamsam.org\/de\/wp-json\/wp\/v2\/comments?post=443"}],"version-history":[{"count":7,"href":"https:\/\/proyectosamsam.org\/de\/wp-json\/wp\/v2\/pages\/443\/revisions"}],"predecessor-version":[{"id":1002,"href":"https:\/\/proyectosamsam.org\/de\/wp-json\/wp\/v2\/pages\/443\/revisions\/1002"}],"wp:attachment":[{"href":"https:\/\/proyectosamsam.org\/de\/wp-json\/wp\/v2\/media?parent=443"}],"curies":[{"name":"wp","href":"https:\/\/api.w.org\/{rel}","templated":true}]}}