{"id":515,"date":"2021-11-20T18:23:00","date_gmt":"2021-11-20T18:23:00","guid":{"rendered":"https:\/\/proyectosamsam.org\/de\/?page_id=515"},"modified":"2023-11-01T10:55:38","modified_gmt":"2023-11-01T10:55:38","slug":"posts","status":"publish","type":"page","link":"https:\/\/proyectosamsam.org\/de\/posts\/","title":{"rendered":"Posts"},"content":{"rendered":"\n<div class=\"alignfull wp-block-ugb-container ugb-container ugb-b21e916 ugb-container--v2 ugb-container--design-plain ugb-main-block ugb-main-block--inner-wide ugb--has-block-background\"><style>.ugb-b21e916 a:hover,.ugb-b21e916 a:hover:visited{color:#dd2e44}@media screen and (min-width:768px){.ugb-b21e916 > .ugb-inner-block > .ugb-block-content > *{padding-top:0px !important;padding-bottom:0px !important;padding-right:0px !important;padding-left:0px !important}}<\/style><div class=\"ugb-inner-block ugb-inner-block--wide\"><div class=\"ugb-block-content\"><div class=\"ugb-container__wrapper ugb-b21e916-wrapper\"><div class=\"ugb-container__side\"><div class=\"ugb-container__content-wrapper ugb-b21e916-content-wrapper\">\n<div class=\"alignfull wp-block-ugb-container ugb-container ugb-998ddc8 ugb-container--v2 ugb-container--design-basic ugb-main-block ugb-main-block--inner-center ugb--has-block-background\"><style>.ugb-998ddc8{padding:0 !important}<\/style><div class=\"ugb-inner-block ugb-inner-block--center\"><div class=\"ugb-block-content\"><div class=\"ugb-container__wrapper ugb-998ddc8-wrapper\"><div class=\"ugb-container__side\"><div class=\"ugb-container__content-wrapper ugb-998ddc8-content-wrapper\"><div class=\"wp-block-categories-dropdown aligncenter wp-block-categories\"><label class=\"wp-block-categories__label\" for=\"wp-block-categories-1\">Kategorien<\/label><select  name='category_name' id='wp-block-categories-1' class='postform'>\n\t<option value='-1'>Kategorie ausw\u00e4hlen<\/option>\n\t<option class=\"level-0\" value=\"ausbildung\">Ausbildung | Sam Sam Projekte&nbsp;&nbsp;(3)<\/option>\n\t<option class=\"level-0\" value=\"bau-und-infrastruktur\">Bau und Infrastruktur | Sam Sam Projekte&nbsp;&nbsp;(4)<\/option>\n\t<option class=\"level-0\" value=\"emanzipation\">Emanzipation | Sam Sam Projekte&nbsp;&nbsp;(1)<\/option>\n\t<option class=\"level-0\" value=\"nuetzliche-informationen-sam-sam-projekte\">N\u00fctzliche Informationen&nbsp;&nbsp;(2)<\/option>\n<\/select><script>\n( ( [ dropdownId, homeUrl ] ) => {\n\t\tconst dropdown = document.getElementById( dropdownId );\n\t\tfunction onSelectChange() {\n\t\t\tsetTimeout( () => {\n\t\t\t\tif ( 'escape' === dropdown.dataset.lastkey ) {\n\t\t\t\t\treturn;\n\t\t\t\t}\n\t\t\t\tif ( dropdown.value && dropdown instanceof HTMLSelectElement ) {\n\t\t\t\t\tconst url = new URL( homeUrl );\n\t\t\t\t\turl.searchParams.set( dropdown.name, dropdown.value );\n\t\t\t\t\tlocation.href = url.href;\n\t\t\t\t}\n\t\t\t}, 250 );\n\t\t}\n\t\tfunction onKeyUp( event ) {\n\t\t\tif ( 'Escape' === event.key ) {\n\t\t\t\tdropdown.dataset.lastkey = 'escape';\n\t\t\t} else {\n\t\t\t\tdelete dropdown.dataset.lastkey;\n\t\t\t}\n\t\t}\n\t\tfunction onClick() {\n\t\t\tdelete dropdown.dataset.lastkey;\n\t\t}\n\t\tdropdown.addEventListener( 'keyup', onKeyUp );\n\t\tdropdown.addEventListener( 'click', onClick );\n\t\tdropdown.addEventListener( 'change', onSelectChange );\n\t} )( [\"wp-block-categories-1\",\"https:\/\/proyectosamsam.org\/de\"] );\n\/\/# sourceURL=build_dropdown_script_block_core_categories\n<\/script>\n\n<\/div><\/div><\/div><\/div><\/div><\/div><\/div>\n\n\n\n<div class=\"wp-block-ugb-blog-posts ugb-blog-posts ugb-2b8e4bc ugb-blog-posts--v2 ugb-blog-posts--design-basic ugb-blog-posts--columns-3 ugb-main-block\"><style>.ugb-2b8e4bc .ugb-blog-posts__title a{color:#dd2e44 !important}.ugb-2b8e4bc .ugb-blog-posts__title a:hover{opacity:0.8}.ugb-2b8e4bc .ugb-blog-posts__readmore a{color:#dd2e44 !important}.ugb-2b8e4bc .ugb-blog-posts__readmore a:hover{opacity:0.8}<\/style><div class=\"ugb-inner-block\"><div class=\"ugb-block-content\"><article class=\"ugb-blog-posts__item\"><div class=\"ugb-blog-posts__content\"><h3 class=\"ugb-blog-posts__title\"><a href=\"https:\/\/proyectosamsam.org\/de\/klinik\/\">Klinik<\/a><\/h3><div class=\"ugb-blog-posts__excerpt\"><p>Gesundheit und Pflege f\u00fcr alle Der Bau einer Klinik in diesem verarmten Gebiet ist ein Hoffnungsschimmer und ein wichtiger Schritt hin zu einer ges\u00fcnderen und wohlhabenderen Zukunft f\u00fcr die Bev\u00f6lkerung. Die Klinik wird nicht nur ein Geb\u00e4ude aus Ziegeln und M\u00f6rtel sein, sondern auch ein greifbares Symbol des Fortschritts und der F\u00fcrsorge, das die Gemeinschaft&#8230;<\/div><p class=\"ugb-blog-posts__readmore\"><a href=\"https:\/\/proyectosamsam.org\/de\/klinik\/\">Mehr lesen<\/a><\/p><\/div><\/article><article class=\"ugb-blog-posts__item\"><div class=\"ugb-blog-posts__content\"><h3 class=\"ugb-blog-posts__title\"><a href=\"https:\/\/proyectosamsam.org\/de\/agrarwirtschaft-projekt\/\">Agrarwirtschaft<\/a><\/h3><div class=\"ugb-blog-posts__excerpt\"><p>Ein Hoffnungsprojekt f\u00fcr eine benachteiligte Gemeinschaft Im Herzen einer verarmten Gemeinde entsteht ein Hoffnungsschimmer in Form eines Agrarprojekts, das das Leben ver\u00e4ndern und eine bessere Zukunft f\u00fcr alle bringen soll. Trotz aller Widrigkeiten ist dieses Projekt ein Leuchtfeuer der M\u00f6glichkeiten und des Fortschritts und bietet konkrete L\u00f6sungen f\u00fcr die Herausforderungen, mit denen diese Gemeinschaft konfrontiert&#8230;<\/div><p class=\"ugb-blog-posts__readmore\"><a href=\"https:\/\/proyectosamsam.org\/de\/agrarwirtschaft-projekt\/\">Mehr lesen<\/a><\/p><\/div><\/article><article class=\"ugb-blog-posts__item\"><div class=\"ugb-blog-posts__content\"><h3 class=\"ugb-blog-posts__title\"><a href=\"https:\/\/proyectosamsam.org\/de\/gruendung-kleinbetreiben-sam-sam-projekte\/\">Gr\u00fcndung von Kleinbetrieben<\/a><\/h3><div class=\"ugb-blog-posts__excerpt\"><p>Die im Kalasans Schule initiierten Lehrlingsprojekte in den Bereichen Schneiderei, Kunsthandwerk sowie Catering und Gastgewerbe zielen darauf ab, junge Frauen f\u00fcr die Gr\u00fcndung, den Aufbau und die F\u00fchrung kleiner Unternehmen zu schulen. Diese Ausbildung erm\u00f6glicht es ihnen, ihre Kreationen zu vermarkten. Letztendlich sollen die jungen Frauen Verantwortung und Selbst\u00e4ndigkeit erlangen, um sich selbst und die&#8230;<\/div><p class=\"ugb-blog-posts__readmore\"><a href=\"https:\/\/proyectosamsam.org\/de\/gruendung-kleinbetreiben-sam-sam-projekte\/\">Mehr lesen<\/a><\/p><\/div><\/article><article class=\"ugb-blog-posts__item\"><div class=\"ugb-blog-posts__content\"><h3 class=\"ugb-blog-posts__title\"><a href=\"https:\/\/proyectosamsam.org\/de\/senegal\/\">Senegal<\/a><\/h3><div class=\"ugb-blog-posts__excerpt\"><p>Geographische Lage Der Senegal liegt in Westafrika und grenzt im Westen an den Atlantischen Ozean, im Norden an Mauretanien, im Osten an Mali und im S\u00fcden an Guinea und Guinea-Bissau. Die Hauptstadt Dakar befindet sich am westlichsten Punkt des Landes auf der Kapverdischen Halbinsel. Regierungsform Unabh\u00e4ngiger Staat, Pr\u00e4sidialrepublik. Religion Der Senegal ist ein s\u00e4kularer Staat&#8230;<\/div><p class=\"ugb-blog-posts__readmore\"><a href=\"https:\/\/proyectosamsam.org\/de\/senegal\/\">Mehr lesen<\/a><\/p><\/div><\/article><article class=\"ugb-blog-posts__item\"><div class=\"ugb-blog-posts__content\"><h3 class=\"ugb-blog-posts__title\"><a href=\"https:\/\/proyectosamsam.org\/de\/sam-sam\/\">Sam Sam entdecken<\/a><\/h3><div class=\"ugb-blog-posts__excerpt\"><p>Pikine, die bev\u00f6lkerungsreichste Stadt Senegals, liegt etwa 20 Kilometer von der Hauptstadt Dakar entfernt. Das Wachstum von Pikine in den letzten Jahren ist haupts\u00e4chlich auf Migrationsbewegungen zur\u00fcckzuf\u00fchren, sowohl der l\u00e4ndlichen Bev\u00f6lkerung auf der Suche nach Arbeit in die Hauptstadt als auch der Bev\u00f6lkerung der Hauptstadt, die aufgrund von Wohnungspreisen und Platzmangel gezwungen ist, sich in&#8230;<\/div><p class=\"ugb-blog-posts__readmore\"><a href=\"https:\/\/proyectosamsam.org\/de\/sam-sam\/\">Mehr lesen<\/a><\/p><\/div><\/article><article class=\"ugb-blog-posts__item\"><div class=\"ugb-blog-posts__content\"><h3 class=\"ugb-blog-posts__title\"><a href=\"https:\/\/proyectosamsam.org\/de\/formacion-en-restauracion\/\">Ausbildung Catering und Gastgewerbe<\/a><\/h3><div class=\"ugb-blog-posts__excerpt\"><p>Die Ausbildung im Bereich Catering und Gastgewerbe richtet sich an junge Frauen, die bereits eine umfassende Ausbildung Centre Technique de Promotion F\u00e9minine Kalasans absolviert haben. Diese spezifische einj\u00e4hrige Ausbildung im Bereich &#8222;Catering-Hospitality&#8220; erm\u00f6glicht es ihnen, unabh\u00e4ngig zu werden und zur Entwicklung ihrer Gemeinschaft beizutragen Durch die Ausbildung in der Catering und Gastgewerbe werden die M\u00e4dchen&#8230;<\/div><p class=\"ugb-blog-posts__readmore\"><a href=\"https:\/\/proyectosamsam.org\/de\/formacion-en-restauracion\/\">Mehr lesen<\/a><\/p><\/div><\/article><article class=\"ugb-blog-posts__item\"><div class=\"ugb-blog-posts__content\"><h3 class=\"ugb-blog-posts__title\"><a href=\"https:\/\/proyectosamsam.org\/de\/ausbildung-schneiderei\/\">Schneiderei Ausbildung<\/a><\/h3><div class=\"ugb-blog-posts__excerpt\"><p>Die Ausbildung im Bereich Schneiderei richtet sich an M\u00e4dchen, die gerade die Schule begonnen haben. Das Ziel ist, dass sie nach zwei bis drei Jahren im Zentrum in kleine Arbeitsgruppen integriert werden, die unabh\u00e4ngig vom Zentrum agieren, und zu Hause ihre eigenen Werkst\u00e4tten einrichten k\u00f6nnen. Der Unterricht findet im Centre Technique de Promotion F\u00e9minine Kalasans&#8230;.<\/div><p class=\"ugb-blog-posts__readmore\"><a href=\"https:\/\/proyectosamsam.org\/de\/ausbildung-schneiderei\/\">Mehr lesen<\/a><\/p><\/div><\/article><article class=\"ugb-blog-posts__item\"><div class=\"ugb-blog-posts__content\"><h3 class=\"ugb-blog-posts__title\"><a href=\"https:\/\/proyectosamsam.org\/de\/ausbildung-schreinerei-und-tischelerei\/\">Ausbildung Schreinerei<\/a><\/h3><div class=\"ugb-blog-posts__excerpt\"><p>Die Ausbildung in Schreinerei und Tischlerei kam auf Wunsch der jungen Leute aus dem Viertel zustande. Nachdem sie gesehen haben, wie die M\u00e4dchen nach ihrer Ausbildung zu unabh\u00e4ngigen Frauen geworden sind, die ihr Leben selbst in die Hand nehmen und die Gemeinschaft leiten, haben sie sich an Regina gewandt: Sie wollen auch als Menschen und&#8230;<\/div><p class=\"ugb-blog-posts__readmore\"><a href=\"https:\/\/proyectosamsam.org\/de\/ausbildung-schreinerei-und-tischelerei\/\">Mehr lesen<\/a><\/p><\/div><\/article><article class=\"ugb-blog-posts__item\"><div class=\"ugb-blog-posts__content\"><h3 class=\"ugb-blog-posts__title\"><a href=\"https:\/\/proyectosamsam.org\/de\/kalasans-schule\/\">Kalasans Schule<\/a><\/h3><div class=\"ugb-blog-posts__excerpt\"><p>Vollendetes Projekt! Das Centre Technique de Promotion F\u00e9minine Kalasans befindet sich im Stadtviertel Sam-Sam, das zum Distrikt Diamagu\u00e8ne-SICAP Mbao im Departement Pikine geh\u00f6rt. Es ist eine Enklave am Rande des Nordostens von Dakar, 20 km vom Stadtzentrum entfernt. In diesem extrem armen Stadtteil gr\u00fcndeten die Piaristenpatres 1996 mit Unterst\u00fctzung von Freiwilligen und der \u00f6rtlichen Bev\u00f6lkerung&#8230;<\/div><p class=\"ugb-blog-posts__readmore\"><a href=\"https:\/\/proyectosamsam.org\/de\/kalasans-schule\/\">Mehr lesen<\/a><\/p><\/div><\/article><article class=\"ugb-blog-posts__item\"><div class=\"ugb-blog-posts__content\"><h3 class=\"ugb-blog-posts__title\"><a href=\"https:\/\/proyectosamsam.org\/de\/schreinerei-und-tischlereiwerkstatt\/\">Schreinerei und Tischlereiwerkstatt<\/a><\/h3><div class=\"ugb-blog-posts__excerpt\"><p>Vollendetes Projekt! Im Fr\u00fchjahr 2021 wurde mit dem Bau der Schreinerei im Stadtteil Sam Sam begonnen. Es handelt sich um das erste Zentrum, das Jugendlichen im Alter von 14 bis 22 Jahren eine Ausbildung in Schreinerei und Tischlerei bietet und damit eine Alternative zu Drogen und einem Leben am Rande der Gesellschaft darstellt. Budget von&#8230;<\/div><p class=\"ugb-blog-posts__readmore\"><a href=\"https:\/\/proyectosamsam.org\/de\/schreinerei-und-tischlereiwerkstatt\/\">Mehr lesen<\/a><\/p><\/div><\/article><\/div><\/div><\/div>\n<\/div><\/div><\/div><\/div><\/div><\/div>\n","protected":false},"excerpt":{"rendered":"<p>Klinik Gesundheit und Pflege f\u00fcr alle Der Bau einer Klinik in diesem verarmten Gebiet ist ein Hoffnungsschimmer und ein wichtiger Schritt hin zu einer ges\u00fcnderen und wohlhabenderen Zukunft f\u00fcr die Bev\u00f6lkerung. Die Klinik wird nicht nur ein Geb\u00e4ude aus Ziegeln und M\u00f6rtel sein, sondern auch ein greifbares Symbol des Fortschritts und der F\u00fcrsorge, das die&hellip; <a class=\"more-link\" href=\"https:\/\/proyectosamsam.org\/de\/posts\/\"><span class=\"screen-reader-text\">Posts<\/span> weiterlesen<\/a><\/p>\n","protected":false},"author":1,"featured_media":0,"parent":0,"menu_order":0,"comment_status":"closed","ping_status":"closed","template":"","meta":{"footnotes":""},"class_list":["post-515","page","type-page","status-publish","hentry","entry"],"featured_image_urls_v2":{"full":"","thumbnail":"","medium":"","medium_large":"","large":"","1536x1536":"","2048x2048":"","post-thumbnail":""},"post_excerpt_stackable_v2":"<p>Kategorien Kategorie ausw\u00e4hlen Ausbildung | Sam Sam Projekte&nbsp;&nbsp;(3) Bau und Infrastruktur | Sam Sam Projekte&nbsp;&nbsp;(4) Emanzipation | Sam Sam Projekte&nbsp;&nbsp;(1) N\u00fctzliche Informationen&nbsp;&nbsp;(2) KlinikGesundheit und Pflege f\u00fcr alle Der Bau einer Klinik in diesem verarmten Gebiet ist ein Hoffnungsschimmer und ein wichtiger Schritt hin zu einer ges\u00fcnderen und wohlhabenderen Zukunft f\u00fcr die Bev\u00f6lkerung. Die Klinik wird nicht nur ein Geb\u00e4ude aus Ziegeln und M\u00f6rtel sein, sondern auch ein greifbares Symbol des Fortschritts und der F\u00fcrsorge, das die Gemeinschaft&#8230;Mehr lesenAgrarwirtschaftEin Hoffnungsprojekt f\u00fcr eine benachteiligte Gemeinschaft Im Herzen einer verarmten Gemeinde entsteht ein Hoffnungsschimmer in Form eines Agrarprojekts, das das Leben ver\u00e4ndern und&hellip;<\/p>\n","category_list_v2":"","author_info_v2":{"name":"samsam_admin","url":"https:\/\/proyectosamsam.org\/de\/author\/samsam_admin\/"},"comments_num_v2":"0 comments","yoast_head":"<!-- This site is optimized with the Yoast SEO plugin v27.5 - https:\/\/yoast.com\/product\/yoast-seo-wordpress\/ -->\n<title>Posts | Proyectos Sam Sam<\/title>\n<meta name=\"description\" content=\"La secci\u00f3n posts recoge toda la informaci\u00f3n sobre los proyectos de construcci\u00f3n, equipamiento y formaci\u00f3n en el barrio de Sam Sam.\" \/>\n<meta name=\"robots\" content=\"noindex, follow, max-snippet:-1, max-image-preview:large, max-video-preview:-1\" \/>\n<meta property=\"og:locale\" content=\"de_DE\" \/>\n<meta property=\"og:type\" content=\"article\" \/>\n<meta property=\"og:title\" content=\"Posts | Proyectos Sam Sam\" \/>\n<meta property=\"og:description\" content=\"La secci\u00f3n posts recoge toda la informaci\u00f3n sobre los proyectos de construcci\u00f3n, equipamiento y formaci\u00f3n en el barrio de Sam Sam.\" \/>\n<meta property=\"og:url\" content=\"https:\/\/proyectosamsam.org\/de\/posts\/\" \/>\n<meta property=\"og:site_name\" content=\"Proyectos Sam Sam\" \/>\n<meta property=\"article:modified_time\" content=\"2023-11-01T10:55:38+00:00\" \/>\n<meta name=\"twitter:card\" content=\"summary_large_image\" \/>\n<script type=\"application\/ld+json\" class=\"yoast-schema-graph\">{\"@context\":\"https:\\\/\\\/schema.org\",\"@graph\":[{\"@type\":\"WebPage\",\"@id\":\"https:\\\/\\\/proyectosamsam.org\\\/de\\\/posts\\\/\",\"url\":\"https:\\\/\\\/proyectosamsam.org\\\/de\\\/posts\\\/\",\"name\":\"Posts | Proyectos Sam Sam\",\"isPartOf\":{\"@id\":\"https:\\\/\\\/proyectosamsam.org\\\/de\\\/#website\"},\"datePublished\":\"2021-11-20T18:23:00+00:00\",\"dateModified\":\"2023-11-01T10:55:38+00:00\",\"description\":\"La secci\u00f3n posts recoge toda la informaci\u00f3n sobre los proyectos de construcci\u00f3n, equipamiento y formaci\u00f3n en el barrio de Sam Sam.\",\"breadcrumb\":{\"@id\":\"https:\\\/\\\/proyectosamsam.org\\\/de\\\/posts\\\/#breadcrumb\"},\"inLanguage\":\"de\",\"potentialAction\":[{\"@type\":\"ReadAction\",\"target\":[\"https:\\\/\\\/proyectosamsam.org\\\/de\\\/posts\\\/\"]}]},{\"@type\":\"BreadcrumbList\",\"@id\":\"https:\\\/\\\/proyectosamsam.org\\\/de\\\/posts\\\/#breadcrumb\",\"itemListElement\":[{\"@type\":\"ListItem\",\"position\":1,\"name\":\"Home\",\"item\":\"https:\\\/\\\/proyectosamsam.org\\\/de\\\/\"},{\"@type\":\"ListItem\",\"position\":2,\"name\":\"Posts\"}]},{\"@type\":\"WebSite\",\"@id\":\"https:\\\/\\\/proyectosamsam.org\\\/de\\\/#website\",\"url\":\"https:\\\/\\\/proyectosamsam.org\\\/de\\\/\",\"name\":\"Proyectos Sam Sam\",\"description\":\"Sitio de Proyectos Sam Sam\",\"publisher\":{\"@id\":\"https:\\\/\\\/proyectosamsam.org\\\/de\\\/#organization\"},\"potentialAction\":[{\"@type\":\"SearchAction\",\"target\":{\"@type\":\"EntryPoint\",\"urlTemplate\":\"https:\\\/\\\/proyectosamsam.org\\\/de\\\/?s={search_term_string}\"},\"query-input\":{\"@type\":\"PropertyValueSpecification\",\"valueRequired\":true,\"valueName\":\"search_term_string\"}}],\"inLanguage\":\"de\"},{\"@type\":\"Organization\",\"@id\":\"https:\\\/\\\/proyectosamsam.org\\\/de\\\/#organization\",\"name\":\"Proyectos Sam Sam\",\"url\":\"https:\\\/\\\/proyectosamsam.org\\\/de\\\/\",\"logo\":{\"@type\":\"ImageObject\",\"inLanguage\":\"de\",\"@id\":\"https:\\\/\\\/proyectosamsam.org\\\/de\\\/#\\\/schema\\\/logo\\\/image\\\/\",\"url\":\"https:\\\/\\\/proyectosamsam.org\\\/de\\\/wp-content\\\/uploads\\\/2021\\\/10\\\/Logo-Web.png\",\"contentUrl\":\"https:\\\/\\\/proyectosamsam.org\\\/de\\\/wp-content\\\/uploads\\\/2021\\\/10\\\/Logo-Web.png\",\"width\":214,\"height\":86,\"caption\":\"Proyectos Sam Sam\"},\"image\":{\"@id\":\"https:\\\/\\\/proyectosamsam.org\\\/de\\\/#\\\/schema\\\/logo\\\/image\\\/\"}}]}<\/script>\n<!-- \/ Yoast SEO plugin. -->","yoast_head_json":{"title":"Posts | Proyectos Sam Sam","description":"La secci\u00f3n posts recoge toda la informaci\u00f3n sobre los proyectos de construcci\u00f3n, equipamiento y formaci\u00f3n en el barrio de Sam Sam.","robots":{"index":"noindex","follow":"follow","max-snippet":"max-snippet:-1","max-image-preview":"max-image-preview:large","max-video-preview":"max-video-preview:-1"},"og_locale":"de_DE","og_type":"article","og_title":"Posts | Proyectos Sam Sam","og_description":"La secci\u00f3n posts recoge toda la informaci\u00f3n sobre los proyectos de construcci\u00f3n, equipamiento y formaci\u00f3n en el barrio de Sam Sam.","og_url":"https:\/\/proyectosamsam.org\/de\/posts\/","og_site_name":"Proyectos Sam Sam","article_modified_time":"2023-11-01T10:55:38+00:00","twitter_card":"summary_large_image","schema":{"@context":"https:\/\/schema.org","@graph":[{"@type":"WebPage","@id":"https:\/\/proyectosamsam.org\/de\/posts\/","url":"https:\/\/proyectosamsam.org\/de\/posts\/","name":"Posts | Proyectos Sam Sam","isPartOf":{"@id":"https:\/\/proyectosamsam.org\/de\/#website"},"datePublished":"2021-11-20T18:23:00+00:00","dateModified":"2023-11-01T10:55:38+00:00","description":"La secci\u00f3n posts recoge toda la informaci\u00f3n sobre los proyectos de construcci\u00f3n, equipamiento y formaci\u00f3n en el barrio de Sam Sam.","breadcrumb":{"@id":"https:\/\/proyectosamsam.org\/de\/posts\/#breadcrumb"},"inLanguage":"de","potentialAction":[{"@type":"ReadAction","target":["https:\/\/proyectosamsam.org\/de\/posts\/"]}]},{"@type":"BreadcrumbList","@id":"https:\/\/proyectosamsam.org\/de\/posts\/#breadcrumb","itemListElement":[{"@type":"ListItem","position":1,"name":"Home","item":"https:\/\/proyectosamsam.org\/de\/"},{"@type":"ListItem","position":2,"name":"Posts"}]},{"@type":"WebSite","@id":"https:\/\/proyectosamsam.org\/de\/#website","url":"https:\/\/proyectosamsam.org\/de\/","name":"Proyectos Sam Sam","description":"Sitio de Proyectos Sam Sam","publisher":{"@id":"https:\/\/proyectosamsam.org\/de\/#organization"},"potentialAction":[{"@type":"SearchAction","target":{"@type":"EntryPoint","urlTemplate":"https:\/\/proyectosamsam.org\/de\/?s={search_term_string}"},"query-input":{"@type":"PropertyValueSpecification","valueRequired":true,"valueName":"search_term_string"}}],"inLanguage":"de"},{"@type":"Organization","@id":"https:\/\/proyectosamsam.org\/de\/#organization","name":"Proyectos Sam Sam","url":"https:\/\/proyectosamsam.org\/de\/","logo":{"@type":"ImageObject","inLanguage":"de","@id":"https:\/\/proyectosamsam.org\/de\/#\/schema\/logo\/image\/","url":"https:\/\/proyectosamsam.org\/de\/wp-content\/uploads\/2021\/10\/Logo-Web.png","contentUrl":"https:\/\/proyectosamsam.org\/de\/wp-content\/uploads\/2021\/10\/Logo-Web.png","width":214,"height":86,"caption":"Proyectos Sam Sam"},"image":{"@id":"https:\/\/proyectosamsam.org\/de\/#\/schema\/logo\/image\/"}}]}},"_links":{"self":[{"href":"https:\/\/proyectosamsam.org\/de\/wp-json\/wp\/v2\/pages\/515","targetHints":{"allow":["GET"]}}],"collection":[{"href":"https:\/\/proyectosamsam.org\/de\/wp-json\/wp\/v2\/pages"}],"about":[{"href":"https:\/\/proyectosamsam.org\/de\/wp-json\/wp\/v2\/types\/page"}],"author":[{"embeddable":true,"href":"https:\/\/proyectosamsam.org\/de\/wp-json\/wp\/v2\/users\/1"}],"replies":[{"embeddable":true,"href":"https:\/\/proyectosamsam.org\/de\/wp-json\/wp\/v2\/comments?post=515"}],"version-history":[{"count":11,"href":"https:\/\/proyectosamsam.org\/de\/wp-json\/wp\/v2\/pages\/515\/revisions"}],"predecessor-version":[{"id":1068,"href":"https:\/\/proyectosamsam.org\/de\/wp-json\/wp\/v2\/pages\/515\/revisions\/1068"}],"wp:attachment":[{"href":"https:\/\/proyectosamsam.org\/de\/wp-json\/wp\/v2\/media?parent=515"}],"curies":[{"name":"wp","href":"https:\/\/api.w.org\/{rel}","templated":true}]}}