{"id":6,"date":"2021-10-05T12:00:13","date_gmt":"2021-10-05T12:00:13","guid":{"rendered":"https:\/\/proyectosamsam.org\/de\/?page_id=6"},"modified":"2023-11-04T06:44:58","modified_gmt":"2023-11-04T06:44:58","slug":"regina","status":"publish","type":"page","link":"https:\/\/proyectosamsam.org\/de\/regina\/","title":{"rendered":"Regina"},"content":{"rendered":"\n<div class=\"alignwide wp-block-ugb-columns ugb-columns ugb-7361089 ugb-columns--design-plain ugb-columns--columns-2 ugb-main-block\"><div class=\"ugb-inner-block\"><div class=\"ugb-block-content\"><div class=\"ugb-columns__item ugb-7361089-content-wrapper\">\n<div class=\"wp-block-ugb-column ugb-column ugb-9311a54 ugb-column--design-plain ugb-main-block\"><div class=\"ugb-inner-block\"><div class=\"ugb-block-content\"><div class=\"ugb-column__item ugb-9311a54-column-wrapper\"><div class=\"ugb-column__content-wrapper\">\n<p>Etelvina Casado ist Ordensfrau des Ordens der Jesuiten. Jeder kennt sie als Regina. Sie wurde in Rodanillo (Le\u00f3n) geboren, hat aber fast ihr ganzes Leben in Afrika verbracht. <\/p>\n\n\n\n<div style=\"height:15px\" aria-hidden=\"true\" class=\"wp-block-spacer\"><\/div>\n\n\n\n<p>Mit \u00fcber 80 Jahren k\u00e4mpft ihr unerm\u00fcdlicher und dynamischer Geist nicht nur daf\u00fcr, das Leben Benachteiligter zu verbessern, sondern auch Menschen in einer ausweglosen Situation zu helfen. <\/p>\n\n\n\n<div style=\"height:15px\" aria-hidden=\"true\" class=\"wp-block-spacer\"><\/div>\n\n\n\n<p>Vieles wurde von ihr erreicht, aber es bleibt immer noch viel zu tun, damit das Projekt nicht mit ihr stirbt.<\/p>\n<\/div><\/div><\/div><\/div><\/div>\n\n\n\n<div class=\"wp-block-ugb-column ugb-column ugb-e502e53 ugb-column--design-plain ugb-main-block\"><div class=\"ugb-inner-block\"><div class=\"ugb-block-content\"><div class=\"ugb-column__item ugb-e502e53-column-wrapper\"><div class=\"ugb-column__content-wrapper\">\n<figure class=\"wp-block-image size-full\"><img loading=\"lazy\" decoding=\"async\" width=\"771\" height=\"525\" src=\"https:\/\/proyectosamsam.org\/de\/wp-content\/uploads\/2021\/11\/Regina-Casado-1.png\" alt=\"Regina Casado | Proyectos Sam Sam\" class=\"wp-image-360\" srcset=\"https:\/\/proyectosamsam.org\/de\/wp-content\/uploads\/2021\/11\/Regina-Casado-1.png 771w, https:\/\/proyectosamsam.org\/de\/wp-content\/uploads\/2021\/11\/Regina-Casado-1-300x204.png 300w, https:\/\/proyectosamsam.org\/de\/wp-content\/uploads\/2021\/11\/Regina-Casado-1-768x523.png 768w\" sizes=\"auto, (max-width: 771px) 100vw, 771px\" \/><\/figure>\n<\/div><\/div><\/div><\/div><\/div>\n<\/div><\/div><\/div><\/div>\n\n\n\n<h2 class=\"wp-block-heading alignfull has-text-align-center has-text-color\" style=\"color:#dd2e44\"><em>Neue Horizonten in Sam Sam<\/em> <em>er\u00f6ffnen <\/em><\/h2>\n\n\n\n<p class=\"has-text-align-center\">Es ist vielleicht das erste Mal, dass Sie von Regina h\u00f6ren, aber ihr jahrelanges Engagement f\u00fcr andere und ihr fr\u00f6hlicher, ansteckender Geist wird Sie einnehmen, wenn Sie die Spanierin kennengelernt.<\/p>\n\n\n\n<div class=\"alignfull wp-block-ugb-feature-grid ugb-feature-grid ugb-6af278f ugb-feature-grid--v2 ugb-feature-grid--columns-1 ugb-feature-grid--design-basic ugb-main-block\"><div class=\"ugb-inner-block\"><div class=\"ugb-block-content\"><div class=\"ugb-feature-grid__item ugb-feature-grid__item1\"><div class=\"ugb-feature-grid__image\"><img loading=\"lazy\" decoding=\"async\" width=\"600\" height=\"83\" class=\"ugb-img wp-image-1065\" src=\"https:\/\/proyectosamsam.org\/de\/wp-content\/uploads\/2023\/11\/Domradio.de_.png\" alt=\"Domradio.de\" title=\"\" srcset=\"https:\/\/proyectosamsam.org\/de\/wp-content\/uploads\/2023\/11\/Domradio.de_.png 600w, https:\/\/proyectosamsam.org\/de\/wp-content\/uploads\/2023\/11\/Domradio.de_-300x42.png 300w\" sizes=\"auto, (max-width: 600px) 100vw, 600px\" \/><\/div><div class=\"ugb-feature-grid__content\"><h5 class=\"ugb-feature-grid__title\">Eine Frau steht ihren Mann<\/h5><div class=\"ugb-button-container\"><a class=\"ugb-button ugb-button--size-normal ugb-button--design-plain\" href=\"https:\/\/domradio.de\/artikel\/83jaehrige-ordensschwester-gibt-im-senegal-armen-hoffnung\" target=\"_blank\" rel=\"noopener noreferrer\" title=\"\"><span class=\"ugb-button--inner\"><span style=\"color: #dd2e44;\" class=\"ugb-highlight\">Mehr lesen<\/span><\/span><\/a><\/div><\/div><\/div><\/div><\/div><\/div>\n\n\n\n<figure class=\"wp-block-embed alignfull is-type-video is-provider-youtube wp-block-embed-youtube wp-embed-aspect-16-9 wp-has-aspect-ratio\"><div class=\"wp-block-embed__wrapper\">\n<iframe loading=\"lazy\" title=\"2015 - Senegal - De mujer a mujer. Pueblo de Dios TVE | Manos Unidas\" width=\"750\" height=\"422\" src=\"https:\/\/www.youtube.com\/embed\/2y181RCFy54?start=766&#038;feature=oembed\" frameborder=\"0\" allow=\"accelerometer; autoplay; clipboard-write; encrypted-media; gyroscope; picture-in-picture; web-share\" allowfullscreen><\/iframe>\n<\/div><\/figure>\n\n\n\n<div class=\"alignfull wp-block-ugb-feature-grid ugb-feature-grid ugb-2039eea ugb-feature-grid--v2 ugb-feature-grid--columns-4 ugb-feature-grid--design-basic ugb-main-block\"><div class=\"ugb-inner-block\"><div class=\"ugb-block-content\"><div class=\"ugb-feature-grid__item ugb-feature-grid__item1\"><div class=\"ugb-feature-grid__image\"><img loading=\"lazy\" decoding=\"async\" width=\"313\" height=\"161\" class=\"ugb-img wp-image-423\" src=\"https:\/\/proyectosamsam.org\/de\/wp-content\/uploads\/2021\/11\/rtve.jpg\" alt=\"rtve logo\" title=\"\" srcset=\"https:\/\/proyectosamsam.org\/de\/wp-content\/uploads\/2021\/11\/rtve.jpg 313w, https:\/\/proyectosamsam.org\/de\/wp-content\/uploads\/2021\/11\/rtve-300x154.jpg 300w\" sizes=\"auto, (max-width: 313px) 100vw, 313px\" \/><\/div><div class=\"ugb-feature-grid__content\"><h5 class=\"ugb-feature-grid__title\"> Sam Sam: las princesas de Regina<\/h5><div class=\"ugb-button-container\"><a class=\"ugb-button ugb-button--size-normal ugb-button--design-plain\" href=\"https:\/\/blog.rtve.es\/pueblo-de-dios\/2015\/05\/sam-sam-las-princesas-de-regina.html\" target=\"_blank\" rel=\"noopener noreferrer\" title=\"\"><span class=\"ugb-button--inner\"><span style=\"color: #dd2e44;\" class=\"ugb-highlight\">Mehr lesen<\/span><\/span><\/a><\/div><\/div><\/div><div class=\"ugb-feature-grid__item ugb-feature-grid__item2\"><div class=\"ugb-feature-grid__image\"><img loading=\"lazy\" decoding=\"async\" width=\"266\" height=\"172\" class=\"ugb-img wp-image-421\" src=\"https:\/\/proyectosamsam.org\/de\/wp-content\/uploads\/2021\/11\/Manos-Unidas.jpg\" alt=\"Manos Unidas logo\" title=\"\"\/><\/div><div class=\"ugb-feature-grid__content\"><h5 class=\"ugb-feature-grid__title\">Sam Sam: en el coraz\u00f3n del barrio<\/h5><div class=\"ugb-button-container\"><a class=\"ugb-button ugb-button--size-normal ugb-button--design-plain\" href=\"\" target=\"_blank\" rel=\"noopener noreferrer\" title=\"\"><span class=\"ugb-button--inner\"><span style=\"color: #dd2e44;\" class=\"ugb-highlight\">Mehr lesen<\/span><\/span><\/a><\/div><\/div><\/div><div class=\"ugb-feature-grid__item ugb-feature-grid__item3\"><div class=\"ugb-feature-grid__image\"><img loading=\"lazy\" decoding=\"async\" width=\"461\" height=\"109\" class=\"ugb-img wp-image-420\" src=\"https:\/\/proyectosamsam.org\/de\/wp-content\/uploads\/2021\/11\/elmundo.es_.png\" alt=\"elmundo.es logo\" title=\"\" srcset=\"https:\/\/proyectosamsam.org\/de\/wp-content\/uploads\/2021\/11\/elmundo.es_.png 461w, https:\/\/proyectosamsam.org\/de\/wp-content\/uploads\/2021\/11\/elmundo.es_-300x71.png 300w\" sizes=\"auto, (max-width: 461px) 100vw, 461px\" \/><\/div><div class=\"ugb-feature-grid__content\"><h5 class=\"ugb-feature-grid__title\">200 razones para el compromiso<\/h5><div class=\"ugb-button-container\"><a class=\"ugb-button ugb-button--size-normal ugb-button--design-plain\" href=\"https:\/\/www.elmundo.es\/elmundo\/2007\/08\/30\/solidaridad\/1188490750.html\" target=\"_blank\" rel=\"noopener noreferrer\" title=\"\"><span class=\"ugb-button--inner\"><span style=\"color: #dd2e44;\" class=\"ugb-highlight\">Mehr lesen<\/span><\/span><\/a><\/div><\/div><\/div><div class=\"ugb-feature-grid__item ugb-feature-grid__item4\"><div class=\"ugb-feature-grid__image\"><img loading=\"lazy\" decoding=\"async\" width=\"225\" height=\"225\" class=\"ugb-img wp-image-887\" src=\"https:\/\/proyectosamsam.org\/de\/wp-content\/uploads\/2022\/10\/El-Pais.png\" alt=\"Logotipo El Pa\u00eds\" title=\"\" srcset=\"https:\/\/proyectosamsam.org\/de\/wp-content\/uploads\/2022\/10\/El-Pais.png 225w, https:\/\/proyectosamsam.org\/de\/wp-content\/uploads\/2022\/10\/El-Pais-150x150.png 150w\" sizes=\"auto, (max-width: 225px) 100vw, 225px\" \/><\/div><div class=\"ugb-feature-grid__content\"><h5 class=\"ugb-feature-grid__title\">Me voy a ir con los m\u00e1s pobres para que no los aplasten<\/h5><div class=\"ugb-button-container\"><a class=\"ugb-button ugb-button--size-normal ugb-button--design-plain\" href=\"https:\/\/elpais.com\/planeta-futuro\/que-mueve-a\/2022-10-03\/me-voy-a-ir-con-los-mas-pobres-para-que-no-los-aplasten.html\" target=\"_blank\" rel=\"noopener noreferrer\" title=\"\"><span class=\"ugb-button--inner\"> <span style=\"color: #dd2e44;\" class=\"ugb-highlight\">Mehr lesen<\/span><\/span><\/a><\/div><\/div><\/div><\/div><\/div><\/div>\n\n\n\n<p><\/p>\n","protected":false},"excerpt":{"rendered":"<p>Etelvina Casado ist Ordensfrau des Ordens der Jesuiten. Jeder kennt sie als Regina. Sie wurde in Rodanillo (Le\u00f3n) geboren, hat aber fast ihr ganzes Leben in Afrika verbracht. Mit \u00fcber 80 Jahren k\u00e4mpft ihr unerm\u00fcdlicher und dynamischer Geist nicht nur daf\u00fcr, das Leben Benachteiligter zu verbessern, sondern auch Menschen in einer ausweglosen Situation zu helfen.&hellip; <a class=\"more-link\" href=\"https:\/\/proyectosamsam.org\/de\/regina\/\"><span class=\"screen-reader-text\">Regina<\/span> weiterlesen<\/a><\/p>\n","protected":false},"author":1,"featured_media":0,"parent":0,"menu_order":0,"comment_status":"closed","ping_status":"closed","template":"","meta":{"footnotes":""},"class_list":["post-6","page","type-page","status-publish","hentry","entry"],"featured_image_urls_v2":{"full":"","thumbnail":"","medium":"","medium_large":"","large":"","1536x1536":"","2048x2048":"","post-thumbnail":""},"post_excerpt_stackable_v2":"<p>Etelvina Casado ist Ordensfrau des Ordens der Jesuiten. Jeder kennt sie als Regina. Sie wurde in Rodanillo (Le\u00f3n) geboren, hat aber fast ihr ganzes Leben in Afrika verbracht. Mit \u00fcber 80 Jahren k\u00e4mpft ihr unerm\u00fcdlicher und dynamischer Geist nicht nur daf\u00fcr, das Leben Benachteiligter zu verbessern, sondern auch Menschen in einer ausweglosen Situation zu helfen. Vieles wurde von ihr erreicht, aber es bleibt immer noch viel zu tun, damit das Projekt nicht mit ihr stirbt. Neue Horizonten in Sam Sam er\u00f6ffnen Es ist vielleicht das erste Mal, dass Sie von Regina h\u00f6ren, aber ihr jahrelanges Engagement f\u00fcr andere und ihr&hellip;<\/p>\n","category_list_v2":"","author_info_v2":{"name":"samsam_admin","url":"https:\/\/proyectosamsam.org\/de\/author\/samsam_admin\/"},"comments_num_v2":"0 comments","yoast_head":"<!-- This site is optimized with the Yoast SEO plugin v27.3 - https:\/\/yoast.com\/product\/yoast-seo-wordpress\/ -->\n<title>Regina | Projekte Sam Sam<\/title>\n<meta name=\"description\" content=\"Regina, eine Jesuiten-Schwester, die auch in ihren \u00fcber 80 Jahren mit jeder Projekt in Sam Sam ihre Freude und Dynamik begeistert und verbreitet.\" \/>\n<meta name=\"robots\" content=\"noindex, follow, max-snippet:-1, max-image-preview:large, max-video-preview:-1\" \/>\n<meta property=\"og:locale\" content=\"de_DE\" \/>\n<meta property=\"og:type\" content=\"article\" \/>\n<meta property=\"og:title\" content=\"Regina | Projekte Sam Sam\" \/>\n<meta property=\"og:description\" content=\"Regina, eine Jesuiten-Schwester, die auch in ihren \u00fcber 80 Jahren mit jeder Projekt in Sam Sam ihre Freude und Dynamik begeistert und verbreitet.\" \/>\n<meta property=\"og:url\" content=\"https:\/\/proyectosamsam.org\/de\/regina\/\" \/>\n<meta property=\"og:site_name\" content=\"Proyectos Sam Sam\" \/>\n<meta property=\"article:modified_time\" content=\"2023-11-04T06:44:58+00:00\" \/>\n<meta property=\"og:image\" content=\"https:\/\/proyectosamsam.org\/de\/wp-content\/uploads\/2021\/11\/Regina-Casado-1.png\" \/>\n<meta name=\"twitter:card\" content=\"summary_large_image\" \/>\n<meta name=\"twitter:label1\" content=\"Gesch\u00e4tzte Lesezeit\" \/>\n\t<meta name=\"twitter:data1\" content=\"3\u00a0Minuten\" \/>\n<script type=\"application\/ld+json\" class=\"yoast-schema-graph\">{\"@context\":\"https:\\\/\\\/schema.org\",\"@graph\":[{\"@type\":\"WebPage\",\"@id\":\"https:\\\/\\\/proyectosamsam.org\\\/de\\\/regina\\\/\",\"url\":\"https:\\\/\\\/proyectosamsam.org\\\/de\\\/regina\\\/\",\"name\":\"Regina | Projekte Sam Sam\",\"isPartOf\":{\"@id\":\"https:\\\/\\\/proyectosamsam.org\\\/de\\\/#website\"},\"primaryImageOfPage\":{\"@id\":\"https:\\\/\\\/proyectosamsam.org\\\/de\\\/regina\\\/#primaryimage\"},\"image\":{\"@id\":\"https:\\\/\\\/proyectosamsam.org\\\/de\\\/regina\\\/#primaryimage\"},\"thumbnailUrl\":\"https:\\\/\\\/proyectosamsam.org\\\/de\\\/wp-content\\\/uploads\\\/2021\\\/11\\\/Regina-Casado-1.png\",\"datePublished\":\"2021-10-05T12:00:13+00:00\",\"dateModified\":\"2023-11-04T06:44:58+00:00\",\"description\":\"Regina, eine Jesuiten-Schwester, die auch in ihren \u00fcber 80 Jahren mit jeder Projekt in Sam Sam ihre Freude und Dynamik begeistert und verbreitet.\",\"breadcrumb\":{\"@id\":\"https:\\\/\\\/proyectosamsam.org\\\/de\\\/regina\\\/#breadcrumb\"},\"inLanguage\":\"de\",\"potentialAction\":[{\"@type\":\"ReadAction\",\"target\":[\"https:\\\/\\\/proyectosamsam.org\\\/de\\\/regina\\\/\"]}]},{\"@type\":\"ImageObject\",\"inLanguage\":\"de\",\"@id\":\"https:\\\/\\\/proyectosamsam.org\\\/de\\\/regina\\\/#primaryimage\",\"url\":\"https:\\\/\\\/proyectosamsam.org\\\/de\\\/wp-content\\\/uploads\\\/2021\\\/11\\\/Regina-Casado-1.png\",\"contentUrl\":\"https:\\\/\\\/proyectosamsam.org\\\/de\\\/wp-content\\\/uploads\\\/2021\\\/11\\\/Regina-Casado-1.png\",\"width\":771,\"height\":525,\"caption\":\"Regina Casado | Proyectos Sam Sam\"},{\"@type\":\"BreadcrumbList\",\"@id\":\"https:\\\/\\\/proyectosamsam.org\\\/de\\\/regina\\\/#breadcrumb\",\"itemListElement\":[{\"@type\":\"ListItem\",\"position\":1,\"name\":\"Home\",\"item\":\"https:\\\/\\\/proyectosamsam.org\\\/de\\\/\"},{\"@type\":\"ListItem\",\"position\":2,\"name\":\"Regina\"}]},{\"@type\":\"WebSite\",\"@id\":\"https:\\\/\\\/proyectosamsam.org\\\/de\\\/#website\",\"url\":\"https:\\\/\\\/proyectosamsam.org\\\/de\\\/\",\"name\":\"Proyectos Sam Sam\",\"description\":\"Sitio de Proyectos Sam Sam\",\"publisher\":{\"@id\":\"https:\\\/\\\/proyectosamsam.org\\\/de\\\/#organization\"},\"potentialAction\":[{\"@type\":\"SearchAction\",\"target\":{\"@type\":\"EntryPoint\",\"urlTemplate\":\"https:\\\/\\\/proyectosamsam.org\\\/de\\\/?s={search_term_string}\"},\"query-input\":{\"@type\":\"PropertyValueSpecification\",\"valueRequired\":true,\"valueName\":\"search_term_string\"}}],\"inLanguage\":\"de\"},{\"@type\":\"Organization\",\"@id\":\"https:\\\/\\\/proyectosamsam.org\\\/de\\\/#organization\",\"name\":\"Proyectos Sam Sam\",\"url\":\"https:\\\/\\\/proyectosamsam.org\\\/de\\\/\",\"logo\":{\"@type\":\"ImageObject\",\"inLanguage\":\"de\",\"@id\":\"https:\\\/\\\/proyectosamsam.org\\\/de\\\/#\\\/schema\\\/logo\\\/image\\\/\",\"url\":\"https:\\\/\\\/proyectosamsam.org\\\/de\\\/wp-content\\\/uploads\\\/2021\\\/10\\\/Logo-Web.png\",\"contentUrl\":\"https:\\\/\\\/proyectosamsam.org\\\/de\\\/wp-content\\\/uploads\\\/2021\\\/10\\\/Logo-Web.png\",\"width\":214,\"height\":86,\"caption\":\"Proyectos Sam Sam\"},\"image\":{\"@id\":\"https:\\\/\\\/proyectosamsam.org\\\/de\\\/#\\\/schema\\\/logo\\\/image\\\/\"}}]}<\/script>\n<!-- \/ Yoast SEO plugin. -->","yoast_head_json":{"title":"Regina | Projekte Sam Sam","description":"Regina, eine Jesuiten-Schwester, die auch in ihren \u00fcber 80 Jahren mit jeder Projekt in Sam Sam ihre Freude und Dynamik begeistert und verbreitet.","robots":{"index":"noindex","follow":"follow","max-snippet":"max-snippet:-1","max-image-preview":"max-image-preview:large","max-video-preview":"max-video-preview:-1"},"og_locale":"de_DE","og_type":"article","og_title":"Regina | Projekte Sam Sam","og_description":"Regina, eine Jesuiten-Schwester, die auch in ihren \u00fcber 80 Jahren mit jeder Projekt in Sam Sam ihre Freude und Dynamik begeistert und verbreitet.","og_url":"https:\/\/proyectosamsam.org\/de\/regina\/","og_site_name":"Proyectos Sam Sam","article_modified_time":"2023-11-04T06:44:58+00:00","og_image":[{"url":"https:\/\/proyectosamsam.org\/de\/wp-content\/uploads\/2021\/11\/Regina-Casado-1.png","type":"","width":"","height":""}],"twitter_card":"summary_large_image","twitter_misc":{"Gesch\u00e4tzte Lesezeit":"3\u00a0Minuten"},"schema":{"@context":"https:\/\/schema.org","@graph":[{"@type":"WebPage","@id":"https:\/\/proyectosamsam.org\/de\/regina\/","url":"https:\/\/proyectosamsam.org\/de\/regina\/","name":"Regina | Projekte Sam Sam","isPartOf":{"@id":"https:\/\/proyectosamsam.org\/de\/#website"},"primaryImageOfPage":{"@id":"https:\/\/proyectosamsam.org\/de\/regina\/#primaryimage"},"image":{"@id":"https:\/\/proyectosamsam.org\/de\/regina\/#primaryimage"},"thumbnailUrl":"https:\/\/proyectosamsam.org\/de\/wp-content\/uploads\/2021\/11\/Regina-Casado-1.png","datePublished":"2021-10-05T12:00:13+00:00","dateModified":"2023-11-04T06:44:58+00:00","description":"Regina, eine Jesuiten-Schwester, die auch in ihren \u00fcber 80 Jahren mit jeder Projekt in Sam Sam ihre Freude und Dynamik begeistert und verbreitet.","breadcrumb":{"@id":"https:\/\/proyectosamsam.org\/de\/regina\/#breadcrumb"},"inLanguage":"de","potentialAction":[{"@type":"ReadAction","target":["https:\/\/proyectosamsam.org\/de\/regina\/"]}]},{"@type":"ImageObject","inLanguage":"de","@id":"https:\/\/proyectosamsam.org\/de\/regina\/#primaryimage","url":"https:\/\/proyectosamsam.org\/de\/wp-content\/uploads\/2021\/11\/Regina-Casado-1.png","contentUrl":"https:\/\/proyectosamsam.org\/de\/wp-content\/uploads\/2021\/11\/Regina-Casado-1.png","width":771,"height":525,"caption":"Regina Casado | Proyectos Sam Sam"},{"@type":"BreadcrumbList","@id":"https:\/\/proyectosamsam.org\/de\/regina\/#breadcrumb","itemListElement":[{"@type":"ListItem","position":1,"name":"Home","item":"https:\/\/proyectosamsam.org\/de\/"},{"@type":"ListItem","position":2,"name":"Regina"}]},{"@type":"WebSite","@id":"https:\/\/proyectosamsam.org\/de\/#website","url":"https:\/\/proyectosamsam.org\/de\/","name":"Proyectos Sam Sam","description":"Sitio de Proyectos Sam Sam","publisher":{"@id":"https:\/\/proyectosamsam.org\/de\/#organization"},"potentialAction":[{"@type":"SearchAction","target":{"@type":"EntryPoint","urlTemplate":"https:\/\/proyectosamsam.org\/de\/?s={search_term_string}"},"query-input":{"@type":"PropertyValueSpecification","valueRequired":true,"valueName":"search_term_string"}}],"inLanguage":"de"},{"@type":"Organization","@id":"https:\/\/proyectosamsam.org\/de\/#organization","name":"Proyectos Sam Sam","url":"https:\/\/proyectosamsam.org\/de\/","logo":{"@type":"ImageObject","inLanguage":"de","@id":"https:\/\/proyectosamsam.org\/de\/#\/schema\/logo\/image\/","url":"https:\/\/proyectosamsam.org\/de\/wp-content\/uploads\/2021\/10\/Logo-Web.png","contentUrl":"https:\/\/proyectosamsam.org\/de\/wp-content\/uploads\/2021\/10\/Logo-Web.png","width":214,"height":86,"caption":"Proyectos Sam Sam"},"image":{"@id":"https:\/\/proyectosamsam.org\/de\/#\/schema\/logo\/image\/"}}]}},"_links":{"self":[{"href":"https:\/\/proyectosamsam.org\/de\/wp-json\/wp\/v2\/pages\/6","targetHints":{"allow":["GET"]}}],"collection":[{"href":"https:\/\/proyectosamsam.org\/de\/wp-json\/wp\/v2\/pages"}],"about":[{"href":"https:\/\/proyectosamsam.org\/de\/wp-json\/wp\/v2\/types\/page"}],"author":[{"embeddable":true,"href":"https:\/\/proyectosamsam.org\/de\/wp-json\/wp\/v2\/users\/1"}],"replies":[{"embeddable":true,"href":"https:\/\/proyectosamsam.org\/de\/wp-json\/wp\/v2\/comments?post=6"}],"version-history":[{"count":35,"href":"https:\/\/proyectosamsam.org\/de\/wp-json\/wp\/v2\/pages\/6\/revisions"}],"predecessor-version":[{"id":1072,"href":"https:\/\/proyectosamsam.org\/de\/wp-json\/wp\/v2\/pages\/6\/revisions\/1072"}],"wp:attachment":[{"href":"https:\/\/proyectosamsam.org\/de\/wp-json\/wp\/v2\/media?parent=6"}],"curies":[{"name":"wp","href":"https:\/\/api.w.org\/{rel}","templated":true}]}}