{"id":7,"date":"2021-10-05T12:00:13","date_gmt":"2021-10-05T12:00:13","guid":{"rendered":"https:\/\/proyectosamsam.org\/de\/?page_id=7"},"modified":"2023-10-30T15:53:46","modified_gmt":"2023-10-30T15:53:46","slug":"jetzt-helfen-sam-sam-projekte","status":"publish","type":"page","link":"https:\/\/proyectosamsam.org\/de\/jetzt-helfen-sam-sam-projekte\/","title":{"rendered":"Jetzt helfen"},"content":{"rendered":"\n<div class=\"alignfull wp-block-ugb-columns ugb-columns ugb-198118a ugb-columns--design-plain ugb-columns--columns-3 ugb-main-block\"><div class=\"ugb-inner-block\"><div class=\"ugb-block-content\"><div class=\"ugb-columns__item ugb-198118a-content-wrapper\">\n<div class=\"wp-block-ugb-column ugb-column ugb-6235cff ugb-column--design-plain ugb-main-block\"><div class=\"ugb-inner-block\"><div class=\"ugb-block-content\"><div class=\"ugb-column__item ugb-6235cff-column-wrapper\"><div class=\"ugb-column__content-wrapper\">\n<div class=\"wp-block-ugb-icon ugb-icon ugb-6a7c5e8 ugb-icon--v2 ugb-icon--design-basic ugb-main-block\"><style>.ugb-6a7c5e8 .ugb-icon__icon .ugb-icon-inner-svg,.ugb-6a7c5e8 .ugb-icon__icon .ugb-icon-inner-svg svg{width:120px !important;height:120px !important}.ugb-6a7c5e8 .ugb-icon__icon .ugb-icon-inner-svg{color:#dd2e44 !important}.ugb-6a7c5e8 .ugb-icon__icon .ugb-icon-inner-svg,.ugb-6a7c5e8 .ugb-icon__icon .ugb-icon-inner-svg svg *{color:#dd2e44 !important;fill:#dd2e44 !important}<\/style><div class=\"ugb-inner-block\"><div class=\"ugb-block-content\"><div class=\"ugb-icon__content-wrapper\"><div class=\"ugb-icon__item ugb-icon__item1\"><div class=\"ugb-icon__icon\" rel=\"\"><div class=\"ugb-icon-inner-svg\"><svg data-prefix=\"fas\" data-icon=\"sitemap\" class=\"svg-inline--fa fa-sitemap fa-w-20\" role=\"img\" xmlns=\"http:\/\/www.w3.org\/2000\/svg\" viewBox=\"0 0 640 512\"><path fill=\"currentColor\" d=\"M128 352H32c-17.67 0-32 14.33-32 32v96c0 17.67 14.33 32 32 32h96c17.67 0 32-14.33 32-32v-96c0-17.67-14.33-32-32-32zm-24-80h192v48h48v-48h192v48h48v-57.59c0-21.17-17.23-38.41-38.41-38.41H344v-64h40c17.67 0 32-14.33 32-32V32c0-17.67-14.33-32-32-32H256c-17.67 0-32 14.33-32 32v96c0 17.67 14.33 32 32 32h40v64H94.41C73.23 224 56 241.23 56 262.41V320h48v-48zm264 80h-96c-17.67 0-32 14.33-32 32v96c0 17.67 14.33 32 32 32h96c17.67 0 32-14.33 32-32v-96c0-17.67-14.33-32-32-32zm240 0h-96c-17.67 0-32 14.33-32 32v96c0 17.67 14.33 32 32 32h96c17.67 0 32-14.33 32-32v-96c0-17.67-14.33-32-32-32z\"><\/path><\/svg><\/div><\/div><h2 class=\"ugb-icon__title\">Teile<\/h2><\/div><\/div><\/div><\/div><\/div>\n\n\n\n<p class=\"has-text-align-center\">Helfen Sie uns, <span style=\"color: #dd2e44;\" class=\"ugb-highlight\">Sam Sam Projekte<\/span> bekannt zu machen, indem Sie diese Seite mit Ihren Freunden und Bekannten teilen.<\/p>\n\n\n\n<p class=\"has-text-align-center\">Und wenn Sie konkrete Vorschl\u00e4ge haben, das Leben in Sam Sam zu verbessern, teilen Sie Ihre Ideen mit uns und schreiben Sie an:<\/p>\n<\/div><\/div><\/div><\/div><\/div>\n\n\n\n<div class=\"wp-block-ugb-column ugb-column ugb-d099fe1 ugb-column--design-plain ugb-main-block\"><div class=\"ugb-inner-block\"><div class=\"ugb-block-content\"><div class=\"ugb-column__item ugb-d099fe1-column-wrapper\"><div class=\"ugb-column__content-wrapper\">\n<div class=\"wp-block-ugb-icon ugb-icon ugb-e2165a6 ugb-icon--v2 ugb-icon--design-basic ugb-main-block\"><style>.ugb-e2165a6 .ugb-icon__icon .ugb-icon-inner-svg,.ugb-e2165a6 .ugb-icon__icon .ugb-icon-inner-svg svg{width:120px !important;height:120px !important}.ugb-e2165a6 .ugb-icon__icon .ugb-icon-inner-svg{color:#dd2e44 !important}.ugb-e2165a6 .ugb-icon__icon .ugb-icon-inner-svg,.ugb-e2165a6 .ugb-icon__icon .ugb-icon-inner-svg svg *{color:#dd2e44 !important;fill:#dd2e44 !important}<\/style><div class=\"ugb-inner-block\"><div class=\"ugb-block-content\"><div class=\"ugb-icon__content-wrapper\"><div class=\"ugb-icon__item ugb-icon__item1\"><div class=\"ugb-icon__icon\" rel=\"\"><div class=\"ugb-icon-inner-svg\"><svg data-prefix=\"fab\" data-icon=\"innosoft\" class=\"svg-inline--fa fa-innosoft fa-w-14\" role=\"img\" xmlns=\"http:\/\/www.w3.org\/2000\/svg\" viewBox=\"0 0 448 512\"><path fill=\"currentColor\" d=\"M422.559,159.71a27.379,27.379,0,0,0-13.866-23.337,26.42,26.42,0,0,0-26.211.133L73.943,314.647V176.261a11.955,11.955,0,0,1,6.047-10.34L218.066,86.208a12.153,12.153,0,0,1,11.922.025l32.656,18.853L112.581,191.723v56L359.642,105.086,241.129,36.679c-10.992-6.129-22.3-6.255-33.8-.27l-164.6,95.026c-10.634,6.12-16.771,16.39-17.29,29.124l0,191.5c.17,10.135,5.08,18.672,13.474,23.428a27.037,27.037,0,0,0,26.736-.045L374.057,197.376V335.657a11.976,11.976,0,0,1-5.92,10.368L230.025,425.77a12.175,12.175,0,0,1-11.937.062l-32.723-18.9,150.051-86.627v-56L88.367,406.932l118.794,68.583a33.88,33.88,0,0,0,34.25-.327l164.527-94.995c10.746-6.631,16.649-17.118,16.624-29.528Z\"><\/path><\/svg><\/div><\/div><h2 class=\"ugb-icon__title\">Verbreite<\/h2><\/div><\/div><\/div><\/div><\/div>\n\n\n\n<p class=\"has-text-align-center\">Bald werden wir das Konto von <span style=\"color: #dd2e44;\" class=\"ugb-highlight\">Sam Sam Projekte<\/span> in sozialen Netzwerken er\u00f6ffnen, damit Sie aus erster Hand und in Echtzeit Informationen \u00fcber unsere Fortschritte erhalten.<\/p>\n\n\n\n<p class=\"has-text-align-center\">Helfen Sie uns, Inhalte von Sam Sam zu verbreiten, damit sie viral werden und mehr Menschen erreichen.<\/p>\n<\/div><\/div><\/div><\/div><\/div>\n\n\n\n<div class=\"wp-block-ugb-column ugb-column ugb-4f118b4 ugb-column--design-plain ugb-main-block\"><div class=\"ugb-inner-block\"><div class=\"ugb-block-content\"><div class=\"ugb-column__item ugb-4f118b4-column-wrapper\"><div class=\"ugb-column__content-wrapper\">\n<div class=\"wp-block-ugb-icon ugb-icon ugb-7922539 ugb-icon--v2 ugb-icon--design-basic ugb-main-block\"><style>.ugb-7922539 .ugb-icon__icon .ugb-icon-inner-svg,.ugb-7922539 .ugb-icon__icon .ugb-icon-inner-svg svg{width:120px !important;height:120px !important}.ugb-7922539 .ugb-icon__icon .ugb-icon-inner-svg{color:#dd2e44 !important}.ugb-7922539 .ugb-icon__icon .ugb-icon-inner-svg,.ugb-7922539 .ugb-icon__icon .ugb-icon-inner-svg svg *{color:#dd2e44 !important;fill:#dd2e44 !important}<\/style><div class=\"ugb-inner-block\"><div class=\"ugb-block-content\"><div class=\"ugb-icon__content-wrapper\"><div class=\"ugb-icon__item ugb-icon__item1\"><div class=\"ugb-icon__icon\" rel=\"\"><div class=\"ugb-icon-inner-svg\"><svg data-prefix=\"fas\" data-icon=\"window-restore\" class=\"svg-inline--fa fa-window-restore fa-w-16\" role=\"img\" xmlns=\"http:\/\/www.w3.org\/2000\/svg\" viewBox=\"0 0 512 512\"><path fill=\"currentColor\" d=\"M512 48v288c0 26.5-21.5 48-48 48h-48V176c0-44.1-35.9-80-80-80H128V48c0-26.5 21.5-48 48-48h288c26.5 0 48 21.5 48 48zM384 176v288c0 26.5-21.5 48-48 48H48c-26.5 0-48-21.5-48-48V176c0-26.5 21.5-48 48-48h288c26.5 0 48 21.5 48 48zm-68 28c0-6.6-5.4-12-12-12H76c-6.6 0-12 5.4-12 12v52h252v-52z\"><\/path><\/svg><\/div><\/div><h2 class=\"ugb-icon__title\">Kooperiere<\/h2><\/div><\/div><\/div><\/div><\/div>\n\n\n\n<p class=\"has-text-align-center\">Falls Sie Geld spenden wollen, punktuell oder wiederkehrend, dann \u00fcberweisen Sie dieses bitte an:<\/p>\n\n\n\n<div style=\"height:15px\" aria-hidden=\"true\" class=\"wp-block-spacer\"><\/div>\n\n\n\n<p class=\"has-text-align-center\"><strong>NICOL\u00c1S BARR\u00c9 SOLIDARIDAD<\/strong> <\/p>\n\n\n\n<p class=\"has-text-align-center\">IBAN ES0500496791722216011180<\/p>\n\n\n\n<div style=\"height:15px\" aria-hidden=\"true\" class=\"wp-block-spacer\"><\/div>\n\n\n\n<p class=\"has-text-align-center\">Wir freuen uns auch \u00fcber die Ausstattung und Material f\u00fcr die Ausbildungszentren sowie konkrete Workshops von Firmen vor Ort sowie m\u00f6gliche Ausbildungsvertr\u00e4ge von Lehrlingen in anderen L\u00e4ndern, um nachher ihr Wissen in Sam Sam weiterzugeben.<\/p>\n<\/div><\/div><\/div><\/div><\/div>\n<\/div><\/div><\/div><\/div>\n\n\n\n<h2 class=\"wp-block-heading has-text-align-center\"><span style=\"color: #dd2e44;\" class=\"ugb-highlight\">Wer hilft uns bereits<\/span><\/h2>\n\n\n\n<p class=\"has-text-align-center\">Es ist unm\u00f6glich, alle Stiftungen, NGOs, Schulen, Religionsgemeinschaften, Pfarreien, Familien, Unternehmen, Freiwillige und Einzelpersonen zu nennen, die uns Tag f\u00fcr Tag helfen, das Leben der Menschen durch die <span style=\"color: #dd2e44;\" class=\"ugb-highlight\">Sam Sam Projekte<\/span> w\u00fcrdevoller zu gestalten. Aber unter ihnen sind sehr anerkannte Firmen und Hilfsorganisationen, die uns Vertrauen. Gerne k\u00f6nnen wir Referenzen schicken oder Kontakte herstellen, damit Sie sich selbst \u00fcberzeugen k\u00f6nnen, dass hier kein Geld verschwendet wird. F\u00fcr alle unsere Helfer, viele von ihnen Privatpersonen, ein immenses<\/p>\n\n\n\n<p class=\"has-text-align-center\" style=\"font-size:86px\"><span style=\"color: #dd2e44;\" class=\"ugb-highlight\"><strong>Danke Sch\u00f6n!!!<\/strong><\/span><\/p>\n","protected":false},"excerpt":{"rendered":"<p>Teile Helfen Sie uns, Sam Sam Projekte bekannt zu machen, indem Sie diese Seite mit Ihren Freunden und Bekannten teilen. Und wenn Sie konkrete Vorschl\u00e4ge haben, das Leben in Sam Sam zu verbessern, teilen Sie Ihre Ideen mit uns und schreiben Sie an: Verbreite Bald werden wir das Konto von Sam Sam Projekte in sozialen&hellip; <a class=\"more-link\" href=\"https:\/\/proyectosamsam.org\/de\/jetzt-helfen-sam-sam-projekte\/\"><span class=\"screen-reader-text\">Jetzt helfen<\/span> weiterlesen<\/a><\/p>\n","protected":false},"author":1,"featured_media":0,"parent":0,"menu_order":0,"comment_status":"closed","ping_status":"closed","template":"","meta":{"footnotes":""},"class_list":["post-7","page","type-page","status-publish","hentry","entry"],"featured_image_urls_v2":{"full":"","thumbnail":"","medium":"","medium_large":"","large":"","1536x1536":"","2048x2048":"","post-thumbnail":""},"post_excerpt_stackable_v2":"<p>Teile Helfen Sie uns, Sam Sam Projekte bekannt zu machen, indem Sie diese Seite mit Ihren Freunden und Bekannten teilen. Und wenn Sie konkrete Vorschl\u00e4ge haben, das Leben in Sam Sam zu verbessern, teilen Sie Ihre Ideen mit uns und schreiben Sie an: Verbreite Bald werden wir das Konto von Sam Sam Projekte in sozialen Netzwerken er\u00f6ffnen, damit Sie aus erster Hand und in Echtzeit Informationen \u00fcber unsere Fortschritte erhalten. Helfen Sie uns, Inhalte von Sam Sam zu verbreiten, damit sie viral werden und mehr Menschen erreichen. Kooperiere Falls Sie Geld spenden wollen, punktuell oder wiederkehrend, dann \u00fcberweisen Sie dieses&hellip;<\/p>\n","category_list_v2":"","author_info_v2":{"name":"samsam_admin","url":"https:\/\/proyectosamsam.org\/de\/author\/samsam_admin\/"},"comments_num_v2":"0 comments","yoast_head":"<!-- This site is optimized with the Yoast SEO plugin v27.3 - https:\/\/yoast.com\/product\/yoast-seo-wordpress\/ -->\n<title>Jetzt helfen | Sam Sam Projekte<\/title>\n<meta name=\"description\" content=\"Arbeiten Sie mit an den Sam Sam Projekten. Teilen Sie sie, verbreiten Sie sie und helfen Sie uns, das Leben der Jugendlichen zu w\u00fcrdigen.\" \/>\n<meta name=\"robots\" content=\"noindex, follow, max-snippet:-1, max-image-preview:large, max-video-preview:-1\" \/>\n<meta property=\"og:locale\" content=\"de_DE\" \/>\n<meta property=\"og:type\" content=\"article\" \/>\n<meta property=\"og:title\" content=\"Jetzt helfen | Sam Sam Projekte\" \/>\n<meta property=\"og:description\" content=\"Arbeiten Sie mit an den Sam Sam Projekten. Teilen Sie sie, verbreiten Sie sie und helfen Sie uns, das Leben der Jugendlichen zu w\u00fcrdigen.\" \/>\n<meta property=\"og:url\" content=\"https:\/\/proyectosamsam.org\/de\/jetzt-helfen-sam-sam-projekte\/\" \/>\n<meta property=\"og:site_name\" content=\"Proyectos Sam Sam\" \/>\n<meta property=\"article:modified_time\" content=\"2023-10-30T15:53:46+00:00\" \/>\n<meta name=\"twitter:card\" content=\"summary_large_image\" \/>\n<meta name=\"twitter:label1\" content=\"Gesch\u00e4tzte Lesezeit\" \/>\n\t<meta name=\"twitter:data1\" content=\"2\u00a0Minuten\" \/>\n<script type=\"application\/ld+json\" class=\"yoast-schema-graph\">{\"@context\":\"https:\\\/\\\/schema.org\",\"@graph\":[{\"@type\":\"WebPage\",\"@id\":\"https:\\\/\\\/proyectosamsam.org\\\/de\\\/jetzt-helfen-sam-sam-projekte\\\/\",\"url\":\"https:\\\/\\\/proyectosamsam.org\\\/de\\\/jetzt-helfen-sam-sam-projekte\\\/\",\"name\":\"Jetzt helfen | Sam Sam Projekte\",\"isPartOf\":{\"@id\":\"https:\\\/\\\/proyectosamsam.org\\\/de\\\/#website\"},\"datePublished\":\"2021-10-05T12:00:13+00:00\",\"dateModified\":\"2023-10-30T15:53:46+00:00\",\"description\":\"Arbeiten Sie mit an den Sam Sam Projekten. Teilen Sie sie, verbreiten Sie sie und helfen Sie uns, das Leben der Jugendlichen zu w\u00fcrdigen.\",\"breadcrumb\":{\"@id\":\"https:\\\/\\\/proyectosamsam.org\\\/de\\\/jetzt-helfen-sam-sam-projekte\\\/#breadcrumb\"},\"inLanguage\":\"de\",\"potentialAction\":[{\"@type\":\"ReadAction\",\"target\":[\"https:\\\/\\\/proyectosamsam.org\\\/de\\\/jetzt-helfen-sam-sam-projekte\\\/\"]}]},{\"@type\":\"BreadcrumbList\",\"@id\":\"https:\\\/\\\/proyectosamsam.org\\\/de\\\/jetzt-helfen-sam-sam-projekte\\\/#breadcrumb\",\"itemListElement\":[{\"@type\":\"ListItem\",\"position\":1,\"name\":\"Home\",\"item\":\"https:\\\/\\\/proyectosamsam.org\\\/de\\\/\"},{\"@type\":\"ListItem\",\"position\":2,\"name\":\"Jetzt helfen\"}]},{\"@type\":\"WebSite\",\"@id\":\"https:\\\/\\\/proyectosamsam.org\\\/de\\\/#website\",\"url\":\"https:\\\/\\\/proyectosamsam.org\\\/de\\\/\",\"name\":\"Proyectos Sam Sam\",\"description\":\"Sitio de Proyectos Sam Sam\",\"publisher\":{\"@id\":\"https:\\\/\\\/proyectosamsam.org\\\/de\\\/#organization\"},\"potentialAction\":[{\"@type\":\"SearchAction\",\"target\":{\"@type\":\"EntryPoint\",\"urlTemplate\":\"https:\\\/\\\/proyectosamsam.org\\\/de\\\/?s={search_term_string}\"},\"query-input\":{\"@type\":\"PropertyValueSpecification\",\"valueRequired\":true,\"valueName\":\"search_term_string\"}}],\"inLanguage\":\"de\"},{\"@type\":\"Organization\",\"@id\":\"https:\\\/\\\/proyectosamsam.org\\\/de\\\/#organization\",\"name\":\"Proyectos Sam Sam\",\"url\":\"https:\\\/\\\/proyectosamsam.org\\\/de\\\/\",\"logo\":{\"@type\":\"ImageObject\",\"inLanguage\":\"de\",\"@id\":\"https:\\\/\\\/proyectosamsam.org\\\/de\\\/#\\\/schema\\\/logo\\\/image\\\/\",\"url\":\"https:\\\/\\\/proyectosamsam.org\\\/de\\\/wp-content\\\/uploads\\\/2021\\\/10\\\/Logo-Web.png\",\"contentUrl\":\"https:\\\/\\\/proyectosamsam.org\\\/de\\\/wp-content\\\/uploads\\\/2021\\\/10\\\/Logo-Web.png\",\"width\":214,\"height\":86,\"caption\":\"Proyectos Sam Sam\"},\"image\":{\"@id\":\"https:\\\/\\\/proyectosamsam.org\\\/de\\\/#\\\/schema\\\/logo\\\/image\\\/\"}}]}<\/script>\n<!-- \/ Yoast SEO plugin. -->","yoast_head_json":{"title":"Jetzt helfen | Sam Sam Projekte","description":"Arbeiten Sie mit an den Sam Sam Projekten. Teilen Sie sie, verbreiten Sie sie und helfen Sie uns, das Leben der Jugendlichen zu w\u00fcrdigen.","robots":{"index":"noindex","follow":"follow","max-snippet":"max-snippet:-1","max-image-preview":"max-image-preview:large","max-video-preview":"max-video-preview:-1"},"og_locale":"de_DE","og_type":"article","og_title":"Jetzt helfen | Sam Sam Projekte","og_description":"Arbeiten Sie mit an den Sam Sam Projekten. Teilen Sie sie, verbreiten Sie sie und helfen Sie uns, das Leben der Jugendlichen zu w\u00fcrdigen.","og_url":"https:\/\/proyectosamsam.org\/de\/jetzt-helfen-sam-sam-projekte\/","og_site_name":"Proyectos Sam Sam","article_modified_time":"2023-10-30T15:53:46+00:00","twitter_card":"summary_large_image","twitter_misc":{"Gesch\u00e4tzte Lesezeit":"2\u00a0Minuten"},"schema":{"@context":"https:\/\/schema.org","@graph":[{"@type":"WebPage","@id":"https:\/\/proyectosamsam.org\/de\/jetzt-helfen-sam-sam-projekte\/","url":"https:\/\/proyectosamsam.org\/de\/jetzt-helfen-sam-sam-projekte\/","name":"Jetzt helfen | Sam Sam Projekte","isPartOf":{"@id":"https:\/\/proyectosamsam.org\/de\/#website"},"datePublished":"2021-10-05T12:00:13+00:00","dateModified":"2023-10-30T15:53:46+00:00","description":"Arbeiten Sie mit an den Sam Sam Projekten. Teilen Sie sie, verbreiten Sie sie und helfen Sie uns, das Leben der Jugendlichen zu w\u00fcrdigen.","breadcrumb":{"@id":"https:\/\/proyectosamsam.org\/de\/jetzt-helfen-sam-sam-projekte\/#breadcrumb"},"inLanguage":"de","potentialAction":[{"@type":"ReadAction","target":["https:\/\/proyectosamsam.org\/de\/jetzt-helfen-sam-sam-projekte\/"]}]},{"@type":"BreadcrumbList","@id":"https:\/\/proyectosamsam.org\/de\/jetzt-helfen-sam-sam-projekte\/#breadcrumb","itemListElement":[{"@type":"ListItem","position":1,"name":"Home","item":"https:\/\/proyectosamsam.org\/de\/"},{"@type":"ListItem","position":2,"name":"Jetzt helfen"}]},{"@type":"WebSite","@id":"https:\/\/proyectosamsam.org\/de\/#website","url":"https:\/\/proyectosamsam.org\/de\/","name":"Proyectos Sam Sam","description":"Sitio de Proyectos Sam Sam","publisher":{"@id":"https:\/\/proyectosamsam.org\/de\/#organization"},"potentialAction":[{"@type":"SearchAction","target":{"@type":"EntryPoint","urlTemplate":"https:\/\/proyectosamsam.org\/de\/?s={search_term_string}"},"query-input":{"@type":"PropertyValueSpecification","valueRequired":true,"valueName":"search_term_string"}}],"inLanguage":"de"},{"@type":"Organization","@id":"https:\/\/proyectosamsam.org\/de\/#organization","name":"Proyectos Sam Sam","url":"https:\/\/proyectosamsam.org\/de\/","logo":{"@type":"ImageObject","inLanguage":"de","@id":"https:\/\/proyectosamsam.org\/de\/#\/schema\/logo\/image\/","url":"https:\/\/proyectosamsam.org\/de\/wp-content\/uploads\/2021\/10\/Logo-Web.png","contentUrl":"https:\/\/proyectosamsam.org\/de\/wp-content\/uploads\/2021\/10\/Logo-Web.png","width":214,"height":86,"caption":"Proyectos Sam Sam"},"image":{"@id":"https:\/\/proyectosamsam.org\/de\/#\/schema\/logo\/image\/"}}]}},"_links":{"self":[{"href":"https:\/\/proyectosamsam.org\/de\/wp-json\/wp\/v2\/pages\/7","targetHints":{"allow":["GET"]}}],"collection":[{"href":"https:\/\/proyectosamsam.org\/de\/wp-json\/wp\/v2\/pages"}],"about":[{"href":"https:\/\/proyectosamsam.org\/de\/wp-json\/wp\/v2\/types\/page"}],"author":[{"embeddable":true,"href":"https:\/\/proyectosamsam.org\/de\/wp-json\/wp\/v2\/users\/1"}],"replies":[{"embeddable":true,"href":"https:\/\/proyectosamsam.org\/de\/wp-json\/wp\/v2\/comments?post=7"}],"version-history":[{"count":36,"href":"https:\/\/proyectosamsam.org\/de\/wp-json\/wp\/v2\/pages\/7\/revisions"}],"predecessor-version":[{"id":1034,"href":"https:\/\/proyectosamsam.org\/de\/wp-json\/wp\/v2\/pages\/7\/revisions\/1034"}],"wp:attachment":[{"href":"https:\/\/proyectosamsam.org\/de\/wp-json\/wp\/v2\/media?parent=7"}],"curies":[{"name":"wp","href":"https:\/\/api.w.org\/{rel}","templated":true}]}}