{"id":848,"date":"2022-01-04T19:17:15","date_gmt":"2022-01-04T19:17:15","guid":{"rendered":"https:\/\/proyectosamsam.org\/de\/?page_id=848"},"modified":"2023-10-29T09:13:13","modified_gmt":"2023-10-29T09:13:13","slug":"emanzipation","status":"publish","type":"page","link":"https:\/\/proyectosamsam.org\/de\/emanzipation\/","title":{"rendered":"Emanzipation"},"content":{"rendered":"\n<div class=\"alignfull wp-block-ugb-container ugb-container ugb-faf183d ugb-container--v2 ugb-container--design-basic ugb-main-block\"><style>.ugb-faf183d-wrapper.ugb-container__wrapper{background-color:#dd2e44 !important}.ugb-faf183d-wrapper.ugb-container__wrapper:before{background-color:#dd2e44 !important}.ugb-faf183d-content-wrapper > h1,.ugb-faf183d-content-wrapper > h2,.ugb-faf183d-content-wrapper > h3,.ugb-faf183d-content-wrapper > h4,.ugb-faf183d-content-wrapper > h5,.ugb-faf183d-content-wrapper > h6{color:#ffffff}.ugb-faf183d-content-wrapper > p,.ugb-faf183d-content-wrapper > ol li,.ugb-faf183d-content-wrapper > ul li{color:#ffffff}@media screen and (min-width:768px){.ugb-faf183d-content-wrapper.ugb-container__content-wrapper{width:80% !important}}@media screen and (min-width:768px){.ugb-faf183d > .ugb-inner-block > .ugb-block-content > *{padding-top:0px !important;padding-bottom:0px !important;padding-right:0px !important;padding-left:0px !important}}<\/style><div class=\"ugb-inner-block\"><div class=\"ugb-block-content\"><div class=\"ugb-container__wrapper ugb-faf183d-wrapper\"><div class=\"ugb-container__side\"><div class=\"ugb-container__content-wrapper ugb-faf183d-content-wrapper\">\n<div class=\"wp-block-ugb-spacer ugb-spacer ugb-324f9bf ugb-spacer--v2 ugb-main-block\"><style>@media screen and (min-width:768px){.ugb-324f9bf.ugb-spacer{height:55px !important}}<\/style><div class=\"ugb-inner-block\"><div class=\"ugb-block-content\"><div class=\"ugb-spacer--inner\"><\/div><\/div><\/div><\/div>\n\n\n\n<p><span style=\"color: #FFFFFF;\" class=\"ugb-highlight\">Die Emanzipation junger Frauen ist das oberste Ziel von unsere Ausbildungsprojekten in Sam Sam.<\/span><\/p>\n\n\n\n<div style=\"height:15px\" aria-hidden=\"true\" class=\"wp-block-spacer\"><\/div>\n\n\n\n<p><span style=\"color: #FFFFFF;\" class=\"ugb-highlight\">Nach mehrj\u00e4hrigem umfassendem und spezifischem Training k\u00f6nnen sie durch ihre Arbeit in einen Zustand der Autonomie und Unabh\u00e4ngigkeit gelangen und m\u00fcssen nicht heiraten, um ihren Lebensunterhalt zu verdienen.<\/span><\/p>\n\n\n\n<div style=\"height:15px\" aria-hidden=\"true\" class=\"wp-block-spacer\"><\/div>\n\n\n\n<p class=\"has-white-color has-text-color\">Aber um wirkliche Emanzipation zu erreichen, brauchen sie Mikrokredite, da sie aus sozial schwachen Familien stammen. Diese Kleinkredite erm\u00f6glichen es ihnen, ihre unternehmerischen F\u00e4higkeiten nachhaltig weiter zu entwickeln.<\/p>\n<\/div><\/div><\/div><\/div><\/div><\/div>\n\n\n\n<div class=\"wp-block-ugb-separator alignfull ugb-separator ugb-2b58619 ugb-separator--v2 ugb-separator--design-wave-1\" aria-hidden=\"true\"><style>.ugb-2b58619.ugb-separator{background-color:#dd2e44;margin-top:-76px !important;margin-bottom:-1px !important}.ugb-2b58619 .ugb-separator__bottom-pad{background:#EEEADD}.ugb-2b58619 .ugb-separator__top-pad{background:#dd2e44}.ugb-2b58619 .ugb-separator__shadow,.ugb-2b58619 .ugb-separator__layer-1{fill:#EEEADD;transform:scaleX(1)}@media screen and (min-width:768px){.ugb-2b58619 .ugb-separator__svg-wrapper{height:200px !important}}@media screen and (max-width:1025px){.ugb-2b58619.ugb-separator{margin-top:-1px !important;margin-bottom:-1px !important}}@media screen and (max-width:768px){.ugb-2b58619.ugb-separator{margin-top:-1px !important;margin-bottom:-1px !important}}<\/style><div class=\"ugb-inner-block\"><div class=\"ugb-block-content\"><div class=\"ugb-separator__top-pad\"><\/div><div class=\"ugb-separator__svg-wrapper\"><div class=\"ugb-separator__svg-inner ugb-separator-wrapper\"><svg xmlns=\"http:\/\/www.w3.org\/2000\/svg\" viewBox=\"0 0 1600 200\" class=\"ugb-separator__layer-1\" preserveAspectRatio=\"none\" aria-hidden=\"true\"><path class=\"wave-1_svg__st2\" d=\"M1341.4 48.9c-182.4 0-254.2 80.4-429.4 80.4-117.8 0-209.7-67.5-393.5-67.5-142.2 0-212.6 38.8-324.6 38.8S-10 64.7-10 64.7V210h1620V102c-110.6-40.2-181-53.1-268.6-53.1z\"><\/path><\/svg><\/div><\/div><div class=\"ugb-separator__bottom-pad\"><\/div><\/div><\/div><\/div>\n\n\n\n<div class=\"alignfull wp-block-ugb-blog-posts ugb-blog-posts ugb-793901c ugb-blog-posts--v2 ugb-blog-posts--design-basic ugb-blog-posts--columns-3 ugb-main-block\"><style>.ugb-793901c .ugb-blog-posts__readmore a{color:#dd2e44 !important}.ugb-793901c .ugb-blog-posts__readmore a:hover{opacity:0.8}<\/style><div class=\"ugb-inner-block\"><div class=\"ugb-block-content\"><article class=\"ugb-blog-posts__item\"><div class=\"ugb-blog-posts__content\"><h3 class=\"ugb-blog-posts__title\"><a href=\"https:\/\/proyectosamsam.org\/de\/gruendung-kleinbetreiben-sam-sam-projekte\/\">Gr\u00fcndung von Kleinbetrieben<\/a><\/h3><p class=\"ugb-blog-posts__readmore\"><a href=\"https:\/\/proyectosamsam.org\/de\/gruendung-kleinbetreiben-sam-sam-projekte\/\">Leer m\u00e1s<\/a><\/p><\/div><\/article><\/div><\/div><\/div>\n","protected":false},"excerpt":{"rendered":"<p>Die Emanzipation junger Frauen ist das oberste Ziel von unsere Ausbildungsprojekten in Sam Sam. Nach mehrj\u00e4hrigem umfassendem und spezifischem Training k\u00f6nnen sie durch ihre Arbeit in einen Zustand der Autonomie und Unabh\u00e4ngigkeit gelangen und m\u00fcssen nicht heiraten, um ihren Lebensunterhalt zu verdienen. Aber um wirkliche Emanzipation zu erreichen, brauchen sie Mikrokredite, da sie aus sozial&hellip; <a class=\"more-link\" href=\"https:\/\/proyectosamsam.org\/de\/emanzipation\/\"><span class=\"screen-reader-text\">Emanzipation<\/span> weiterlesen<\/a><\/p>\n","protected":false},"author":1,"featured_media":0,"parent":0,"menu_order":0,"comment_status":"closed","ping_status":"closed","template":"","meta":{"footnotes":""},"class_list":["post-848","page","type-page","status-publish","hentry","entry"],"featured_image_urls_v2":{"full":"","thumbnail":"","medium":"","medium_large":"","large":"","1536x1536":"","2048x2048":"","post-thumbnail":""},"post_excerpt_stackable_v2":"<p>Die Emanzipation junger Frauen ist das oberste Ziel von unsere Ausbildungsprojekten in Sam Sam. Nach mehrj\u00e4hrigem umfassendem und spezifischem Training k\u00f6nnen sie durch ihre Arbeit in einen Zustand der Autonomie und Unabh\u00e4ngigkeit gelangen und m\u00fcssen nicht heiraten, um ihren Lebensunterhalt zu verdienen. Aber um wirkliche Emanzipation zu erreichen, brauchen sie Mikrokredite, da sie aus sozial schwachen Familien stammen. Diese Kleinkredite erm\u00f6glichen es ihnen, ihre unternehmerischen F\u00e4higkeiten nachhaltig weiter zu entwickeln. Gr\u00fcndung von KleinbetriebenLeer m\u00e1s<\/p>\n","category_list_v2":"","author_info_v2":{"name":"samsam_admin","url":"https:\/\/proyectosamsam.org\/de\/author\/samsam_admin\/"},"comments_num_v2":"0 comments","yoast_head":"<!-- This site is optimized with the Yoast SEO plugin v27.5 - https:\/\/yoast.com\/product\/yoast-seo-wordpress\/ -->\n<title>Emanzipation | Sam Sam Projekte<\/title>\n<meta name=\"description\" content=\"La emancipaci\u00f3n de las j\u00f3venes representa el \u00faltimo eslab\u00f3n y finalidad \u00faltima de los proyectos de formaci\u00f3n en Sam Sam.\" \/>\n<meta name=\"robots\" content=\"noindex, follow, max-snippet:-1, max-image-preview:large, max-video-preview:-1\" \/>\n<meta property=\"og:locale\" content=\"de_DE\" \/>\n<meta property=\"og:type\" content=\"article\" \/>\n<meta property=\"og:title\" content=\"Emanzipation | Sam Sam Projekte\" \/>\n<meta property=\"og:description\" content=\"La emancipaci\u00f3n de las j\u00f3venes representa el \u00faltimo eslab\u00f3n y finalidad \u00faltima de los proyectos de formaci\u00f3n en Sam Sam.\" \/>\n<meta property=\"og:url\" content=\"https:\/\/proyectosamsam.org\/de\/emanzipation\/\" \/>\n<meta property=\"og:site_name\" content=\"Proyectos Sam Sam\" \/>\n<meta property=\"article:modified_time\" content=\"2023-10-29T09:13:13+00:00\" \/>\n<meta name=\"twitter:card\" content=\"summary_large_image\" \/>\n<meta name=\"twitter:label1\" content=\"Gesch\u00e4tzte Lesezeit\" \/>\n\t<meta name=\"twitter:data1\" content=\"1\u00a0Minute\" \/>\n<script type=\"application\/ld+json\" class=\"yoast-schema-graph\">{\"@context\":\"https:\\\/\\\/schema.org\",\"@graph\":[{\"@type\":\"WebPage\",\"@id\":\"https:\\\/\\\/proyectosamsam.org\\\/de\\\/emanzipation\\\/\",\"url\":\"https:\\\/\\\/proyectosamsam.org\\\/de\\\/emanzipation\\\/\",\"name\":\"Emanzipation | Sam Sam Projekte\",\"isPartOf\":{\"@id\":\"https:\\\/\\\/proyectosamsam.org\\\/de\\\/#website\"},\"datePublished\":\"2022-01-04T19:17:15+00:00\",\"dateModified\":\"2023-10-29T09:13:13+00:00\",\"description\":\"La emancipaci\u00f3n de las j\u00f3venes representa el \u00faltimo eslab\u00f3n y finalidad \u00faltima de los proyectos de formaci\u00f3n en Sam Sam.\",\"breadcrumb\":{\"@id\":\"https:\\\/\\\/proyectosamsam.org\\\/de\\\/emanzipation\\\/#breadcrumb\"},\"inLanguage\":\"de\",\"potentialAction\":[{\"@type\":\"ReadAction\",\"target\":[\"https:\\\/\\\/proyectosamsam.org\\\/de\\\/emanzipation\\\/\"]}]},{\"@type\":\"BreadcrumbList\",\"@id\":\"https:\\\/\\\/proyectosamsam.org\\\/de\\\/emanzipation\\\/#breadcrumb\",\"itemListElement\":[{\"@type\":\"ListItem\",\"position\":1,\"name\":\"Home\",\"item\":\"https:\\\/\\\/proyectosamsam.org\\\/de\\\/\"},{\"@type\":\"ListItem\",\"position\":2,\"name\":\"Emanzipation\"}]},{\"@type\":\"WebSite\",\"@id\":\"https:\\\/\\\/proyectosamsam.org\\\/de\\\/#website\",\"url\":\"https:\\\/\\\/proyectosamsam.org\\\/de\\\/\",\"name\":\"Proyectos Sam Sam\",\"description\":\"Sitio de Proyectos Sam Sam\",\"publisher\":{\"@id\":\"https:\\\/\\\/proyectosamsam.org\\\/de\\\/#organization\"},\"potentialAction\":[{\"@type\":\"SearchAction\",\"target\":{\"@type\":\"EntryPoint\",\"urlTemplate\":\"https:\\\/\\\/proyectosamsam.org\\\/de\\\/?s={search_term_string}\"},\"query-input\":{\"@type\":\"PropertyValueSpecification\",\"valueRequired\":true,\"valueName\":\"search_term_string\"}}],\"inLanguage\":\"de\"},{\"@type\":\"Organization\",\"@id\":\"https:\\\/\\\/proyectosamsam.org\\\/de\\\/#organization\",\"name\":\"Proyectos Sam Sam\",\"url\":\"https:\\\/\\\/proyectosamsam.org\\\/de\\\/\",\"logo\":{\"@type\":\"ImageObject\",\"inLanguage\":\"de\",\"@id\":\"https:\\\/\\\/proyectosamsam.org\\\/de\\\/#\\\/schema\\\/logo\\\/image\\\/\",\"url\":\"https:\\\/\\\/proyectosamsam.org\\\/de\\\/wp-content\\\/uploads\\\/2021\\\/10\\\/Logo-Web.png\",\"contentUrl\":\"https:\\\/\\\/proyectosamsam.org\\\/de\\\/wp-content\\\/uploads\\\/2021\\\/10\\\/Logo-Web.png\",\"width\":214,\"height\":86,\"caption\":\"Proyectos Sam Sam\"},\"image\":{\"@id\":\"https:\\\/\\\/proyectosamsam.org\\\/de\\\/#\\\/schema\\\/logo\\\/image\\\/\"}}]}<\/script>\n<!-- \/ Yoast SEO plugin. -->","yoast_head_json":{"title":"Emanzipation | Sam Sam Projekte","description":"La emancipaci\u00f3n de las j\u00f3venes representa el \u00faltimo eslab\u00f3n y finalidad \u00faltima de los proyectos de formaci\u00f3n en Sam Sam.","robots":{"index":"noindex","follow":"follow","max-snippet":"max-snippet:-1","max-image-preview":"max-image-preview:large","max-video-preview":"max-video-preview:-1"},"og_locale":"de_DE","og_type":"article","og_title":"Emanzipation | Sam Sam Projekte","og_description":"La emancipaci\u00f3n de las j\u00f3venes representa el \u00faltimo eslab\u00f3n y finalidad \u00faltima de los proyectos de formaci\u00f3n en Sam Sam.","og_url":"https:\/\/proyectosamsam.org\/de\/emanzipation\/","og_site_name":"Proyectos Sam Sam","article_modified_time":"2023-10-29T09:13:13+00:00","twitter_card":"summary_large_image","twitter_misc":{"Gesch\u00e4tzte Lesezeit":"1\u00a0Minute"},"schema":{"@context":"https:\/\/schema.org","@graph":[{"@type":"WebPage","@id":"https:\/\/proyectosamsam.org\/de\/emanzipation\/","url":"https:\/\/proyectosamsam.org\/de\/emanzipation\/","name":"Emanzipation | Sam Sam Projekte","isPartOf":{"@id":"https:\/\/proyectosamsam.org\/de\/#website"},"datePublished":"2022-01-04T19:17:15+00:00","dateModified":"2023-10-29T09:13:13+00:00","description":"La emancipaci\u00f3n de las j\u00f3venes representa el \u00faltimo eslab\u00f3n y finalidad \u00faltima de los proyectos de formaci\u00f3n en Sam Sam.","breadcrumb":{"@id":"https:\/\/proyectosamsam.org\/de\/emanzipation\/#breadcrumb"},"inLanguage":"de","potentialAction":[{"@type":"ReadAction","target":["https:\/\/proyectosamsam.org\/de\/emanzipation\/"]}]},{"@type":"BreadcrumbList","@id":"https:\/\/proyectosamsam.org\/de\/emanzipation\/#breadcrumb","itemListElement":[{"@type":"ListItem","position":1,"name":"Home","item":"https:\/\/proyectosamsam.org\/de\/"},{"@type":"ListItem","position":2,"name":"Emanzipation"}]},{"@type":"WebSite","@id":"https:\/\/proyectosamsam.org\/de\/#website","url":"https:\/\/proyectosamsam.org\/de\/","name":"Proyectos Sam Sam","description":"Sitio de Proyectos Sam Sam","publisher":{"@id":"https:\/\/proyectosamsam.org\/de\/#organization"},"potentialAction":[{"@type":"SearchAction","target":{"@type":"EntryPoint","urlTemplate":"https:\/\/proyectosamsam.org\/de\/?s={search_term_string}"},"query-input":{"@type":"PropertyValueSpecification","valueRequired":true,"valueName":"search_term_string"}}],"inLanguage":"de"},{"@type":"Organization","@id":"https:\/\/proyectosamsam.org\/de\/#organization","name":"Proyectos Sam Sam","url":"https:\/\/proyectosamsam.org\/de\/","logo":{"@type":"ImageObject","inLanguage":"de","@id":"https:\/\/proyectosamsam.org\/de\/#\/schema\/logo\/image\/","url":"https:\/\/proyectosamsam.org\/de\/wp-content\/uploads\/2021\/10\/Logo-Web.png","contentUrl":"https:\/\/proyectosamsam.org\/de\/wp-content\/uploads\/2021\/10\/Logo-Web.png","width":214,"height":86,"caption":"Proyectos Sam Sam"},"image":{"@id":"https:\/\/proyectosamsam.org\/de\/#\/schema\/logo\/image\/"}}]}},"_links":{"self":[{"href":"https:\/\/proyectosamsam.org\/de\/wp-json\/wp\/v2\/pages\/848","targetHints":{"allow":["GET"]}}],"collection":[{"href":"https:\/\/proyectosamsam.org\/de\/wp-json\/wp\/v2\/pages"}],"about":[{"href":"https:\/\/proyectosamsam.org\/de\/wp-json\/wp\/v2\/types\/page"}],"author":[{"embeddable":true,"href":"https:\/\/proyectosamsam.org\/de\/wp-json\/wp\/v2\/users\/1"}],"replies":[{"embeddable":true,"href":"https:\/\/proyectosamsam.org\/de\/wp-json\/wp\/v2\/comments?post=848"}],"version-history":[{"count":10,"href":"https:\/\/proyectosamsam.org\/de\/wp-json\/wp\/v2\/pages\/848\/revisions"}],"predecessor-version":[{"id":998,"href":"https:\/\/proyectosamsam.org\/de\/wp-json\/wp\/v2\/pages\/848\/revisions\/998"}],"wp:attachment":[{"href":"https:\/\/proyectosamsam.org\/de\/wp-json\/wp\/v2\/media?parent=848"}],"curies":[{"name":"wp","href":"https:\/\/api.w.org\/{rel}","templated":true}]}}