{"id":261,"date":"2021-10-31T10:57:18","date_gmt":"2021-10-31T10:57:18","guid":{"rendered":"https:\/\/proyectosamsam.org\/en\/?page_id=261"},"modified":"2023-11-06T15:57:46","modified_gmt":"2023-11-06T15:57:46","slug":"construction-projects","status":"publish","type":"page","link":"https:\/\/proyectosamsam.org\/en\/construction-projects\/","title":{"rendered":"Construction"},"content":{"rendered":"\n<div class=\"alignfull wp-block-ugb-container ugb-container ugb-923b4aa ugb-container--v2 ugb-container--design-basic ugb-main-block\"><style>.ugb-923b4aa-wrapper.ugb-container__wrapper{background-color:#dd2e44 !important}.ugb-923b4aa-wrapper.ugb-container__wrapper:before{background-color:#dd2e44 !important}.ugb-923b4aa-content-wrapper > h1,.ugb-923b4aa-content-wrapper > h2,.ugb-923b4aa-content-wrapper > h3,.ugb-923b4aa-content-wrapper > h4,.ugb-923b4aa-content-wrapper > h5,.ugb-923b4aa-content-wrapper > h6{color:#ffffff}.ugb-923b4aa-content-wrapper > p,.ugb-923b4aa-content-wrapper > ol li,.ugb-923b4aa-content-wrapper > ul li{color:#ffffff}@media screen and (min-width:768px){.ugb-923b4aa-content-wrapper.ugb-container__content-wrapper{width:80% !important}}<\/style><div class=\"ugb-inner-block\"><div class=\"ugb-block-content\"><div class=\"ugb-container__wrapper ugb-923b4aa-wrapper\"><div class=\"ugb-container__side\"><div class=\"ugb-container__content-wrapper ugb-923b4aa-content-wrapper\">\n<p class=\"has-white-color has-text-color\">The state is the first to seem to have abandoned Sam Sam&#8217;s inhabitants. There is hardly any health or educational infrastructure, nor is there any interest in building it. That&#8217;s why the unemployment and illiteracy rates in this area exceed the national average.<\/p>\n\n\n\n<div style=\"height:20px\" aria-hidden=\"true\" class=\"wp-block-spacer\"><\/div>\n\n\n\n<p class=\"has-white-color has-text-color\">Construction projects in Sam Sam address basic needs in the neighbourhood. From the construction of a dispensary, which provides free medical care and treatment, to the building of training centres that offer courses for young people. Training in tailoring, catering and, soon, carpentry and joinery.<\/p>\n<\/div><\/div><\/div><\/div><\/div><\/div>\n\n\n\n<div class=\"wp-block-ugb-separator alignfull ugb-separator ugb-a6a35ac ugb-separator--v2 ugb-separator--design-wave-1\" aria-hidden=\"true\"><style>.ugb-a6a35ac.ugb-separator{background-color:#dd2e44;margin-top:-76px !important;margin-bottom:-1px !important}.ugb-a6a35ac .ugb-separator__bottom-pad{background:#EEEADD}.ugb-a6a35ac .ugb-separator__top-pad{background:#dd2e44}.ugb-a6a35ac .ugb-separator__shadow,.ugb-a6a35ac .ugb-separator__layer-1{fill:#EEEADD;transform:scaleX(1)}@media screen and (min-width:768px){.ugb-a6a35ac .ugb-separator__svg-wrapper{height:200px !important}}@media screen and (max-width:1025px){.ugb-a6a35ac.ugb-separator{margin-top:-1px !important;margin-bottom:-1px !important}}@media screen and (max-width:768px){.ugb-a6a35ac.ugb-separator{margin-top:-1px !important;margin-bottom:-1px !important}}<\/style><div class=\"ugb-inner-block\"><div class=\"ugb-block-content\"><div class=\"ugb-separator__top-pad\"><\/div><div class=\"ugb-separator__svg-wrapper\"><div class=\"ugb-separator__svg-inner ugb-separator-wrapper\"><svg xmlns=\"http:\/\/www.w3.org\/2000\/svg\" viewBox=\"0 0 1600 200\" class=\"ugb-separator__layer-1\" preserveAspectRatio=\"none\" aria-hidden=\"true\"><path class=\"wave-1_svg__st2\" d=\"M1341.4 48.9c-182.4 0-254.2 80.4-429.4 80.4-117.8 0-209.7-67.5-393.5-67.5-142.2 0-212.6 38.8-324.6 38.8S-10 64.7-10 64.7V210h1620V102c-110.6-40.2-181-53.1-268.6-53.1z\"><\/path><\/svg><\/div><\/div><div class=\"ugb-separator__bottom-pad\"><\/div><\/div><\/div><\/div>\n\n\n\n<div class=\"alignfull wp-block-ugb-blog-posts ugb-blog-posts ugb-793901c ugb-blog-posts--v2 ugb-blog-posts--design-basic ugb-blog-posts--columns-3 ugb-main-block\"><style>.ugb-793901c .ugb-blog-posts__readmore a{color:#dd2e44 !important}.ugb-793901c .ugb-blog-posts__readmore a:hover{opacity:0.8}<\/style><div class=\"ugb-inner-block\"><div class=\"ugb-block-content\"><article class=\"ugb-blog-posts__item\"><div class=\"ugb-blog-posts__content\"><h3 class=\"ugb-blog-posts__title\"><a href=\"https:\/\/proyectosamsam.org\/en\/dispensary\/\">Dispensary<\/a><\/h3><p class=\"ugb-blog-posts__readmore\"><a href=\"https:\/\/proyectosamsam.org\/en\/dispensary\/\">Leer m\u00e1s<\/a><\/p><\/div><\/article><article class=\"ugb-blog-posts__item\"><div class=\"ugb-blog-posts__content\"><h3 class=\"ugb-blog-posts__title\"><a href=\"https:\/\/proyectosamsam.org\/en\/agronomy-project\/\">Agronomy<\/a><\/h3><p class=\"ugb-blog-posts__readmore\"><a href=\"https:\/\/proyectosamsam.org\/en\/agronomy-project\/\">Leer m\u00e1s<\/a><\/p><\/div><\/article><article class=\"ugb-blog-posts__item\"><div class=\"ugb-blog-posts__content\"><h3 class=\"ugb-blog-posts__title\"><a href=\"https:\/\/proyectosamsam.org\/en\/kalasans-schoo\/\">Kalasans School<\/a><\/h3><p class=\"ugb-blog-posts__readmore\"><a href=\"https:\/\/proyectosamsam.org\/en\/kalasans-schoo\/\">Leer m\u00e1s<\/a><\/p><\/div><\/article><\/div><\/div><\/div>\n","protected":false},"excerpt":{"rendered":"<p>The state is the first to seem to have abandoned Sam Sam&#8217;s inhabitants. There is hardly any health or educational infrastructure, nor is there any interest in building it. That&#8217;s why the unemployment and illiteracy rates in this area exceed the national average. Construction projects in Sam Sam address basic needs in the neighbourhood. From&hellip; <a class=\"more-link\" href=\"https:\/\/proyectosamsam.org\/en\/construction-projects\/\">Continue reading <span class=\"screen-reader-text\">Construction<\/span><\/a><\/p>\n","protected":false},"author":1,"featured_media":0,"parent":0,"menu_order":0,"comment_status":"closed","ping_status":"closed","template":"","meta":{"footnotes":""},"class_list":["post-261","page","type-page","status-publish","hentry","entry"],"featured_image_urls_v2":{"full":"","thumbnail":"","medium":"","medium_large":"","large":"","1536x1536":"","2048x2048":"","post-thumbnail":""},"post_excerpt_stackable_v2":"<p>The state is the first to seem to have abandoned Sam Sam&#8217;s inhabitants. There is hardly any health or educational infrastructure, nor is there any interest in building it. That&#8217;s why the unemployment and illiteracy rates in this area exceed the national average. Construction projects in Sam Sam address basic needs in the neighbourhood. From the construction of a dispensary, which provides free medical care and treatment, to the building of training centres that offer courses for young people. Training in tailoring, catering and, soon, carpentry and joinery. DispensaryLeer m\u00e1sAgronomyLeer m\u00e1sKalasans SchoolLeer m\u00e1s<\/p>\n","category_list_v2":"","author_info_v2":{"name":"samsam_admin","url":"https:\/\/proyectosamsam.org\/en\/author\/samsam_admin\/"},"comments_num_v2":"0 comments","yoast_head":"<!-- This site is optimized with the Yoast SEO plugin v27.4 - https:\/\/yoast.com\/product\/yoast-seo-wordpress\/ -->\n<title>Construction | Sam Sam Projects<\/title>\n<meta name=\"description\" content=\"The construction projects in Sam Sam cover the basic infrastructure needs of the neighbourhood: dispensary or training centres.\" \/>\n<meta name=\"robots\" content=\"noindex, follow, max-snippet:-1, max-image-preview:large, max-video-preview:-1\" \/>\n<meta property=\"og:locale\" content=\"en_GB\" \/>\n<meta property=\"og:type\" content=\"article\" \/>\n<meta property=\"og:title\" content=\"Construction | Sam Sam Projects\" \/>\n<meta property=\"og:description\" content=\"The construction projects in Sam Sam cover the basic infrastructure needs of the neighbourhood: dispensary or training centres.\" \/>\n<meta property=\"og:url\" content=\"https:\/\/proyectosamsam.org\/en\/construction-projects\/\" \/>\n<meta property=\"og:site_name\" content=\"Proyectos Sam Sam\" \/>\n<meta property=\"article:modified_time\" content=\"2023-11-06T15:57:46+00:00\" \/>\n<meta name=\"twitter:card\" content=\"summary_large_image\" \/>\n<meta name=\"twitter:label1\" content=\"Estimated reading time\" \/>\n\t<meta name=\"twitter:data1\" content=\"1 minute\" \/>\n<script type=\"application\/ld+json\" class=\"yoast-schema-graph\">{\"@context\":\"https:\\\/\\\/schema.org\",\"@graph\":[{\"@type\":\"WebPage\",\"@id\":\"https:\\\/\\\/proyectosamsam.org\\\/en\\\/construction-projects\\\/\",\"url\":\"https:\\\/\\\/proyectosamsam.org\\\/en\\\/construction-projects\\\/\",\"name\":\"Construction | Sam Sam Projects\",\"isPartOf\":{\"@id\":\"https:\\\/\\\/proyectosamsam.org\\\/en\\\/#website\"},\"datePublished\":\"2021-10-31T10:57:18+00:00\",\"dateModified\":\"2023-11-06T15:57:46+00:00\",\"description\":\"The construction projects in Sam Sam cover the basic infrastructure needs of the neighbourhood: dispensary or training centres.\",\"breadcrumb\":{\"@id\":\"https:\\\/\\\/proyectosamsam.org\\\/en\\\/construction-projects\\\/#breadcrumb\"},\"inLanguage\":\"en-GB\",\"potentialAction\":[{\"@type\":\"ReadAction\",\"target\":[\"https:\\\/\\\/proyectosamsam.org\\\/en\\\/construction-projects\\\/\"]}]},{\"@type\":\"BreadcrumbList\",\"@id\":\"https:\\\/\\\/proyectosamsam.org\\\/en\\\/construction-projects\\\/#breadcrumb\",\"itemListElement\":[{\"@type\":\"ListItem\",\"position\":1,\"name\":\"Home\",\"item\":\"https:\\\/\\\/proyectosamsam.org\\\/en\\\/\"},{\"@type\":\"ListItem\",\"position\":2,\"name\":\"Construction\"}]},{\"@type\":\"WebSite\",\"@id\":\"https:\\\/\\\/proyectosamsam.org\\\/en\\\/#website\",\"url\":\"https:\\\/\\\/proyectosamsam.org\\\/en\\\/\",\"name\":\"Proyectos Sam Sam\",\"description\":\"Sitio de Proyectos Sam Sam\",\"publisher\":{\"@id\":\"https:\\\/\\\/proyectosamsam.org\\\/en\\\/#organization\"},\"potentialAction\":[{\"@type\":\"SearchAction\",\"target\":{\"@type\":\"EntryPoint\",\"urlTemplate\":\"https:\\\/\\\/proyectosamsam.org\\\/en\\\/?s={search_term_string}\"},\"query-input\":{\"@type\":\"PropertyValueSpecification\",\"valueRequired\":true,\"valueName\":\"search_term_string\"}}],\"inLanguage\":\"en-GB\"},{\"@type\":\"Organization\",\"@id\":\"https:\\\/\\\/proyectosamsam.org\\\/en\\\/#organization\",\"name\":\"Proyectos Sam Sam\",\"url\":\"https:\\\/\\\/proyectosamsam.org\\\/en\\\/\",\"logo\":{\"@type\":\"ImageObject\",\"inLanguage\":\"en-GB\",\"@id\":\"https:\\\/\\\/proyectosamsam.org\\\/en\\\/#\\\/schema\\\/logo\\\/image\\\/\",\"url\":\"https:\\\/\\\/proyectosamsam.org\\\/en\\\/wp-content\\\/uploads\\\/2021\\\/10\\\/Logo-Web.png\",\"contentUrl\":\"https:\\\/\\\/proyectosamsam.org\\\/en\\\/wp-content\\\/uploads\\\/2021\\\/10\\\/Logo-Web.png\",\"width\":214,\"height\":86,\"caption\":\"Proyectos Sam Sam\"},\"image\":{\"@id\":\"https:\\\/\\\/proyectosamsam.org\\\/en\\\/#\\\/schema\\\/logo\\\/image\\\/\"}}]}<\/script>\n<!-- \/ Yoast SEO plugin. -->","yoast_head_json":{"title":"Construction | Sam Sam Projects","description":"The construction projects in Sam Sam cover the basic infrastructure needs of the neighbourhood: dispensary or training centres.","robots":{"index":"noindex","follow":"follow","max-snippet":"max-snippet:-1","max-image-preview":"max-image-preview:large","max-video-preview":"max-video-preview:-1"},"og_locale":"en_GB","og_type":"article","og_title":"Construction | Sam Sam Projects","og_description":"The construction projects in Sam Sam cover the basic infrastructure needs of the neighbourhood: dispensary or training centres.","og_url":"https:\/\/proyectosamsam.org\/en\/construction-projects\/","og_site_name":"Proyectos Sam Sam","article_modified_time":"2023-11-06T15:57:46+00:00","twitter_card":"summary_large_image","twitter_misc":{"Estimated reading time":"1 minute"},"schema":{"@context":"https:\/\/schema.org","@graph":[{"@type":"WebPage","@id":"https:\/\/proyectosamsam.org\/en\/construction-projects\/","url":"https:\/\/proyectosamsam.org\/en\/construction-projects\/","name":"Construction | Sam Sam Projects","isPartOf":{"@id":"https:\/\/proyectosamsam.org\/en\/#website"},"datePublished":"2021-10-31T10:57:18+00:00","dateModified":"2023-11-06T15:57:46+00:00","description":"The construction projects in Sam Sam cover the basic infrastructure needs of the neighbourhood: dispensary or training centres.","breadcrumb":{"@id":"https:\/\/proyectosamsam.org\/en\/construction-projects\/#breadcrumb"},"inLanguage":"en-GB","potentialAction":[{"@type":"ReadAction","target":["https:\/\/proyectosamsam.org\/en\/construction-projects\/"]}]},{"@type":"BreadcrumbList","@id":"https:\/\/proyectosamsam.org\/en\/construction-projects\/#breadcrumb","itemListElement":[{"@type":"ListItem","position":1,"name":"Home","item":"https:\/\/proyectosamsam.org\/en\/"},{"@type":"ListItem","position":2,"name":"Construction"}]},{"@type":"WebSite","@id":"https:\/\/proyectosamsam.org\/en\/#website","url":"https:\/\/proyectosamsam.org\/en\/","name":"Proyectos Sam Sam","description":"Sitio de Proyectos Sam Sam","publisher":{"@id":"https:\/\/proyectosamsam.org\/en\/#organization"},"potentialAction":[{"@type":"SearchAction","target":{"@type":"EntryPoint","urlTemplate":"https:\/\/proyectosamsam.org\/en\/?s={search_term_string}"},"query-input":{"@type":"PropertyValueSpecification","valueRequired":true,"valueName":"search_term_string"}}],"inLanguage":"en-GB"},{"@type":"Organization","@id":"https:\/\/proyectosamsam.org\/en\/#organization","name":"Proyectos Sam Sam","url":"https:\/\/proyectosamsam.org\/en\/","logo":{"@type":"ImageObject","inLanguage":"en-GB","@id":"https:\/\/proyectosamsam.org\/en\/#\/schema\/logo\/image\/","url":"https:\/\/proyectosamsam.org\/en\/wp-content\/uploads\/2021\/10\/Logo-Web.png","contentUrl":"https:\/\/proyectosamsam.org\/en\/wp-content\/uploads\/2021\/10\/Logo-Web.png","width":214,"height":86,"caption":"Proyectos Sam Sam"},"image":{"@id":"https:\/\/proyectosamsam.org\/en\/#\/schema\/logo\/image\/"}}]}},"_links":{"self":[{"href":"https:\/\/proyectosamsam.org\/en\/wp-json\/wp\/v2\/pages\/261","targetHints":{"allow":["GET"]}}],"collection":[{"href":"https:\/\/proyectosamsam.org\/en\/wp-json\/wp\/v2\/pages"}],"about":[{"href":"https:\/\/proyectosamsam.org\/en\/wp-json\/wp\/v2\/types\/page"}],"author":[{"embeddable":true,"href":"https:\/\/proyectosamsam.org\/en\/wp-json\/wp\/v2\/users\/1"}],"replies":[{"embeddable":true,"href":"https:\/\/proyectosamsam.org\/en\/wp-json\/wp\/v2\/comments?post=261"}],"version-history":[{"count":20,"href":"https:\/\/proyectosamsam.org\/en\/wp-json\/wp\/v2\/pages\/261\/revisions"}],"predecessor-version":[{"id":997,"href":"https:\/\/proyectosamsam.org\/en\/wp-json\/wp\/v2\/pages\/261\/revisions\/997"}],"wp:attachment":[{"href":"https:\/\/proyectosamsam.org\/en\/wp-json\/wp\/v2\/media?parent=261"}],"curies":[{"name":"wp","href":"https:\/\/api.w.org\/{rel}","templated":true}]}}