{"id":315,"date":"2021-10-31T19:21:52","date_gmt":"2021-10-31T19:21:52","guid":{"rendered":"https:\/\/proyectosamsam.org\/fr\/?page_id=315"},"modified":"2023-11-25T07:23:58","modified_gmt":"2023-11-25T07:23:58","slug":"mentions-legales","status":"publish","type":"page","link":"https:\/\/proyectosamsam.org\/fr\/mentions-legales\/","title":{"rendered":"Mentions l\u00e9gales"},"content":{"rendered":"\n<h2 class=\"wp-block-heading\">Site internet<\/h2>\n\n\n\n<p><strong>Conform\u00e9ment au R\u00e8glement 2016\/679 du Parlement europ\u00e9en et du Conseil du 27 avril 2016 et \u00e0 la loi espagnole LOPD GDD 3\/2018, concernant la protection des personnes physiques \u00e0 l&rsquo;\u00e9gard du traitement et de la libre circulation des donn\u00e9es \u00e0 caract\u00e8re personnel, la clause d&rsquo;information suivante est publi\u00e9e.<\/strong><\/p>\n\n\n\n<p>NICOL\u00c1S BARR\u00c9 SOLIDARIT\u00c9 traite des images et des vid\u00e9os dans ses propres m\u00e9dias (site web, publications, r\u00e9seaux sociaux).<\/p>\n\n\n\n<p>L&rsquo;objectif de ces m\u00e9dias est de montrer l&rsquo;activit\u00e9 de l&rsquo;organisation \u00e0 but non lucratif, sans aucune utilisation commerciale.<\/p>\n\n\n\n<p>Identit\u00e9 : NICOL\u00c1S BARR\u00c9 SOLIDARIDAD &#8211; C.I.F. : ESR2000145I<\/p>\n\n\n\n<p>Adresse postale : Ponzano 54, 5\u00ba B (28003 Madrid)<\/p>\n\n\n\n<p>T\u00e9l\u00e9phone : 91 441 84 16<\/p>\n\n\n\n<p>Courrier \u00e9lectronique : p.alfaomega@gmail.com&nbsp;<\/p>\n\n\n\n<p>Les donn\u00e9es fournies seront conserv\u00e9es pendant les ann\u00e9es n\u00e9cessaires au respect des obligations l\u00e9gales. Les donn\u00e9es ne seront pas communiqu\u00e9es \u00e0 des tiers, sauf en cas d&rsquo;obligation l\u00e9gale. Vous avez le droit d&rsquo;obtenir la confirmation que NICOL\u00c1S BARR\u00c9 SOLIDARIDAD traite vos donn\u00e9es personnelles ; vous avez donc le droit d&rsquo;acc\u00e9der \u00e0 vos donn\u00e9es personnelles, de rectifier les donn\u00e9es inexactes ou de demander leur suppression lorsque les donn\u00e9es ne sont plus n\u00e9cessaires.<\/p>\n\n\n\n<p>Nous vous informons \u00e9galement que nous sommes \u00e0 votre disposition pour d\u00e9fendre vos droits par le biais de la proc\u00e9dure d&rsquo;exercice des droits des personnes concern\u00e9es (acc\u00e8s, rectification, annulation\/blocage, opposition et portabilit\u00e9).<\/p>\n\n\n\n<h2 class=\"wp-block-heading\">R\u00e9seaux sociaux<\/h2>\n\n\n\n<p><strong>En vigueur du r\u00e8glement 2016\/679 du Parlement europ\u00e9en et du Conseil du 27 avril 2016 et de la loi espagnole LOPD GDD 3\/2018 concernant la protection des personnes physiques en mati\u00e8re de traitement et de libre circulation des donn\u00e9es \u00e0 caract\u00e8re personnel, la clause informative suivante :<\/strong><\/p>\n\n\n\n<p>NICOL\u00c1S BARR\u00c9 SOLIDARIDAD utilise plusieurs r\u00e9seaux sociaux pour informer et diffuser ses propres activit\u00e9s. L&rsquo;intention du dit m\u00e9dia est de montrer l&rsquo;activit\u00e9 de l&rsquo;entit\u00e9 \u00e0 but non lucratif sans aucun type d&rsquo;utilisation commerciale.<\/p>\n\n\n\n<p>Ces activit\u00e9s sont limit\u00e9es \u00e0 :<\/p>\n\n\n\n<ol class=\"wp-block-list\" type=\"1\">\n<li>Activit\u00e9s de l&rsquo;entit\u00e9 \u00e0 but non lucratif.<\/li>\n\n\n\n<li>Diffusion de toutes les activit\u00e9s externes auxquelles participe l\u2019entit\u00e9 \u00e0 but non lucratif. Son origine est tr\u00e8s vari\u00e9e et elle cible le grand public, tant en Espagne que dans le monde. L&rsquo;intention du site internet est d\u2019informer sur les travaux effectu\u00e9s pour qu\u2019ils soient connus de grand public et pas seulement des b\u00e9n\u00e9ficiaires. Ces activit\u00e9s n&rsquo;ont aucun but commercial.<\/li>\n<\/ol>\n\n\n\n<p>Contr\u00f4le de la pr\u00e9sence d&rsquo;images et d&rsquo;enregistrements avec les donn\u00e9es personnelles des b\u00e9n\u00e9ficiaires dans les r\u00e9seaux sociaux (Twitter, Instagram, Facebook, etc.)&nbsp;:<\/p>\n\n\n\n<ol class=\"wp-block-list\" type=\"1\">\n<li>Les comptes Twitter, Instagram et Facebook sont la propri\u00e9t\u00e9 exclusive de NICOL\u00c1S BARR\u00c9 SOLIDARIDAD.<\/li>\n\n\n\n<li>La contribution de donn\u00e9es et d&rsquo;images est r\u00e9gie par le traitement des donn\u00e9es d&rsquo;images dans les propres supports de communication. Ce traitement n\u00e9cessite inexorablement le consentement des personnes dont les donn\u00e9es personnelles sont publi\u00e9es.<\/li>\n\n\n\n<li>Le traitement des publications est strictement interne. Personne qui n&rsquo;appartient pas \u00e0 NICOL\u00c1S BARR\u00c9 SOLIDARIDAD (ou \u00e0 l&rsquo;\u00e9quipe des m\u00e9dias sociaux de l&rsquo;entit\u00e9 \u00e0 but non lucratif, le cas \u00e9ch\u00e9ant) n&rsquo;est autoris\u00e9 \u00e0 publier des informations sur Twitter, Facebook ou Instagram ou d&rsquo;autres r\u00e9seaux sociaux propres.<\/li>\n\n\n\n<li>Toute demande des b\u00e9n\u00e9ficiaires ou des personnes dont les donn\u00e9es personnelles sont publi\u00e9es fera l&rsquo;objet d&rsquo;une r\u00e9action imm\u00e9diate des \u00e9diteurs, rectifiant ou supprimant les informations demand\u00e9es.<\/li>\n\n\n\n<li>La destruction des donn\u00e9es sera effectu\u00e9e exclusivement par les responsables de NICOL\u00c1S BARR\u00c9 SOLIDARIDAD (ou l&rsquo;\u00e9quipe des m\u00e9dias sociaux de l&rsquo;entit\u00e9 \u00e0 but non lucratif, le cas \u00e9ch\u00e9ant).<\/li>\n\n\n\n<li>NICOL\u00c1S BARR\u00c9 SOLIDARIDAD est responsable de toutes les donn\u00e9es trait\u00e9es dans les comptes Twitter, Instagram et Facebook ou autres r\u00e9seaux sociaux qui lui sont propres (propri\u00e9t\u00e9 exclusive de l&rsquo;entit\u00e9 \u00e0 but non lucratif).<\/li>\n\n\n\n<li>En dehors du cadre d\u00e9crit (Twitter, Instagram, Facebook ou autres r\u00e9seaux sociaux appartenant exclusivement \u00e0 l&rsquo;entit\u00e9 \u00e0 but non lucratif) l\u2019entit\u00e9 n&rsquo;est pas responsable des commentaires, images, vid\u00e9os qui y sont publi\u00e9s.<\/li>\n<\/ol>\n\n\n\n<p><strong>Droit d&rsquo;acc\u00e8s, de rectification, d&rsquo;annulation\/blocage, d&rsquo;opposition et de portabilit\u00e9<\/strong> :<\/p>\n\n\n\n<p>Identit\u00e9 : NICOL\u00c1S BARR\u00c9 SOLIDARIDAD \u2013 C.I.F. : ESR2000145I<\/p>\n\n\n\n<p>Adresse postale : calle Ponzano 54, 5\u00ba B (28003 Madrid)<\/p>\n\n\n\n<p>T\u00e9l\u00e9phone : 91 441 84 16<\/p>\n\n\n\n<p>Email&nbsp;: <a href=\"mailto:p.alfaomega@gmail.com\">p.alfaomega@gmail.com<\/a><\/p>\n\n\n\n<p>Les donn\u00e9es fournies seront conserv\u00e9es pendant les ann\u00e9es n\u00e9cessaires pour se conformer aux obligations l\u00e9gales. Les donn\u00e9es ne seront pas transf\u00e9r\u00e9es \u00e0 des tiers, sauf dans les cas o\u00f9 il existe une obligation l\u00e9gale. Vous avez le droit d&rsquo;obtenir la confirmation que NICOL\u00c1S BARR\u00c9 SOLIDARIDAD traite vos donn\u00e9es personnelles&nbsp;; par cons\u00e9quent, vous avez le droit d&rsquo;acc\u00e9der \u00e0 vos donn\u00e9es personnelles, de rectifier des donn\u00e9es inexactes ou de demander leur suppression lorsque les donn\u00e9es ne sont plus n\u00e9cessaires. <\/p>\n\n\n\n<p>De m\u00eame, nous vous informons que nous sommes \u00e0 votre disposition pour d\u00e9fendre vos droits par le biais de la Proc\u00e9dure d&rsquo;exercice des droits par les parties int\u00e9ress\u00e9es (acc\u00e8s, rectification, annulation\/blocage, opposition et portabilit\u00e9).<\/p>\n\n\n\n<p><\/p>\n","protected":false},"excerpt":{"rendered":"<p>Site internet Conform\u00e9ment au R\u00e8glement 2016\/679 du Parlement europ\u00e9en et du Conseil du 27 avril 2016 et \u00e0 la loi espagnole LOPD GDD 3\/2018, concernant la protection des personnes physiques \u00e0 l&rsquo;\u00e9gard du traitement et de la libre circulation des donn\u00e9es \u00e0 caract\u00e8re personnel, la clause d&rsquo;information suivante est publi\u00e9e. NICOL\u00c1S BARR\u00c9 SOLIDARIT\u00c9 traite des&hellip; <a class=\"more-link\" href=\"https:\/\/proyectosamsam.org\/fr\/mentions-legales\/\">Poursuivre la lecture <span class=\"screen-reader-text\">Mentions l\u00e9gales<\/span><\/a><\/p>\n","protected":false},"author":1,"featured_media":0,"parent":0,"menu_order":0,"comment_status":"closed","ping_status":"closed","template":"","meta":{"footnotes":""},"class_list":["post-315","page","type-page","status-publish","hentry","entry"],"featured_image_urls_v2":{"full":"","thumbnail":"","medium":"","medium_large":"","large":"","1536x1536":"","2048x2048":"","post-thumbnail":""},"post_excerpt_stackable_v2":"<p>Site internet Conform\u00e9ment au R\u00e8glement 2016\/679 du Parlement europ\u00e9en et du Conseil du 27 avril 2016 et \u00e0 la loi espagnole LOPD GDD 3\/2018, concernant la protection des personnes physiques \u00e0 l&rsquo;\u00e9gard du traitement et de la libre circulation des donn\u00e9es \u00e0 caract\u00e8re personnel, la clause d&rsquo;information suivante est publi\u00e9e. NICOL\u00c1S BARR\u00c9 SOLIDARIT\u00c9 traite des images et des vid\u00e9os dans ses propres m\u00e9dias (site web, publications, r\u00e9seaux sociaux). L&rsquo;objectif de ces m\u00e9dias est de montrer l&rsquo;activit\u00e9 de l&rsquo;organisation \u00e0 but non lucratif, sans aucune utilisation commerciale. Identit\u00e9 : NICOL\u00c1S BARR\u00c9 SOLIDARIDAD &#8211; C.I.F. : ESR2000145I Adresse postale : Ponzano 54,\u2026<\/p>\n","category_list_v2":"","author_info_v2":{"name":"samsam_admin","url":"https:\/\/proyectosamsam.org\/fr\/author\/samsam_admin\/"},"comments_num_v2":"0 commentaire","yoast_head":"<!-- This site is optimized with the Yoast SEO plugin v27.3 - https:\/\/yoast.com\/product\/yoast-seo-wordpress\/ -->\n<title>Mentions l\u00e9gales | Projets Sam Sam<\/title>\n<meta name=\"robots\" content=\"noindex, follow, max-snippet:-1, max-image-preview:large, max-video-preview:-1\" \/>\n<meta property=\"og:locale\" content=\"fr_FR\" \/>\n<meta property=\"og:type\" content=\"article\" \/>\n<meta property=\"og:title\" content=\"Mentions l\u00e9gales | Projets Sam Sam\" \/>\n<meta property=\"og:description\" content=\"Site internet Conform\u00e9ment au R\u00e8glement 2016\/679 du Parlement europ\u00e9en et du Conseil du 27 avril 2016 et \u00e0 la loi espagnole LOPD GDD 3\/2018, concernant la protection des personnes physiques \u00e0 l&rsquo;\u00e9gard du traitement et de la libre circulation des donn\u00e9es \u00e0 caract\u00e8re personnel, la clause d&rsquo;information suivante est publi\u00e9e. NICOL\u00c1S BARR\u00c9 SOLIDARIT\u00c9 traite des&hellip; Poursuivre la lecture Mentions l\u00e9gales\" \/>\n<meta property=\"og:url\" content=\"https:\/\/proyectosamsam.org\/fr\/mentions-legales\/\" \/>\n<meta property=\"og:site_name\" content=\"Proyectos Sam Sam\" \/>\n<meta property=\"article:modified_time\" content=\"2023-11-25T07:23:58+00:00\" \/>\n<meta name=\"twitter:card\" content=\"summary_large_image\" \/>\n<meta name=\"twitter:label1\" content=\"Dur\u00e9e de lecture estim\u00e9e\" \/>\n\t<meta name=\"twitter:data1\" content=\"4 minutes\" \/>\n<script type=\"application\/ld+json\" class=\"yoast-schema-graph\">{\"@context\":\"https:\\\/\\\/schema.org\",\"@graph\":[{\"@type\":\"WebPage\",\"@id\":\"https:\\\/\\\/proyectosamsam.org\\\/fr\\\/mentions-legales\\\/\",\"url\":\"https:\\\/\\\/proyectosamsam.org\\\/fr\\\/mentions-legales\\\/\",\"name\":\"Mentions l\u00e9gales | Projets Sam Sam\",\"isPartOf\":{\"@id\":\"https:\\\/\\\/proyectosamsam.org\\\/fr\\\/#website\"},\"datePublished\":\"2021-10-31T19:21:52+00:00\",\"dateModified\":\"2023-11-25T07:23:58+00:00\",\"breadcrumb\":{\"@id\":\"https:\\\/\\\/proyectosamsam.org\\\/fr\\\/mentions-legales\\\/#breadcrumb\"},\"inLanguage\":\"fr-FR\",\"potentialAction\":[{\"@type\":\"ReadAction\",\"target\":[\"https:\\\/\\\/proyectosamsam.org\\\/fr\\\/mentions-legales\\\/\"]}]},{\"@type\":\"BreadcrumbList\",\"@id\":\"https:\\\/\\\/proyectosamsam.org\\\/fr\\\/mentions-legales\\\/#breadcrumb\",\"itemListElement\":[{\"@type\":\"ListItem\",\"position\":1,\"name\":\"Home\",\"item\":\"https:\\\/\\\/proyectosamsam.org\\\/fr\\\/\"},{\"@type\":\"ListItem\",\"position\":2,\"name\":\"Mentions l\u00e9gales\"}]},{\"@type\":\"WebSite\",\"@id\":\"https:\\\/\\\/proyectosamsam.org\\\/fr\\\/#website\",\"url\":\"https:\\\/\\\/proyectosamsam.org\\\/fr\\\/\",\"name\":\"Proyectos Sam Sam\",\"description\":\"Sitio de Proyectos Sam Sam\",\"publisher\":{\"@id\":\"https:\\\/\\\/proyectosamsam.org\\\/fr\\\/#organization\"},\"potentialAction\":[{\"@type\":\"SearchAction\",\"target\":{\"@type\":\"EntryPoint\",\"urlTemplate\":\"https:\\\/\\\/proyectosamsam.org\\\/fr\\\/?s={search_term_string}\"},\"query-input\":{\"@type\":\"PropertyValueSpecification\",\"valueRequired\":true,\"valueName\":\"search_term_string\"}}],\"inLanguage\":\"fr-FR\"},{\"@type\":\"Organization\",\"@id\":\"https:\\\/\\\/proyectosamsam.org\\\/fr\\\/#organization\",\"name\":\"Proyectos Sam Sam\",\"url\":\"https:\\\/\\\/proyectosamsam.org\\\/fr\\\/\",\"logo\":{\"@type\":\"ImageObject\",\"inLanguage\":\"fr-FR\",\"@id\":\"https:\\\/\\\/proyectosamsam.org\\\/fr\\\/#\\\/schema\\\/logo\\\/image\\\/\",\"url\":\"https:\\\/\\\/proyectosamsam.org\\\/fr\\\/wp-content\\\/uploads\\\/2021\\\/10\\\/Logo-Web.png\",\"contentUrl\":\"https:\\\/\\\/proyectosamsam.org\\\/fr\\\/wp-content\\\/uploads\\\/2021\\\/10\\\/Logo-Web.png\",\"width\":214,\"height\":86,\"caption\":\"Proyectos Sam Sam\"},\"image\":{\"@id\":\"https:\\\/\\\/proyectosamsam.org\\\/fr\\\/#\\\/schema\\\/logo\\\/image\\\/\"}}]}<\/script>\n<!-- \/ Yoast SEO plugin. -->","yoast_head_json":{"title":"Mentions l\u00e9gales | Projets Sam Sam","robots":{"index":"noindex","follow":"follow","max-snippet":"max-snippet:-1","max-image-preview":"max-image-preview:large","max-video-preview":"max-video-preview:-1"},"og_locale":"fr_FR","og_type":"article","og_title":"Mentions l\u00e9gales | Projets Sam Sam","og_description":"Site internet Conform\u00e9ment au R\u00e8glement 2016\/679 du Parlement europ\u00e9en et du Conseil du 27 avril 2016 et \u00e0 la loi espagnole LOPD GDD 3\/2018, concernant la protection des personnes physiques \u00e0 l&rsquo;\u00e9gard du traitement et de la libre circulation des donn\u00e9es \u00e0 caract\u00e8re personnel, la clause d&rsquo;information suivante est publi\u00e9e. NICOL\u00c1S BARR\u00c9 SOLIDARIT\u00c9 traite des&hellip; Poursuivre la lecture Mentions l\u00e9gales","og_url":"https:\/\/proyectosamsam.org\/fr\/mentions-legales\/","og_site_name":"Proyectos Sam Sam","article_modified_time":"2023-11-25T07:23:58+00:00","twitter_card":"summary_large_image","twitter_misc":{"Dur\u00e9e de lecture estim\u00e9e":"4 minutes"},"schema":{"@context":"https:\/\/schema.org","@graph":[{"@type":"WebPage","@id":"https:\/\/proyectosamsam.org\/fr\/mentions-legales\/","url":"https:\/\/proyectosamsam.org\/fr\/mentions-legales\/","name":"Mentions l\u00e9gales | Projets Sam Sam","isPartOf":{"@id":"https:\/\/proyectosamsam.org\/fr\/#website"},"datePublished":"2021-10-31T19:21:52+00:00","dateModified":"2023-11-25T07:23:58+00:00","breadcrumb":{"@id":"https:\/\/proyectosamsam.org\/fr\/mentions-legales\/#breadcrumb"},"inLanguage":"fr-FR","potentialAction":[{"@type":"ReadAction","target":["https:\/\/proyectosamsam.org\/fr\/mentions-legales\/"]}]},{"@type":"BreadcrumbList","@id":"https:\/\/proyectosamsam.org\/fr\/mentions-legales\/#breadcrumb","itemListElement":[{"@type":"ListItem","position":1,"name":"Home","item":"https:\/\/proyectosamsam.org\/fr\/"},{"@type":"ListItem","position":2,"name":"Mentions l\u00e9gales"}]},{"@type":"WebSite","@id":"https:\/\/proyectosamsam.org\/fr\/#website","url":"https:\/\/proyectosamsam.org\/fr\/","name":"Proyectos Sam Sam","description":"Sitio de Proyectos Sam Sam","publisher":{"@id":"https:\/\/proyectosamsam.org\/fr\/#organization"},"potentialAction":[{"@type":"SearchAction","target":{"@type":"EntryPoint","urlTemplate":"https:\/\/proyectosamsam.org\/fr\/?s={search_term_string}"},"query-input":{"@type":"PropertyValueSpecification","valueRequired":true,"valueName":"search_term_string"}}],"inLanguage":"fr-FR"},{"@type":"Organization","@id":"https:\/\/proyectosamsam.org\/fr\/#organization","name":"Proyectos Sam Sam","url":"https:\/\/proyectosamsam.org\/fr\/","logo":{"@type":"ImageObject","inLanguage":"fr-FR","@id":"https:\/\/proyectosamsam.org\/fr\/#\/schema\/logo\/image\/","url":"https:\/\/proyectosamsam.org\/fr\/wp-content\/uploads\/2021\/10\/Logo-Web.png","contentUrl":"https:\/\/proyectosamsam.org\/fr\/wp-content\/uploads\/2021\/10\/Logo-Web.png","width":214,"height":86,"caption":"Proyectos Sam Sam"},"image":{"@id":"https:\/\/proyectosamsam.org\/fr\/#\/schema\/logo\/image\/"}}]}},"_links":{"self":[{"href":"https:\/\/proyectosamsam.org\/fr\/wp-json\/wp\/v2\/pages\/315","targetHints":{"allow":["GET"]}}],"collection":[{"href":"https:\/\/proyectosamsam.org\/fr\/wp-json\/wp\/v2\/pages"}],"about":[{"href":"https:\/\/proyectosamsam.org\/fr\/wp-json\/wp\/v2\/types\/page"}],"author":[{"embeddable":true,"href":"https:\/\/proyectosamsam.org\/fr\/wp-json\/wp\/v2\/users\/1"}],"replies":[{"embeddable":true,"href":"https:\/\/proyectosamsam.org\/fr\/wp-json\/wp\/v2\/comments?post=315"}],"version-history":[{"count":15,"href":"https:\/\/proyectosamsam.org\/fr\/wp-json\/wp\/v2\/pages\/315\/revisions"}],"predecessor-version":[{"id":1022,"href":"https:\/\/proyectosamsam.org\/fr\/wp-json\/wp\/v2\/pages\/315\/revisions\/1022"}],"wp:attachment":[{"href":"https:\/\/proyectosamsam.org\/fr\/wp-json\/wp\/v2\/media?parent=315"}],"curies":[{"name":"wp","href":"https:\/\/api.w.org\/{rel}","templated":true}]}}