{"id":317,"date":"2021-10-31T19:22:09","date_gmt":"2021-10-31T19:22:09","guid":{"rendered":"https:\/\/proyectosamsam.org\/fr\/?page_id=317"},"modified":"2023-11-25T07:21:39","modified_gmt":"2023-11-25T07:21:39","slug":"donaciones","status":"publish","type":"page","link":"https:\/\/proyectosamsam.org\/fr\/donaciones\/","title":{"rendered":"Dons"},"content":{"rendered":"\n<h2 class=\"wp-block-heading\">Action<\/h2>\n\n\n\n<p>Les dons sont sollicit\u00e9s, qu&rsquo;ils soient d&rsquo;un montant pr\u00e9\u00e9tabli (30, 50, 100 euros), ou de tout autre montant sur une base mensuelle, trimestrielle ou annuelle. Vous trouverez la marche \u00e0 suivre pour faire un don sur notre site web <a href=\"https:\/\/proyectosamsam.org\/fr\/\">www.proyectosamsam.org<\/a>.<\/p>\n\n\n\n<p><strong>NICOL\u00c1S BARR\u00c9 SOLIDARIDAD <\/strong>est une organisation \u00e0 but non lucratif qui m\u00e8ne des projets de solidarit\u00e9 \u00e0 Dakar (S\u00e9n\u00e9gal) afin de soutenir le d\u00e9veloppement des quartiers les plus d\u00e9favoris\u00e9s et de sensibiliser la population espagnole et le reste du monde. Tous les fonds collect\u00e9s par l&rsquo;organisation sont exclusivement destin\u00e9s au <strong>PROJET SAM SAM<\/strong>.<\/p>\n\n\n\n<p>Nos revenus proviennent de nos propres sources et de dons de tiers. Les nouveaux moyens de canaliser les aides et les dons existants gr\u00e2ce aux nouvelles technologies permettent \u00e0 l&rsquo;organisation sans but lucratif de demander au grand public de financer ses propres projets avec des ressources limit\u00e9es et en fonction de ses besoins.<\/p>\n\n\n\n<p>Les dons financeront les projets \u00e9ducatifs, sanitaires, agricoles, sociaux et de d\u00e9veloppement de la femme, dans le but d&rsquo;aider au d\u00e9veloppement int\u00e9gral des populations des pays du Sud.<\/p>\n\n\n\n<p>La collaboration ne sera jamais utilis\u00e9e \u00e0 des fins de guerre, \u00e0 des fins partisanes ou \u00e0 des fins de violence ou d&rsquo;agression contre l&rsquo;homme ou la nature.<\/p>\n\n\n\n<h2 class=\"wp-block-heading\">Champ d&rsquo;action<\/h2>\n\n\n\n<p><strong>NICOL\u00c1S BARR\u00c9 SOLIDARIDAD <\/strong>poss\u00e8de le num\u00e9ro d&rsquo;identification fiscale R-2000145I. Son adresse sociale et de contact est calle Ponzano 54, 5\u00ba B &#8211; 28003 Madrid &#8211; Espagne &#8211; T\u00e9l\u00e9phone : 91 441 84 16 et courriel p.alfaomega@gmail.com.<\/p>\n\n\n\n<p>De par sa nature juridique, <strong>NICOL\u00c1S BARR\u00c9 SOLIDARIDAD<\/strong> est une entit\u00e9 \u00e0 but non lucratif, conform\u00e9ment \u00e0 la loi 49\/2002.<\/p>\n\n\n\n<p>En ce qui concerne la sollicitation deS dons, il est explicitement indiqu\u00e9 que toutes les actions visant \u00e0 obtenir des dons sont conformes \u00e0 la l\u00e9gislation espagnole.<\/p>\n\n\n\n<p>Le respect de la loi 10\/2010 sur la pr\u00e9vention du blanchiment d&rsquo;argent et du financement du terrorisme est particuli\u00e8rement important \u00e0 cet \u00e9gard.<\/p>\n\n\n\n<p>Nous mentionnons aussi explicitement le strict respect de la l\u00e9gislation fiscale actuelle qui nous permet d&rsquo;obtenir un all\u00e8gement fiscal pour le donateur dans la d\u00e9claration d&rsquo;imp\u00f4t sur le revenu si un contribuable espagnol fait un don \u00e0 des projets de solidarit\u00e9. Depuis le 19-12-2021, le r\u00e9gime juridique de l&rsquo;all\u00e9gement fiscal susmentionn\u00e9 est le suivant :<\/p>\n\n\n\n<h2 class=\"wp-block-heading\">All\u00e9gement fiscal pour les r\u00e9sidents en Espagne<\/h2>\n\n\n\n<p>D\u00e9duction et all\u00e9gement fiscal pour les dons de particuliers r\u00e9sidents en Espagne aux projets de solidarit\u00e9 de <strong>NICOL\u00c1S BARR\u00c9 SOLIDARIDAD<\/strong> en tant qu&rsquo;entit\u00e9 sous le r\u00e9gime fiscal sp\u00e9cial de la loi 49\/2002, du 23 d\u00e9cembre :<\/p>\n\n\n\n<p>Si vous \u00eates un particulier r\u00e9sidant en Espagne, vous pouvez d\u00e9duire de votre imp\u00f4t sur le revenu des personnes physiques pour cette ann\u00e9e 80% du montant de vos dons int\u00e9graux pour les contributions jusqu&rsquo;\u00e0 150 \u20ac par an. Au-del\u00e0 de ce montant, la d\u00e9duction sera de 35% ou 40% (si vous collaborez avec nous depuis au moins trois ann\u00e9es cons\u00e9cutives), avec une limite de 10% de la base imposable.<\/p>\n\n\n\n<p>Si vous faites la donation en tant que personne morale, vous pouvez d\u00e9duire 35% de vos dons de votre imp\u00f4t sur les soci\u00e9t\u00e9s. Si vous collaborez avec nous depuis au moins trois ann\u00e9es cons\u00e9cutives, la d\u00e9duction sera de 40 %, dans la limite de 10 % de la base imposable.<\/p>\n\n\n\n<p>Si vous \u00eates une personne physique ou morale non r\u00e9sidente en Espagne et que vous percevez des revenus dans notre pays, vous b\u00e9n\u00e9ficiez \u00e9galement d&rsquo;un avantage fiscal pour le montant de vos dons. Vous pouvez le v\u00e9rifier sur le site de l&rsquo;Agence fiscale.<\/p>\n\n\n\n<p>Si vous r\u00e9sidez dans une communaut\u00e9 autonome soumise \u00e0 un r\u00e9gime fiscal particulier ou ayant \u00e9tabli des d\u00e9ductions suppl\u00e9mentaires pour les dons aux ONG, les d\u00e9ductions applicables peuvent varier.<\/p>\n\n\n\n<p>N&rsquo;oubliez pas que, pour que nous puissions informer l&rsquo;Agence fiscale du montant de vos dons, il est indispensable que vous ayez fourni votre DNI ou NIF et votre adresse.<\/p>\n\n\n\n<p>Si vous souhaitez obtenir de plus amples informations sur ces avantages fiscaux, vous pouvez consulter le site web de l&rsquo;Agence fiscale.<\/p>\n\n\n\n<h2 class=\"wp-block-heading\">Politique de confidentialit\u00e9 et de protection de la vie priv\u00e9e<\/h2>\n\n\n\n<p>Les donn\u00e9es personnelles demand\u00e9es pour la r\u00e9alisation du certificat de dons permettant une r\u00e9duction fiscale dans la d\u00e9claration d&rsquo;imp\u00f4t sur le revenu du donateur seront r\u00e9gies par les exigences de la loi LOPDGDD 3\/2018 et du RPGD 2016\/679.<\/p>\n\n\n\n<p>Pour toute communication concernant les droits inh\u00e9rents du donateur \u00e0 l&rsquo;\u00e9gard de ses donn\u00e9es personnelles, ainsi que pour la communication de toute modification de l&rsquo;adresse, du t\u00e9l\u00e9phone, du compte courant et de l&#8217;email, nous vous fournissons notre num\u00e9ro de t\u00e9l\u00e9phone 91 441 84 16 et l&#8217;email p.alfaomega@gmail.com, en mentionnant toujours \u00ab\u00a0DONS PROJET SAM SAM\u00a0\u00bb lors de la communication.<\/p>\n\n\n\n<h2 class=\"wp-block-heading\">Livraison des produits, des services et de leurs garanties<\/h2>\n\n\n\n<p>\u00c9tant donn\u00e9 qu&rsquo;il s&rsquo;agit d&rsquo;un don inconditionnel, destin\u00e9 aux objectifs g\u00e9n\u00e9raux des projets de solidarit\u00e9 de l&rsquo;entit\u00e9, la r\u00e9alisation du don n&rsquo;implique pas la livraison d&rsquo;un produit ou d&rsquo;un service, et il n&rsquo;existe pas de droit de r\u00e9tractation, comme le pr\u00e9voient la loi 7\/1996 sur la r\u00e9glementation du commerce de d\u00e9tail et la loi 3\/2014, du 27 mars, qui modifie le texte r\u00e9vis\u00e9 de la loi g\u00e9n\u00e9rale pour la d\u00e9fense des consommateurs et des utilisateurs et d&rsquo;autres lois compl\u00e9mentaires, approuv\u00e9es par le d\u00e9cret l\u00e9gislatif royal 1\/2007, du 16 novembre.<\/p>\n\n\n\n<h2 class=\"wp-block-heading\">Remerciement<\/h2>\n\n\n\n<h2 class=\"wp-block-heading has-text-align-center\"><span style=\"color: #dd2e44;\" class=\"ugb-highlight\">Merci pour votre aide<\/span><\/h2>\n\n\n\n<p>Gr\u00e2ce \u00e0 votre collaboration, nous pouvons contribuer \u00e0 am\u00e9liorer les conditions de vie de nombreuses personnes.<\/p>\n","protected":false},"excerpt":{"rendered":"<p>Action Les dons sont sollicit\u00e9s, qu&rsquo;ils soient d&rsquo;un montant pr\u00e9\u00e9tabli (30, 50, 100 euros), ou de tout autre montant sur une base mensuelle, trimestrielle ou annuelle. Vous trouverez la marche \u00e0 suivre pour faire un don sur notre site web www.proyectosamsam.org. NICOL\u00c1S BARR\u00c9 SOLIDARIDAD est une organisation \u00e0 but non lucratif qui m\u00e8ne des projets&hellip; <a class=\"more-link\" href=\"https:\/\/proyectosamsam.org\/fr\/donaciones\/\">Poursuivre la lecture <span class=\"screen-reader-text\">Dons<\/span><\/a><\/p>\n","protected":false},"author":1,"featured_media":0,"parent":0,"menu_order":0,"comment_status":"closed","ping_status":"closed","template":"","meta":{"footnotes":""},"class_list":["post-317","page","type-page","status-publish","hentry","entry"],"featured_image_urls_v2":{"full":"","thumbnail":"","medium":"","medium_large":"","large":"","1536x1536":"","2048x2048":"","post-thumbnail":""},"post_excerpt_stackable_v2":"<p>Action Les dons sont sollicit\u00e9s, qu&rsquo;ils soient d&rsquo;un montant pr\u00e9\u00e9tabli (30, 50, 100 euros), ou de tout autre montant sur une base mensuelle, trimestrielle ou annuelle. Vous trouverez la marche \u00e0 suivre pour faire un don sur notre site web www.proyectosamsam.org. NICOL\u00c1S BARR\u00c9 SOLIDARIDAD est une organisation \u00e0 but non lucratif qui m\u00e8ne des projets de solidarit\u00e9 \u00e0 Dakar (S\u00e9n\u00e9gal) afin de soutenir le d\u00e9veloppement des quartiers les plus d\u00e9favoris\u00e9s et de sensibiliser la population espagnole et le reste du monde. Tous les fonds collect\u00e9s par l&rsquo;organisation sont exclusivement destin\u00e9s au PROJET SAM SAM. Nos revenus proviennent de nos propres\u2026<\/p>\n","category_list_v2":"","author_info_v2":{"name":"samsam_admin","url":"https:\/\/proyectosamsam.org\/fr\/author\/samsam_admin\/"},"comments_num_v2":"0 commentaire","yoast_head":"<!-- This site is optimized with the Yoast SEO plugin v27.3 - https:\/\/yoast.com\/product\/yoast-seo-wordpress\/ -->\n<title>Dons | Projets Sam Sam<\/title>\n<meta name=\"description\" content=\"Les dons \u00e0 Projets Sam Sam sont d\u00e9ductibles des imp\u00f4ts : un don jusqu&#039;\u00e0 150 \u20ac est d\u00e9ductible des imp\u00f4ts \u00e0 hauteur de 80 % du montant.\" \/>\n<meta name=\"robots\" content=\"noindex, follow, max-snippet:-1, max-image-preview:large, max-video-preview:-1\" \/>\n<meta property=\"og:locale\" content=\"fr_FR\" \/>\n<meta property=\"og:type\" content=\"article\" \/>\n<meta property=\"og:title\" content=\"Dons | Projets Sam Sam\" \/>\n<meta property=\"og:description\" content=\"Les dons \u00e0 Projets Sam Sam sont d\u00e9ductibles des imp\u00f4ts : un don jusqu&#039;\u00e0 150 \u20ac est d\u00e9ductible des imp\u00f4ts \u00e0 hauteur de 80 % du montant.\" \/>\n<meta property=\"og:url\" content=\"https:\/\/proyectosamsam.org\/fr\/donaciones\/\" \/>\n<meta property=\"og:site_name\" content=\"Proyectos Sam Sam\" \/>\n<meta property=\"article:modified_time\" content=\"2023-11-25T07:21:39+00:00\" \/>\n<meta name=\"twitter:card\" content=\"summary_large_image\" \/>\n<meta name=\"twitter:label1\" content=\"Dur\u00e9e de lecture estim\u00e9e\" \/>\n\t<meta name=\"twitter:data1\" content=\"5 minutes\" \/>\n<script type=\"application\/ld+json\" class=\"yoast-schema-graph\">{\"@context\":\"https:\\\/\\\/schema.org\",\"@graph\":[{\"@type\":\"WebPage\",\"@id\":\"https:\\\/\\\/proyectosamsam.org\\\/fr\\\/donaciones\\\/\",\"url\":\"https:\\\/\\\/proyectosamsam.org\\\/fr\\\/donaciones\\\/\",\"name\":\"Dons | Projets Sam Sam\",\"isPartOf\":{\"@id\":\"https:\\\/\\\/proyectosamsam.org\\\/fr\\\/#website\"},\"datePublished\":\"2021-10-31T19:22:09+00:00\",\"dateModified\":\"2023-11-25T07:21:39+00:00\",\"description\":\"Les dons \u00e0 Projets Sam Sam sont d\u00e9ductibles des imp\u00f4ts : un don jusqu'\u00e0 150 \u20ac est d\u00e9ductible des imp\u00f4ts \u00e0 hauteur de 80 % du montant.\",\"breadcrumb\":{\"@id\":\"https:\\\/\\\/proyectosamsam.org\\\/fr\\\/donaciones\\\/#breadcrumb\"},\"inLanguage\":\"fr-FR\",\"potentialAction\":[{\"@type\":\"ReadAction\",\"target\":[\"https:\\\/\\\/proyectosamsam.org\\\/fr\\\/donaciones\\\/\"]}]},{\"@type\":\"BreadcrumbList\",\"@id\":\"https:\\\/\\\/proyectosamsam.org\\\/fr\\\/donaciones\\\/#breadcrumb\",\"itemListElement\":[{\"@type\":\"ListItem\",\"position\":1,\"name\":\"Home\",\"item\":\"https:\\\/\\\/proyectosamsam.org\\\/fr\\\/\"},{\"@type\":\"ListItem\",\"position\":2,\"name\":\"Dons\"}]},{\"@type\":\"WebSite\",\"@id\":\"https:\\\/\\\/proyectosamsam.org\\\/fr\\\/#website\",\"url\":\"https:\\\/\\\/proyectosamsam.org\\\/fr\\\/\",\"name\":\"Proyectos Sam Sam\",\"description\":\"Sitio de Proyectos Sam Sam\",\"publisher\":{\"@id\":\"https:\\\/\\\/proyectosamsam.org\\\/fr\\\/#organization\"},\"potentialAction\":[{\"@type\":\"SearchAction\",\"target\":{\"@type\":\"EntryPoint\",\"urlTemplate\":\"https:\\\/\\\/proyectosamsam.org\\\/fr\\\/?s={search_term_string}\"},\"query-input\":{\"@type\":\"PropertyValueSpecification\",\"valueRequired\":true,\"valueName\":\"search_term_string\"}}],\"inLanguage\":\"fr-FR\"},{\"@type\":\"Organization\",\"@id\":\"https:\\\/\\\/proyectosamsam.org\\\/fr\\\/#organization\",\"name\":\"Proyectos Sam Sam\",\"url\":\"https:\\\/\\\/proyectosamsam.org\\\/fr\\\/\",\"logo\":{\"@type\":\"ImageObject\",\"inLanguage\":\"fr-FR\",\"@id\":\"https:\\\/\\\/proyectosamsam.org\\\/fr\\\/#\\\/schema\\\/logo\\\/image\\\/\",\"url\":\"https:\\\/\\\/proyectosamsam.org\\\/fr\\\/wp-content\\\/uploads\\\/2021\\\/10\\\/Logo-Web.png\",\"contentUrl\":\"https:\\\/\\\/proyectosamsam.org\\\/fr\\\/wp-content\\\/uploads\\\/2021\\\/10\\\/Logo-Web.png\",\"width\":214,\"height\":86,\"caption\":\"Proyectos Sam Sam\"},\"image\":{\"@id\":\"https:\\\/\\\/proyectosamsam.org\\\/fr\\\/#\\\/schema\\\/logo\\\/image\\\/\"}}]}<\/script>\n<!-- \/ Yoast SEO plugin. -->","yoast_head_json":{"title":"Dons | Projets Sam Sam","description":"Les dons \u00e0 Projets Sam Sam sont d\u00e9ductibles des imp\u00f4ts : un don jusqu'\u00e0 150 \u20ac est d\u00e9ductible des imp\u00f4ts \u00e0 hauteur de 80 % du montant.","robots":{"index":"noindex","follow":"follow","max-snippet":"max-snippet:-1","max-image-preview":"max-image-preview:large","max-video-preview":"max-video-preview:-1"},"og_locale":"fr_FR","og_type":"article","og_title":"Dons | Projets Sam Sam","og_description":"Les dons \u00e0 Projets Sam Sam sont d\u00e9ductibles des imp\u00f4ts : un don jusqu'\u00e0 150 \u20ac est d\u00e9ductible des imp\u00f4ts \u00e0 hauteur de 80 % du montant.","og_url":"https:\/\/proyectosamsam.org\/fr\/donaciones\/","og_site_name":"Proyectos Sam Sam","article_modified_time":"2023-11-25T07:21:39+00:00","twitter_card":"summary_large_image","twitter_misc":{"Dur\u00e9e de lecture estim\u00e9e":"5 minutes"},"schema":{"@context":"https:\/\/schema.org","@graph":[{"@type":"WebPage","@id":"https:\/\/proyectosamsam.org\/fr\/donaciones\/","url":"https:\/\/proyectosamsam.org\/fr\/donaciones\/","name":"Dons | Projets Sam Sam","isPartOf":{"@id":"https:\/\/proyectosamsam.org\/fr\/#website"},"datePublished":"2021-10-31T19:22:09+00:00","dateModified":"2023-11-25T07:21:39+00:00","description":"Les dons \u00e0 Projets Sam Sam sont d\u00e9ductibles des imp\u00f4ts : un don jusqu'\u00e0 150 \u20ac est d\u00e9ductible des imp\u00f4ts \u00e0 hauteur de 80 % du montant.","breadcrumb":{"@id":"https:\/\/proyectosamsam.org\/fr\/donaciones\/#breadcrumb"},"inLanguage":"fr-FR","potentialAction":[{"@type":"ReadAction","target":["https:\/\/proyectosamsam.org\/fr\/donaciones\/"]}]},{"@type":"BreadcrumbList","@id":"https:\/\/proyectosamsam.org\/fr\/donaciones\/#breadcrumb","itemListElement":[{"@type":"ListItem","position":1,"name":"Home","item":"https:\/\/proyectosamsam.org\/fr\/"},{"@type":"ListItem","position":2,"name":"Dons"}]},{"@type":"WebSite","@id":"https:\/\/proyectosamsam.org\/fr\/#website","url":"https:\/\/proyectosamsam.org\/fr\/","name":"Proyectos Sam Sam","description":"Sitio de Proyectos Sam Sam","publisher":{"@id":"https:\/\/proyectosamsam.org\/fr\/#organization"},"potentialAction":[{"@type":"SearchAction","target":{"@type":"EntryPoint","urlTemplate":"https:\/\/proyectosamsam.org\/fr\/?s={search_term_string}"},"query-input":{"@type":"PropertyValueSpecification","valueRequired":true,"valueName":"search_term_string"}}],"inLanguage":"fr-FR"},{"@type":"Organization","@id":"https:\/\/proyectosamsam.org\/fr\/#organization","name":"Proyectos Sam Sam","url":"https:\/\/proyectosamsam.org\/fr\/","logo":{"@type":"ImageObject","inLanguage":"fr-FR","@id":"https:\/\/proyectosamsam.org\/fr\/#\/schema\/logo\/image\/","url":"https:\/\/proyectosamsam.org\/fr\/wp-content\/uploads\/2021\/10\/Logo-Web.png","contentUrl":"https:\/\/proyectosamsam.org\/fr\/wp-content\/uploads\/2021\/10\/Logo-Web.png","width":214,"height":86,"caption":"Proyectos Sam Sam"},"image":{"@id":"https:\/\/proyectosamsam.org\/fr\/#\/schema\/logo\/image\/"}}]}},"_links":{"self":[{"href":"https:\/\/proyectosamsam.org\/fr\/wp-json\/wp\/v2\/pages\/317","targetHints":{"allow":["GET"]}}],"collection":[{"href":"https:\/\/proyectosamsam.org\/fr\/wp-json\/wp\/v2\/pages"}],"about":[{"href":"https:\/\/proyectosamsam.org\/fr\/wp-json\/wp\/v2\/types\/page"}],"author":[{"embeddable":true,"href":"https:\/\/proyectosamsam.org\/fr\/wp-json\/wp\/v2\/users\/1"}],"replies":[{"embeddable":true,"href":"https:\/\/proyectosamsam.org\/fr\/wp-json\/wp\/v2\/comments?post=317"}],"version-history":[{"count":18,"href":"https:\/\/proyectosamsam.org\/fr\/wp-json\/wp\/v2\/pages\/317\/revisions"}],"predecessor-version":[{"id":1021,"href":"https:\/\/proyectosamsam.org\/fr\/wp-json\/wp\/v2\/pages\/317\/revisions\/1021"}],"wp:attachment":[{"href":"https:\/\/proyectosamsam.org\/fr\/wp-json\/wp\/v2\/media?parent=317"}],"curies":[{"name":"wp","href":"https:\/\/api.w.org\/{rel}","templated":true}]}}