{"id":368,"date":"2021-11-06T10:10:40","date_gmt":"2021-11-06T10:10:40","guid":{"rendered":"https:\/\/proyectosamsam.org\/fr\/?page_id=368"},"modified":"2023-11-01T16:36:14","modified_gmt":"2023-11-01T16:36:14","slug":"formation","status":"publish","type":"page","link":"https:\/\/proyectosamsam.org\/fr\/formation\/","title":{"rendered":"Formation"},"content":{"rendered":"\n<div class=\"alignfull wp-block-ugb-container ugb-container ugb-faf183d ugb-container--v2 ugb-container--design-basic ugb-main-block\"><style>.ugb-faf183d-wrapper.ugb-container__wrapper{background-color:#dd2e44 !important}.ugb-faf183d-wrapper.ugb-container__wrapper:before{background-color:#dd2e44 !important}.ugb-faf183d-content-wrapper > h1,.ugb-faf183d-content-wrapper > h2,.ugb-faf183d-content-wrapper > h3,.ugb-faf183d-content-wrapper > h4,.ugb-faf183d-content-wrapper > h5,.ugb-faf183d-content-wrapper > h6{color:#ffffff}.ugb-faf183d-content-wrapper > p,.ugb-faf183d-content-wrapper > ol li,.ugb-faf183d-content-wrapper > ul li{color:#ffffff}@media screen and (min-width:768px){.ugb-faf183d-content-wrapper.ugb-container__content-wrapper{width:80% !important}}@media screen and (min-width:768px){.ugb-faf183d > .ugb-inner-block > .ugb-block-content > *{padding-top:0px !important;padding-bottom:0px !important;padding-right:0px !important;padding-left:0px !important}}<\/style><div class=\"ugb-inner-block\"><div class=\"ugb-block-content\"><div class=\"ugb-container__wrapper ugb-faf183d-wrapper\"><div class=\"ugb-container__side\"><div class=\"ugb-container__content-wrapper ugb-faf183d-content-wrapper\">\n<div class=\"wp-block-ugb-spacer ugb-spacer ugb-324f9bf ugb-spacer--v2 ugb-main-block\"><style>@media screen and (min-width:768px){.ugb-324f9bf.ugb-spacer{height:55px !important}}<\/style><div class=\"ugb-inner-block\"><div class=\"ugb-block-content\"><div class=\"ugb-spacer--inner\"><\/div><\/div><\/div><\/div>\n\n\n\n<p><span style=\"color: #FFFFFF;\" class=\"ugb-highlight\">La formation est la pierre angulaire pour \u00e9radiquer l&rsquo;analphab\u00e9tisme dans le quartier de Sam Sam et offrir aux jeunes un avenir d\u00e9cent.<\/span><\/p>\n\n\n\n<div style=\"height:15px\" aria-hidden=\"true\" class=\"wp-block-spacer\"><\/div>\n\n\n\n<p class=\"has-white-color has-text-color\">La formation dispens\u00e9e dans les centres associe des comp\u00e9tences th\u00e9oriques (alphab\u00e9tisation, calcul et hygi\u00e8ne) et des comp\u00e9tences pratiques (couture, restauration et bient\u00f4t charpente et menuiserie).<\/p>\n\n\n\n<div style=\"height:30px\" aria-hidden=\"true\" class=\"wp-block-spacer\"><\/div>\n\n\n\n<p class=\"has-text-align-center\" style=\"font-size:30px\"><span style=\"color: #EEEADD;\" class=\"ugb-highlight\"><strong>Objectifs de la formation<\/strong><\/span><\/p>\n\n\n\n<div style=\"height:20px\" aria-hidden=\"true\" class=\"wp-block-spacer\"><\/div>\n\n\n\n<div class=\"wp-block-columns is-layout-flex wp-container-core-columns-is-layout-9d6595d7 wp-block-columns-is-layout-flex\">\n<div class=\"wp-block-column is-layout-flow wp-block-column-is-layout-flow\">\n<p class=\"has-white-color has-text-color\">D\u00e9veloppement personnel COMPLET.<\/p>\n\n\n\n<p class=\"has-white-color has-text-color\">Travailler activement \u00e0 l&rsquo;\u00e9radication de l&rsquo;analphab\u00e9tisme par l&rsquo;\u00e9ducation.<\/p>\n\n\n\n<p><span style=\"color: #FFFFFF;\" class=\"ugb-highlight\">Encourager les jeunes \u00e0 se prendre en charge par la formation et l&rsquo;\u00e9ducation.<\/span><\/p>\n\n\n\n<p class=\"has-white-color has-text-color\">Encourager les familles \u00e0 soutenir les jeunes dans leur engagement professionnel.<\/p>\n\n\n\n<p class=\"has-white-color has-text-color\">Cr\u00e9er une cha\u00eene d&rsquo;ateliers pour que les jeunes puissent, par leur travail, avoir une influence positive dans leur quartier.<\/p>\n\n\n\n<p class=\"has-white-color has-text-color\"><\/p>\n\n\n\n<p class=\"has-white-color has-text-color\"><\/p>\n<\/div>\n\n\n\n<div class=\"wp-block-column is-vertically-aligned-top is-layout-flow wp-block-column-is-layout-flow\">\n<p class=\"has-white-color has-text-color\">Encourager la cr\u00e9ation de petites entreprises familiales dans les quartiers pour vendre des produits transform\u00e9s (farine pour aliments pour b\u00e9b\u00e9s, artisanat, v\u00eatements, meubles, etc.)<\/p>\n\n\n\n<p class=\"has-white-color has-text-color\">Cr\u00e9er des petites boutiques dans les quartiers pour vendre les produits transform\u00e9s (par exemple, la farine pour les aliments pour b\u00e9b\u00e9s).<\/p>\n\n\n\n<p><\/p>\n<\/div>\n<\/div>\n<\/div><\/div><\/div><\/div><\/div><\/div>\n\n\n\n<div class=\"wp-block-ugb-separator alignfull ugb-separator ugb-2b58619 ugb-separator--v2 ugb-separator--design-wave-1\" aria-hidden=\"true\"><style>.ugb-2b58619.ugb-separator{background-color:#dd2e44;margin-top:-76px !important;margin-bottom:-1px !important}.ugb-2b58619 .ugb-separator__bottom-pad{background:#EEEADD}.ugb-2b58619 .ugb-separator__top-pad{background:#dd2e44}.ugb-2b58619 .ugb-separator__shadow,.ugb-2b58619 .ugb-separator__layer-1{fill:#EEEADD;transform:scaleX(1)}@media screen and (min-width:768px){.ugb-2b58619 .ugb-separator__svg-wrapper{height:200px !important}}@media screen and (max-width:1025px){.ugb-2b58619.ugb-separator{margin-top:-1px !important;margin-bottom:-1px !important}}@media screen and (max-width:768px){.ugb-2b58619.ugb-separator{margin-top:-1px !important;margin-bottom:-1px !important}}<\/style><div class=\"ugb-inner-block\"><div class=\"ugb-block-content\"><div class=\"ugb-separator__top-pad\"><\/div><div class=\"ugb-separator__svg-wrapper\"><div class=\"ugb-separator__svg-inner ugb-separator-wrapper\"><svg xmlns=\"http:\/\/www.w3.org\/2000\/svg\" viewBox=\"0 0 1600 200\" class=\"ugb-separator__layer-1\" preserveAspectRatio=\"none\" aria-hidden=\"true\"><path class=\"wave-1_svg__st2\" d=\"M1341.4 48.9c-182.4 0-254.2 80.4-429.4 80.4-117.8 0-209.7-67.5-393.5-67.5-142.2 0-212.6 38.8-324.6 38.8S-10 64.7-10 64.7V210h1620V102c-110.6-40.2-181-53.1-268.6-53.1z\"><\/path><\/svg><\/div><\/div><div class=\"ugb-separator__bottom-pad\"><\/div><\/div><\/div><\/div>\n\n\n\n<div class=\"alignfull wp-block-ugb-blog-posts ugb-blog-posts ugb-793901c ugb-blog-posts--v2 ugb-blog-posts--design-basic ugb-blog-posts--columns-3 ugb-main-block\"><style>.ugb-793901c .ugb-blog-posts__readmore a{color:#dd2e44 !important}.ugb-793901c .ugb-blog-posts__readmore a:hover{opacity:0.8}<\/style><div class=\"ugb-inner-block\"><div class=\"ugb-block-content\"><article class=\"ugb-blog-posts__item\"><div class=\"ugb-blog-posts__content\"><h3 class=\"ugb-blog-posts__title\"><a href=\"https:\/\/proyectosamsam.org\/fr\/formation-en-restauration\/\">Formation en restauration et gestion h\u00f4teli\u00e8re<\/a><\/h3><p class=\"ugb-blog-posts__readmore\"><a href=\"https:\/\/proyectosamsam.org\/fr\/formation-en-restauration\/\">Leer m\u00e1s<\/a><\/p><\/div><\/article><article class=\"ugb-blog-posts__item\"><div class=\"ugb-blog-posts__content\"><h3 class=\"ugb-blog-posts__title\"><a href=\"https:\/\/proyectosamsam.org\/fr\/formation-en-couture-et-confection\/\">Formation en couture et confection<\/a><\/h3><p class=\"ugb-blog-posts__readmore\"><a href=\"https:\/\/proyectosamsam.org\/fr\/formation-en-couture-et-confection\/\">Leer m\u00e1s<\/a><\/p><\/div><\/article><article class=\"ugb-blog-posts__item\"><div class=\"ugb-blog-posts__content\"><h3 class=\"ugb-blog-posts__title\"><a href=\"https:\/\/proyectosamsam.org\/fr\/formation-en-menuiserie-et-ebenisterie\/\">Formation en menuiserie et \u00e9b\u00e9nisterie<\/a><\/h3><p class=\"ugb-blog-posts__readmore\"><a href=\"https:\/\/proyectosamsam.org\/fr\/formation-en-menuiserie-et-ebenisterie\/\">Leer m\u00e1s<\/a><\/p><\/div><\/article><\/div><\/div><\/div>\n","protected":false},"excerpt":{"rendered":"<p>La formation est la pierre angulaire pour \u00e9radiquer l&rsquo;analphab\u00e9tisme dans le quartier de Sam Sam et offrir aux jeunes un avenir d\u00e9cent. La formation dispens\u00e9e dans les centres associe des comp\u00e9tences th\u00e9oriques (alphab\u00e9tisation, calcul et hygi\u00e8ne) et des comp\u00e9tences pratiques (couture, restauration et bient\u00f4t charpente et menuiserie). Objectifs de la formation D\u00e9veloppement personnel COMPLET. Travailler&hellip; <a class=\"more-link\" href=\"https:\/\/proyectosamsam.org\/fr\/formation\/\">Poursuivre la lecture <span class=\"screen-reader-text\">Formation<\/span><\/a><\/p>\n","protected":false},"author":1,"featured_media":0,"parent":0,"menu_order":0,"comment_status":"closed","ping_status":"closed","template":"","meta":{"footnotes":""},"class_list":["post-368","page","type-page","status-publish","hentry","entry"],"featured_image_urls_v2":{"full":"","thumbnail":"","medium":"","medium_large":"","large":"","1536x1536":"","2048x2048":"","post-thumbnail":""},"post_excerpt_stackable_v2":"<p>La formation est la pierre angulaire pour \u00e9radiquer l&rsquo;analphab\u00e9tisme dans le quartier de Sam Sam et offrir aux jeunes un avenir d\u00e9cent. La formation dispens\u00e9e dans les centres associe des comp\u00e9tences th\u00e9oriques (alphab\u00e9tisation, calcul et hygi\u00e8ne) et des comp\u00e9tences pratiques (couture, restauration et bient\u00f4t charpente et menuiserie). Objectifs de la formation D\u00e9veloppement personnel COMPLET. Travailler activement \u00e0 l&rsquo;\u00e9radication de l&rsquo;analphab\u00e9tisme par l&rsquo;\u00e9ducation. Encourager les jeunes \u00e0 se prendre en charge par la formation et l&rsquo;\u00e9ducation. Encourager les familles \u00e0 soutenir les jeunes dans leur engagement professionnel. Cr\u00e9er une cha\u00eene d&rsquo;ateliers pour que les jeunes puissent, par leur travail, avoir une\u2026<\/p>\n","category_list_v2":"","author_info_v2":{"name":"samsam_admin","url":"https:\/\/proyectosamsam.org\/fr\/author\/samsam_admin\/"},"comments_num_v2":"0 commentaire","yoast_head":"<!-- This site is optimized with the Yoast SEO plugin v27.3 - https:\/\/yoast.com\/product\/yoast-seo-wordpress\/ -->\n<title>Formation | Projets Sam Sam<\/title>\n<meta name=\"description\" content=\"Les projets de formation de Sam Sam offrent aux jeunes une \u00e9ducation th\u00e9orique et pratique, leur donnant ainsi une chance d&#039;avoir un avenir.\" \/>\n<meta name=\"robots\" content=\"noindex, follow, max-snippet:-1, max-image-preview:large, max-video-preview:-1\" \/>\n<meta property=\"og:locale\" content=\"fr_FR\" \/>\n<meta property=\"og:type\" content=\"article\" \/>\n<meta property=\"og:title\" content=\"Formation | Projets Sam Sam\" \/>\n<meta property=\"og:description\" content=\"Les projets de formation de Sam Sam offrent aux jeunes une \u00e9ducation th\u00e9orique et pratique, leur donnant ainsi une chance d&#039;avoir un avenir.\" \/>\n<meta property=\"og:url\" content=\"https:\/\/proyectosamsam.org\/fr\/formation\/\" \/>\n<meta property=\"og:site_name\" content=\"Proyectos Sam Sam\" \/>\n<meta property=\"article:modified_time\" content=\"2023-11-01T16:36:14+00:00\" \/>\n<meta name=\"twitter:card\" content=\"summary_large_image\" \/>\n<meta name=\"twitter:label1\" content=\"Dur\u00e9e de lecture estim\u00e9e\" \/>\n\t<meta name=\"twitter:data1\" content=\"1 minute\" \/>\n<script type=\"application\/ld+json\" class=\"yoast-schema-graph\">{\"@context\":\"https:\\\/\\\/schema.org\",\"@graph\":[{\"@type\":\"WebPage\",\"@id\":\"https:\\\/\\\/proyectosamsam.org\\\/fr\\\/formation\\\/\",\"url\":\"https:\\\/\\\/proyectosamsam.org\\\/fr\\\/formation\\\/\",\"name\":\"Formation | Projets Sam Sam\",\"isPartOf\":{\"@id\":\"https:\\\/\\\/proyectosamsam.org\\\/fr\\\/#website\"},\"datePublished\":\"2021-11-06T10:10:40+00:00\",\"dateModified\":\"2023-11-01T16:36:14+00:00\",\"description\":\"Les projets de formation de Sam Sam offrent aux jeunes une \u00e9ducation th\u00e9orique et pratique, leur donnant ainsi une chance d'avoir un avenir.\",\"breadcrumb\":{\"@id\":\"https:\\\/\\\/proyectosamsam.org\\\/fr\\\/formation\\\/#breadcrumb\"},\"inLanguage\":\"fr-FR\",\"potentialAction\":[{\"@type\":\"ReadAction\",\"target\":[\"https:\\\/\\\/proyectosamsam.org\\\/fr\\\/formation\\\/\"]}]},{\"@type\":\"BreadcrumbList\",\"@id\":\"https:\\\/\\\/proyectosamsam.org\\\/fr\\\/formation\\\/#breadcrumb\",\"itemListElement\":[{\"@type\":\"ListItem\",\"position\":1,\"name\":\"Home\",\"item\":\"https:\\\/\\\/proyectosamsam.org\\\/fr\\\/\"},{\"@type\":\"ListItem\",\"position\":2,\"name\":\"Formation\"}]},{\"@type\":\"WebSite\",\"@id\":\"https:\\\/\\\/proyectosamsam.org\\\/fr\\\/#website\",\"url\":\"https:\\\/\\\/proyectosamsam.org\\\/fr\\\/\",\"name\":\"Proyectos Sam Sam\",\"description\":\"Sitio de Proyectos Sam Sam\",\"publisher\":{\"@id\":\"https:\\\/\\\/proyectosamsam.org\\\/fr\\\/#organization\"},\"potentialAction\":[{\"@type\":\"SearchAction\",\"target\":{\"@type\":\"EntryPoint\",\"urlTemplate\":\"https:\\\/\\\/proyectosamsam.org\\\/fr\\\/?s={search_term_string}\"},\"query-input\":{\"@type\":\"PropertyValueSpecification\",\"valueRequired\":true,\"valueName\":\"search_term_string\"}}],\"inLanguage\":\"fr-FR\"},{\"@type\":\"Organization\",\"@id\":\"https:\\\/\\\/proyectosamsam.org\\\/fr\\\/#organization\",\"name\":\"Proyectos Sam Sam\",\"url\":\"https:\\\/\\\/proyectosamsam.org\\\/fr\\\/\",\"logo\":{\"@type\":\"ImageObject\",\"inLanguage\":\"fr-FR\",\"@id\":\"https:\\\/\\\/proyectosamsam.org\\\/fr\\\/#\\\/schema\\\/logo\\\/image\\\/\",\"url\":\"https:\\\/\\\/proyectosamsam.org\\\/fr\\\/wp-content\\\/uploads\\\/2021\\\/10\\\/Logo-Web.png\",\"contentUrl\":\"https:\\\/\\\/proyectosamsam.org\\\/fr\\\/wp-content\\\/uploads\\\/2021\\\/10\\\/Logo-Web.png\",\"width\":214,\"height\":86,\"caption\":\"Proyectos Sam Sam\"},\"image\":{\"@id\":\"https:\\\/\\\/proyectosamsam.org\\\/fr\\\/#\\\/schema\\\/logo\\\/image\\\/\"}}]}<\/script>\n<!-- \/ Yoast SEO plugin. -->","yoast_head_json":{"title":"Formation | Projets Sam Sam","description":"Les projets de formation de Sam Sam offrent aux jeunes une \u00e9ducation th\u00e9orique et pratique, leur donnant ainsi une chance d'avoir un avenir.","robots":{"index":"noindex","follow":"follow","max-snippet":"max-snippet:-1","max-image-preview":"max-image-preview:large","max-video-preview":"max-video-preview:-1"},"og_locale":"fr_FR","og_type":"article","og_title":"Formation | Projets Sam Sam","og_description":"Les projets de formation de Sam Sam offrent aux jeunes une \u00e9ducation th\u00e9orique et pratique, leur donnant ainsi une chance d'avoir un avenir.","og_url":"https:\/\/proyectosamsam.org\/fr\/formation\/","og_site_name":"Proyectos Sam Sam","article_modified_time":"2023-11-01T16:36:14+00:00","twitter_card":"summary_large_image","twitter_misc":{"Dur\u00e9e de lecture estim\u00e9e":"1 minute"},"schema":{"@context":"https:\/\/schema.org","@graph":[{"@type":"WebPage","@id":"https:\/\/proyectosamsam.org\/fr\/formation\/","url":"https:\/\/proyectosamsam.org\/fr\/formation\/","name":"Formation | Projets Sam Sam","isPartOf":{"@id":"https:\/\/proyectosamsam.org\/fr\/#website"},"datePublished":"2021-11-06T10:10:40+00:00","dateModified":"2023-11-01T16:36:14+00:00","description":"Les projets de formation de Sam Sam offrent aux jeunes une \u00e9ducation th\u00e9orique et pratique, leur donnant ainsi une chance d'avoir un avenir.","breadcrumb":{"@id":"https:\/\/proyectosamsam.org\/fr\/formation\/#breadcrumb"},"inLanguage":"fr-FR","potentialAction":[{"@type":"ReadAction","target":["https:\/\/proyectosamsam.org\/fr\/formation\/"]}]},{"@type":"BreadcrumbList","@id":"https:\/\/proyectosamsam.org\/fr\/formation\/#breadcrumb","itemListElement":[{"@type":"ListItem","position":1,"name":"Home","item":"https:\/\/proyectosamsam.org\/fr\/"},{"@type":"ListItem","position":2,"name":"Formation"}]},{"@type":"WebSite","@id":"https:\/\/proyectosamsam.org\/fr\/#website","url":"https:\/\/proyectosamsam.org\/fr\/","name":"Proyectos Sam Sam","description":"Sitio de Proyectos Sam Sam","publisher":{"@id":"https:\/\/proyectosamsam.org\/fr\/#organization"},"potentialAction":[{"@type":"SearchAction","target":{"@type":"EntryPoint","urlTemplate":"https:\/\/proyectosamsam.org\/fr\/?s={search_term_string}"},"query-input":{"@type":"PropertyValueSpecification","valueRequired":true,"valueName":"search_term_string"}}],"inLanguage":"fr-FR"},{"@type":"Organization","@id":"https:\/\/proyectosamsam.org\/fr\/#organization","name":"Proyectos Sam Sam","url":"https:\/\/proyectosamsam.org\/fr\/","logo":{"@type":"ImageObject","inLanguage":"fr-FR","@id":"https:\/\/proyectosamsam.org\/fr\/#\/schema\/logo\/image\/","url":"https:\/\/proyectosamsam.org\/fr\/wp-content\/uploads\/2021\/10\/Logo-Web.png","contentUrl":"https:\/\/proyectosamsam.org\/fr\/wp-content\/uploads\/2021\/10\/Logo-Web.png","width":214,"height":86,"caption":"Proyectos Sam Sam"},"image":{"@id":"https:\/\/proyectosamsam.org\/fr\/#\/schema\/logo\/image\/"}}]}},"_links":{"self":[{"href":"https:\/\/proyectosamsam.org\/fr\/wp-json\/wp\/v2\/pages\/368","targetHints":{"allow":["GET"]}}],"collection":[{"href":"https:\/\/proyectosamsam.org\/fr\/wp-json\/wp\/v2\/pages"}],"about":[{"href":"https:\/\/proyectosamsam.org\/fr\/wp-json\/wp\/v2\/types\/page"}],"author":[{"embeddable":true,"href":"https:\/\/proyectosamsam.org\/fr\/wp-json\/wp\/v2\/users\/1"}],"replies":[{"embeddable":true,"href":"https:\/\/proyectosamsam.org\/fr\/wp-json\/wp\/v2\/comments?post=368"}],"version-history":[{"count":37,"href":"https:\/\/proyectosamsam.org\/fr\/wp-json\/wp\/v2\/pages\/368\/revisions"}],"predecessor-version":[{"id":1006,"href":"https:\/\/proyectosamsam.org\/fr\/wp-json\/wp\/v2\/pages\/368\/revisions\/1006"}],"wp:attachment":[{"href":"https:\/\/proyectosamsam.org\/fr\/wp-json\/wp\/v2\/media?parent=368"}],"curies":[{"name":"wp","href":"https:\/\/api.w.org\/{rel}","templated":true}]}}