{"id":443,"date":"2021-11-07T10:38:30","date_gmt":"2021-11-07T10:38:30","guid":{"rendered":"https:\/\/proyectosamsam.org\/fr\/?page_id=443"},"modified":"2023-11-01T16:30:18","modified_gmt":"2023-11-01T16:30:18","slug":"equipement-et-entretien","status":"publish","type":"page","link":"https:\/\/proyectosamsam.org\/fr\/equipement-et-entretien\/","title":{"rendered":"\u00c9quipement et entretien"},"content":{"rendered":"\n<div class=\"alignfull wp-block-ugb-container ugb-container ugb-923b4aa ugb-container--v2 ugb-container--design-basic ugb-main-block\"><style>.ugb-923b4aa-wrapper.ugb-container__wrapper{background-color:#dd2e44 !important}.ugb-923b4aa-wrapper.ugb-container__wrapper:before{background-color:#dd2e44 !important}.ugb-923b4aa-content-wrapper > h1,.ugb-923b4aa-content-wrapper > h2,.ugb-923b4aa-content-wrapper > h3,.ugb-923b4aa-content-wrapper > h4,.ugb-923b4aa-content-wrapper > h5,.ugb-923b4aa-content-wrapper > h6{color:#ffffff}.ugb-923b4aa-content-wrapper > p,.ugb-923b4aa-content-wrapper > ol li,.ugb-923b4aa-content-wrapper > ul li{color:#ffffff}@media screen and (min-width:768px){.ugb-923b4aa-content-wrapper.ugb-container__content-wrapper{width:80% !important}}<\/style><div class=\"ugb-inner-block\"><div class=\"ugb-block-content\"><div class=\"ugb-container__wrapper ugb-923b4aa-wrapper\"><div class=\"ugb-container__side\"><div class=\"ugb-container__content-wrapper ugb-923b4aa-content-wrapper\">\n<p class=\"has-white-color has-text-color\">L&rsquo;\u00e9quipement des centres, des \u00e9coles et des ateliers de Sam Sam est essentiel, car la formation est \u00e9minemment pratique. Equip\u00e9s des outils et du mat\u00e9riel n\u00e9cessaires, les jeunes pourront \u00eatre form\u00e9s aux techniques et aux comp\u00e9tences qui leur permettront d&rsquo;am\u00e9liorer leur avenir.<\/p>\n\n\n\n<div style=\"height:20px\" aria-hidden=\"true\" class=\"wp-block-spacer\"><\/div>\n\n\n\n<p class=\"has-white-color has-text-color\">L&rsquo;\u00e9quipement varie en fonction de la formation des jeunes :<\/p>\n\n\n\n<div style=\"height:15px\" aria-hidden=\"true\" class=\"wp-block-spacer\"><\/div>\n\n\n\n<ul class=\"wp-block-list\">\n<li>Pour l&rsquo;atelier de couture, nous avons besoin de machines \u00e0 coudre, de mannequins, de tissus, de divers articles de mercerie.<\/li>\n\n\n\n<li>Pour l&rsquo;atelier de restauration : ustensiles de cuisine, vaisselle, couverts, appareils \u00e9lectriques (four, r\u00e9frig\u00e9rateur, cong\u00e9lateur), denr\u00e9es alimentaires.<\/li>\n\n\n\n<li>Pour l&rsquo;atelier de menuiserie : \u00e9tabli de menuisier, scie, outillage m\u00e9canique et manuel, bois, vernis, laque.<\/li>\n\n\n\n<li>Pour le dispensaire : mat\u00e9riel pour l&rsquo;am\u00e9nagement d&rsquo;un laboratoire, mat\u00e9riel de soins.<\/li>\n<\/ul>\n\n\n\n<div style=\"height:15px\" aria-hidden=\"true\" class=\"wp-block-spacer\"><\/div>\n\n\n\n<p><span style=\"color: #FFFFFF;\" class=\"stk-highlight\">Les crues de la saison des pluies inondent les centres et les \u00e9coles. Un entretien r\u00e9gulier est n\u00e9cessaire pour \u00e9vacuer l&rsquo;eau afin que les jeunes puissent poursuivre leurs \u00e9tudes.<\/span><\/p>\n<\/div><\/div><\/div><\/div><\/div><\/div>\n\n\n\n<div class=\"wp-block-ugb-separator alignfull ugb-separator ugb-a6a35ac ugb-separator--v2 ugb-separator--design-wave-1\" aria-hidden=\"true\"><style>.ugb-a6a35ac.ugb-separator{background-color:#dd2e44;margin-top:-76px !important;margin-bottom:-1px !important}.ugb-a6a35ac .ugb-separator__bottom-pad{background:#EEEADD}.ugb-a6a35ac .ugb-separator__top-pad{background:#dd2e44}.ugb-a6a35ac .ugb-separator__shadow,.ugb-a6a35ac .ugb-separator__layer-1{fill:#EEEADD;transform:scaleX(1)}@media screen and (min-width:768px){.ugb-a6a35ac .ugb-separator__svg-wrapper{height:200px !important}}@media screen and (max-width:1025px){.ugb-a6a35ac.ugb-separator{margin-top:-1px !important;margin-bottom:-1px !important}}@media screen and (max-width:768px){.ugb-a6a35ac.ugb-separator{margin-top:-1px !important;margin-bottom:-1px !important}}<\/style><div class=\"ugb-inner-block\"><div class=\"ugb-block-content\"><div class=\"ugb-separator__top-pad\"><\/div><div class=\"ugb-separator__svg-wrapper\"><div class=\"ugb-separator__svg-inner ugb-separator-wrapper\"><svg xmlns=\"http:\/\/www.w3.org\/2000\/svg\" viewBox=\"0 0 1600 200\" class=\"ugb-separator__layer-1\" preserveAspectRatio=\"none\" aria-hidden=\"true\"><path class=\"wave-1_svg__st2\" d=\"M1341.4 48.9c-182.4 0-254.2 80.4-429.4 80.4-117.8 0-209.7-67.5-393.5-67.5-142.2 0-212.6 38.8-324.6 38.8S-10 64.7-10 64.7V210h1620V102c-110.6-40.2-181-53.1-268.6-53.1z\"><\/path><\/svg><\/div><\/div><div class=\"ugb-separator__bottom-pad\"><\/div><\/div><\/div><\/div>\n\n\n\n<div class=\"alignfull wp-block-ugb-blog-posts ugb-blog-posts ugb-793901c ugb-blog-posts--v2 ugb-blog-posts--design-basic ugb-blog-posts--columns-3 ugb-main-block\"><style>.ugb-793901c .ugb-blog-posts__readmore a{color:#dd2e44 !important}.ugb-793901c .ugb-blog-posts__readmore a:hover{opacity:0.8}<\/style><div class=\"ugb-inner-block\"><div class=\"ugb-block-content\"><article class=\"ugb-blog-posts__item\"><div class=\"ugb-blog-posts__content\"><div class=\"ugb-blog-posts__category\"><a href=\"https:\/\/proyectosamsam.org\/fr\/category\/construction\/\" rel=\"category tag\">Construction | Projets Sam Sam<\/a><\/div><h3 class=\"ugb-blog-posts__title\"><a href=\"https:\/\/proyectosamsam.org\/fr\/dispensaire\/\">Dispensaire<\/a><\/h3><p class=\"ugb-blog-posts__readmore\"><a href=\"https:\/\/proyectosamsam.org\/fr\/dispensaire\/\">Leer m\u00e1s<\/a><\/p><\/div><\/article><article class=\"ugb-blog-posts__item\"><div class=\"ugb-blog-posts__content\"><div class=\"ugb-blog-posts__category\"><a href=\"https:\/\/proyectosamsam.org\/fr\/category\/construction\/\" rel=\"category tag\">Construction | Projets Sam Sam<\/a><\/div><h3 class=\"ugb-blog-posts__title\"><a href=\"https:\/\/proyectosamsam.org\/fr\/projet-dagronomie\/\">Agronomie<\/a><\/h3><p class=\"ugb-blog-posts__readmore\"><a href=\"https:\/\/proyectosamsam.org\/fr\/projet-dagronomie\/\">Leer m\u00e1s<\/a><\/p><\/div><\/article><article class=\"ugb-blog-posts__item\"><div class=\"ugb-blog-posts__content\"><div class=\"ugb-blog-posts__category\"><a href=\"https:\/\/proyectosamsam.org\/fr\/category\/construction\/\" rel=\"category tag\">Construction | Projets Sam Sam<\/a><\/div><h3 class=\"ugb-blog-posts__title\"><a href=\"https:\/\/proyectosamsam.org\/fr\/ecole-kalasans\/\">\u00c9cole Kalasans<\/a><\/h3><p class=\"ugb-blog-posts__readmore\"><a href=\"https:\/\/proyectosamsam.org\/fr\/ecole-kalasans\/\">Leer m\u00e1s<\/a><\/p><\/div><\/article><\/div><\/div><\/div>\n","protected":false},"excerpt":{"rendered":"<p>L&rsquo;\u00e9quipement des centres, des \u00e9coles et des ateliers de Sam Sam est essentiel, car la formation est \u00e9minemment pratique. Equip\u00e9s des outils et du mat\u00e9riel n\u00e9cessaires, les jeunes pourront \u00eatre form\u00e9s aux techniques et aux comp\u00e9tences qui leur permettront d&rsquo;am\u00e9liorer leur avenir. L&rsquo;\u00e9quipement varie en fonction de la formation des jeunes : Les crues de&hellip; <a class=\"more-link\" href=\"https:\/\/proyectosamsam.org\/fr\/equipement-et-entretien\/\">Poursuivre la lecture <span class=\"screen-reader-text\">\u00c9quipement et entretien<\/span><\/a><\/p>\n","protected":false},"author":1,"featured_media":0,"parent":0,"menu_order":0,"comment_status":"closed","ping_status":"closed","template":"","meta":{"footnotes":""},"class_list":["post-443","page","type-page","status-publish","hentry","entry"],"featured_image_urls_v2":{"full":"","thumbnail":"","medium":"","medium_large":"","large":"","1536x1536":"","2048x2048":"","post-thumbnail":""},"post_excerpt_stackable_v2":"<p>L&rsquo;\u00e9quipement des centres, des \u00e9coles et des ateliers de Sam Sam est essentiel, car la formation est \u00e9minemment pratique. Equip\u00e9s des outils et du mat\u00e9riel n\u00e9cessaires, les jeunes pourront \u00eatre form\u00e9s aux techniques et aux comp\u00e9tences qui leur permettront d&rsquo;am\u00e9liorer leur avenir. L&rsquo;\u00e9quipement varie en fonction de la formation des jeunes : Pour l&rsquo;atelier de couture, nous avons besoin de machines \u00e0 coudre, de mannequins, de tissus, de divers articles de mercerie. Pour l&rsquo;atelier de restauration : ustensiles de cuisine, vaisselle, couverts, appareils \u00e9lectriques (four, r\u00e9frig\u00e9rateur, cong\u00e9lateur), denr\u00e9es alimentaires. Pour l&rsquo;atelier de menuiserie : \u00e9tabli de menuisier, scie, outillage m\u00e9canique\u2026<\/p>\n","category_list_v2":"","author_info_v2":{"name":"samsam_admin","url":"https:\/\/proyectosamsam.org\/fr\/author\/samsam_admin\/"},"comments_num_v2":"0 commentaire","yoast_head":"<!-- This site is optimized with the Yoast SEO plugin v27.3 - https:\/\/yoast.com\/product\/yoast-seo-wordpress\/ -->\n<title>\u00c9quipement et entretien | Projets Sam Sam<\/title>\n<meta name=\"description\" content=\"L&#039;\u00e9quipement des centres et des ateliers de Sam Sam est essentiel, car la formation est principalement ax\u00e9e sur la pratique.\" \/>\n<meta name=\"robots\" content=\"noindex, follow, max-snippet:-1, max-image-preview:large, max-video-preview:-1\" \/>\n<meta property=\"og:locale\" content=\"fr_FR\" \/>\n<meta property=\"og:type\" content=\"article\" \/>\n<meta property=\"og:title\" content=\"\u00c9quipement et entretien | Projets Sam Sam\" \/>\n<meta property=\"og:description\" content=\"L&#039;\u00e9quipement des centres et des ateliers de Sam Sam est essentiel, car la formation est principalement ax\u00e9e sur la pratique.\" \/>\n<meta property=\"og:url\" content=\"https:\/\/proyectosamsam.org\/fr\/equipement-et-entretien\/\" \/>\n<meta property=\"og:site_name\" content=\"Proyectos Sam Sam\" \/>\n<meta property=\"article:modified_time\" content=\"2023-11-01T16:30:18+00:00\" \/>\n<meta name=\"twitter:card\" content=\"summary_large_image\" \/>\n<meta name=\"twitter:label1\" content=\"Dur\u00e9e de lecture estim\u00e9e\" \/>\n\t<meta name=\"twitter:data1\" content=\"1 minute\" \/>\n<script type=\"application\/ld+json\" class=\"yoast-schema-graph\">{\"@context\":\"https:\\\/\\\/schema.org\",\"@graph\":[{\"@type\":\"WebPage\",\"@id\":\"https:\\\/\\\/proyectosamsam.org\\\/fr\\\/equipement-et-entretien\\\/\",\"url\":\"https:\\\/\\\/proyectosamsam.org\\\/fr\\\/equipement-et-entretien\\\/\",\"name\":\"\u00c9quipement et entretien | Projets Sam Sam\",\"isPartOf\":{\"@id\":\"https:\\\/\\\/proyectosamsam.org\\\/fr\\\/#website\"},\"datePublished\":\"2021-11-07T10:38:30+00:00\",\"dateModified\":\"2023-11-01T16:30:18+00:00\",\"description\":\"L'\u00e9quipement des centres et des ateliers de Sam Sam est essentiel, car la formation est principalement ax\u00e9e sur la pratique.\",\"breadcrumb\":{\"@id\":\"https:\\\/\\\/proyectosamsam.org\\\/fr\\\/equipement-et-entretien\\\/#breadcrumb\"},\"inLanguage\":\"fr-FR\",\"potentialAction\":[{\"@type\":\"ReadAction\",\"target\":[\"https:\\\/\\\/proyectosamsam.org\\\/fr\\\/equipement-et-entretien\\\/\"]}]},{\"@type\":\"BreadcrumbList\",\"@id\":\"https:\\\/\\\/proyectosamsam.org\\\/fr\\\/equipement-et-entretien\\\/#breadcrumb\",\"itemListElement\":[{\"@type\":\"ListItem\",\"position\":1,\"name\":\"Home\",\"item\":\"https:\\\/\\\/proyectosamsam.org\\\/fr\\\/\"},{\"@type\":\"ListItem\",\"position\":2,\"name\":\"\u00c9quipement et entretien\"}]},{\"@type\":\"WebSite\",\"@id\":\"https:\\\/\\\/proyectosamsam.org\\\/fr\\\/#website\",\"url\":\"https:\\\/\\\/proyectosamsam.org\\\/fr\\\/\",\"name\":\"Proyectos Sam Sam\",\"description\":\"Sitio de Proyectos Sam Sam\",\"publisher\":{\"@id\":\"https:\\\/\\\/proyectosamsam.org\\\/fr\\\/#organization\"},\"potentialAction\":[{\"@type\":\"SearchAction\",\"target\":{\"@type\":\"EntryPoint\",\"urlTemplate\":\"https:\\\/\\\/proyectosamsam.org\\\/fr\\\/?s={search_term_string}\"},\"query-input\":{\"@type\":\"PropertyValueSpecification\",\"valueRequired\":true,\"valueName\":\"search_term_string\"}}],\"inLanguage\":\"fr-FR\"},{\"@type\":\"Organization\",\"@id\":\"https:\\\/\\\/proyectosamsam.org\\\/fr\\\/#organization\",\"name\":\"Proyectos Sam Sam\",\"url\":\"https:\\\/\\\/proyectosamsam.org\\\/fr\\\/\",\"logo\":{\"@type\":\"ImageObject\",\"inLanguage\":\"fr-FR\",\"@id\":\"https:\\\/\\\/proyectosamsam.org\\\/fr\\\/#\\\/schema\\\/logo\\\/image\\\/\",\"url\":\"https:\\\/\\\/proyectosamsam.org\\\/fr\\\/wp-content\\\/uploads\\\/2021\\\/10\\\/Logo-Web.png\",\"contentUrl\":\"https:\\\/\\\/proyectosamsam.org\\\/fr\\\/wp-content\\\/uploads\\\/2021\\\/10\\\/Logo-Web.png\",\"width\":214,\"height\":86,\"caption\":\"Proyectos Sam Sam\"},\"image\":{\"@id\":\"https:\\\/\\\/proyectosamsam.org\\\/fr\\\/#\\\/schema\\\/logo\\\/image\\\/\"}}]}<\/script>\n<!-- \/ Yoast SEO plugin. -->","yoast_head_json":{"title":"\u00c9quipement et entretien | Projets Sam Sam","description":"L'\u00e9quipement des centres et des ateliers de Sam Sam est essentiel, car la formation est principalement ax\u00e9e sur la pratique.","robots":{"index":"noindex","follow":"follow","max-snippet":"max-snippet:-1","max-image-preview":"max-image-preview:large","max-video-preview":"max-video-preview:-1"},"og_locale":"fr_FR","og_type":"article","og_title":"\u00c9quipement et entretien | Projets Sam Sam","og_description":"L'\u00e9quipement des centres et des ateliers de Sam Sam est essentiel, car la formation est principalement ax\u00e9e sur la pratique.","og_url":"https:\/\/proyectosamsam.org\/fr\/equipement-et-entretien\/","og_site_name":"Proyectos Sam Sam","article_modified_time":"2023-11-01T16:30:18+00:00","twitter_card":"summary_large_image","twitter_misc":{"Dur\u00e9e de lecture estim\u00e9e":"1 minute"},"schema":{"@context":"https:\/\/schema.org","@graph":[{"@type":"WebPage","@id":"https:\/\/proyectosamsam.org\/fr\/equipement-et-entretien\/","url":"https:\/\/proyectosamsam.org\/fr\/equipement-et-entretien\/","name":"\u00c9quipement et entretien | Projets Sam Sam","isPartOf":{"@id":"https:\/\/proyectosamsam.org\/fr\/#website"},"datePublished":"2021-11-07T10:38:30+00:00","dateModified":"2023-11-01T16:30:18+00:00","description":"L'\u00e9quipement des centres et des ateliers de Sam Sam est essentiel, car la formation est principalement ax\u00e9e sur la pratique.","breadcrumb":{"@id":"https:\/\/proyectosamsam.org\/fr\/equipement-et-entretien\/#breadcrumb"},"inLanguage":"fr-FR","potentialAction":[{"@type":"ReadAction","target":["https:\/\/proyectosamsam.org\/fr\/equipement-et-entretien\/"]}]},{"@type":"BreadcrumbList","@id":"https:\/\/proyectosamsam.org\/fr\/equipement-et-entretien\/#breadcrumb","itemListElement":[{"@type":"ListItem","position":1,"name":"Home","item":"https:\/\/proyectosamsam.org\/fr\/"},{"@type":"ListItem","position":2,"name":"\u00c9quipement et entretien"}]},{"@type":"WebSite","@id":"https:\/\/proyectosamsam.org\/fr\/#website","url":"https:\/\/proyectosamsam.org\/fr\/","name":"Proyectos Sam Sam","description":"Sitio de Proyectos Sam Sam","publisher":{"@id":"https:\/\/proyectosamsam.org\/fr\/#organization"},"potentialAction":[{"@type":"SearchAction","target":{"@type":"EntryPoint","urlTemplate":"https:\/\/proyectosamsam.org\/fr\/?s={search_term_string}"},"query-input":{"@type":"PropertyValueSpecification","valueRequired":true,"valueName":"search_term_string"}}],"inLanguage":"fr-FR"},{"@type":"Organization","@id":"https:\/\/proyectosamsam.org\/fr\/#organization","name":"Proyectos Sam Sam","url":"https:\/\/proyectosamsam.org\/fr\/","logo":{"@type":"ImageObject","inLanguage":"fr-FR","@id":"https:\/\/proyectosamsam.org\/fr\/#\/schema\/logo\/image\/","url":"https:\/\/proyectosamsam.org\/fr\/wp-content\/uploads\/2021\/10\/Logo-Web.png","contentUrl":"https:\/\/proyectosamsam.org\/fr\/wp-content\/uploads\/2021\/10\/Logo-Web.png","width":214,"height":86,"caption":"Proyectos Sam Sam"},"image":{"@id":"https:\/\/proyectosamsam.org\/fr\/#\/schema\/logo\/image\/"}}]}},"_links":{"self":[{"href":"https:\/\/proyectosamsam.org\/fr\/wp-json\/wp\/v2\/pages\/443","targetHints":{"allow":["GET"]}}],"collection":[{"href":"https:\/\/proyectosamsam.org\/fr\/wp-json\/wp\/v2\/pages"}],"about":[{"href":"https:\/\/proyectosamsam.org\/fr\/wp-json\/wp\/v2\/types\/page"}],"author":[{"embeddable":true,"href":"https:\/\/proyectosamsam.org\/fr\/wp-json\/wp\/v2\/users\/1"}],"replies":[{"embeddable":true,"href":"https:\/\/proyectosamsam.org\/fr\/wp-json\/wp\/v2\/comments?post=443"}],"version-history":[{"count":7,"href":"https:\/\/proyectosamsam.org\/fr\/wp-json\/wp\/v2\/pages\/443\/revisions"}],"predecessor-version":[{"id":1004,"href":"https:\/\/proyectosamsam.org\/fr\/wp-json\/wp\/v2\/pages\/443\/revisions\/1004"}],"wp:attachment":[{"href":"https:\/\/proyectosamsam.org\/fr\/wp-json\/wp\/v2\/media?parent=443"}],"curies":[{"name":"wp","href":"https:\/\/api.w.org\/{rel}","templated":true}]}}