{"id":515,"date":"2021-11-20T18:23:00","date_gmt":"2021-11-20T18:23:00","guid":{"rendered":"https:\/\/proyectosamsam.org\/fr\/?page_id=515"},"modified":"2023-12-06T11:41:46","modified_gmt":"2023-12-06T11:41:46","slug":"posts","status":"publish","type":"page","link":"https:\/\/proyectosamsam.org\/fr\/posts\/","title":{"rendered":"Posts"},"content":{"rendered":"\n<div class=\"alignfull wp-block-ugb-container ugb-container ugb-b21e916 ugb-container--v2 ugb-container--design-plain ugb-main-block ugb-main-block--inner-wide ugb--has-block-background\"><style>.ugb-b21e916 a:hover,.ugb-b21e916 a:hover:visited{color:#dd2e44}@media screen and (min-width:768px){.ugb-b21e916 > .ugb-inner-block > .ugb-block-content > *{padding-top:0px !important;padding-bottom:0px !important;padding-right:0px !important;padding-left:0px !important}}<\/style><div class=\"ugb-inner-block ugb-inner-block--wide\"><div class=\"ugb-block-content\"><div class=\"ugb-container__wrapper ugb-b21e916-wrapper\"><div class=\"ugb-container__side\"><div class=\"ugb-container__content-wrapper ugb-b21e916-content-wrapper\">\n<div class=\"alignfull wp-block-ugb-container ugb-container ugb-998ddc8 ugb-container--v2 ugb-container--design-basic ugb-main-block ugb-main-block--inner-center ugb--has-block-background\"><style>.ugb-998ddc8{padding:0 !important}<\/style><div class=\"ugb-inner-block ugb-inner-block--center\"><div class=\"ugb-block-content\"><div class=\"ugb-container__wrapper ugb-998ddc8-wrapper\"><div class=\"ugb-container__side\"><div class=\"ugb-container__content-wrapper ugb-998ddc8-content-wrapper\"><div class=\"wp-block-categories-dropdown aligncenter wp-block-categories\"><label class=\"wp-block-categories__label\" for=\"wp-block-categories-1\">Cat\u00e9gories<\/label><select  name='category_name' id='wp-block-categories-1' class='postform'>\n\t<option value='-1'>S\u00e9lectionner Cat\u00e9gorie<\/option>\n\t<option class=\"level-0\" value=\"construction\">Construction | Projets Sam Sam&nbsp;&nbsp;(4)<\/option>\n\t<option class=\"level-0\" value=\"emancipation\">\u00c9mancipation | Projets Sam Sam&nbsp;&nbsp;(1)<\/option>\n\t<option class=\"level-0\" value=\"formation\">Formation | Projets Sam Sam&nbsp;&nbsp;(3)<\/option>\n\t<option class=\"level-0\" value=\"informations-utiles-sam-sam\">Informations utiles&nbsp;&nbsp;(2)<\/option>\n<\/select><script>\n( ( [ dropdownId, homeUrl ] ) => {\n\t\tconst dropdown = document.getElementById( dropdownId );\n\t\tfunction onSelectChange() {\n\t\t\tsetTimeout( () => {\n\t\t\t\tif ( 'escape' === dropdown.dataset.lastkey ) {\n\t\t\t\t\treturn;\n\t\t\t\t}\n\t\t\t\tif ( dropdown.value && dropdown instanceof HTMLSelectElement ) {\n\t\t\t\t\tconst url = new URL( homeUrl );\n\t\t\t\t\turl.searchParams.set( dropdown.name, dropdown.value );\n\t\t\t\t\tlocation.href = url.href;\n\t\t\t\t}\n\t\t\t}, 250 );\n\t\t}\n\t\tfunction onKeyUp( event ) {\n\t\t\tif ( 'Escape' === event.key ) {\n\t\t\t\tdropdown.dataset.lastkey = 'escape';\n\t\t\t} else {\n\t\t\t\tdelete dropdown.dataset.lastkey;\n\t\t\t}\n\t\t}\n\t\tfunction onClick() {\n\t\t\tdelete dropdown.dataset.lastkey;\n\t\t}\n\t\tdropdown.addEventListener( 'keyup', onKeyUp );\n\t\tdropdown.addEventListener( 'click', onClick );\n\t\tdropdown.addEventListener( 'change', onSelectChange );\n\t} )( [\"wp-block-categories-1\",\"https:\/\/proyectosamsam.org\/fr\"] );\n\/\/# sourceURL=build_dropdown_script_block_core_categories\n<\/script>\n\n<\/div><\/div><\/div><\/div><\/div><\/div><\/div>\n\n\n\n<div class=\"wp-block-ugb-blog-posts ugb-blog-posts ugb-2b8e4bc ugb-blog-posts--v2 ugb-blog-posts--design-basic ugb-blog-posts--columns-3 ugb-main-block\"><style>.ugb-2b8e4bc .ugb-blog-posts__title a{color:#dd2e44 !important}.ugb-2b8e4bc .ugb-blog-posts__title a:hover{opacity:0.8}.ugb-2b8e4bc .ugb-blog-posts__readmore a{color:#dd2e44 !important}.ugb-2b8e4bc .ugb-blog-posts__readmore a:hover{opacity:0.8}<\/style><div class=\"ugb-inner-block\"><div class=\"ugb-block-content\"><article class=\"ugb-blog-posts__item\"><div class=\"ugb-blog-posts__content\"><h3 class=\"ugb-blog-posts__title\"><a href=\"https:\/\/proyectosamsam.org\/fr\/dispensaire\/\">Dispensaire<\/a><\/h3><div class=\"ugb-blog-posts__excerpt\"><p>Passerelle vers la sant\u00e9 : Clinique de soins de sant\u00e9 et de sant\u00e9 pour tous La construction d&rsquo;un dispensaire dans cette r\u00e9gion pauvre repr\u00e9sente une lueur d&rsquo;espoir et un pas important vers un avenir plus sain et plus prosp\u00e8re pour la population. Le dispensaire ne sera pas seulement un b\u00e2timent de briques et de mortier,&#8230;<\/div><p class=\"ugb-blog-posts__readmore\"><a href=\"https:\/\/proyectosamsam.org\/fr\/dispensaire\/\">Lire la suite<\/a><\/p><\/div><\/article><article class=\"ugb-blog-posts__item\"><div class=\"ugb-blog-posts__content\"><h3 class=\"ugb-blog-posts__title\"><a href=\"https:\/\/proyectosamsam.org\/fr\/projet-dagronomie\/\">Agronomie<\/a><\/h3><div class=\"ugb-blog-posts__excerpt\"><p>Un projet d&rsquo;espoir pour une communaut\u00e9 d\u00e9favoris\u00e9e Au c\u0153ur d&rsquo;une communaut\u00e9 appauvrie, une lueur d&rsquo;espoir na\u00eet sous la forme d&rsquo;un projet agronomique qui promet de changer des vies et d&rsquo;apporter un meilleur avenir \u00e0 tous. Au milieu de l&rsquo;adversit\u00e9, ce projet se dresse comme un phare d&rsquo;opportunit\u00e9 et de progr\u00e8s, offrant des solutions tangibles aux&#8230;<\/div><p class=\"ugb-blog-posts__readmore\"><a href=\"https:\/\/proyectosamsam.org\/fr\/projet-dagronomie\/\">Lire la suite<\/a><\/p><\/div><\/article><article class=\"ugb-blog-posts__item\"><div class=\"ugb-blog-posts__content\"><h3 class=\"ugb-blog-posts__title\"><a href=\"https:\/\/proyectosamsam.org\/fr\/creation-de-petites-entreprises\/\">Cr\u00e9ation de petites entreprises<\/a><\/h3><div class=\"ugb-blog-posts__excerpt\"><p>Les projets d&rsquo;apprentissage en couture, artisanat, restauration et h\u00f4tellerie initi\u00e9s \u00e0 l&rsquo;\u00c9cole Kalasans visent \u00e0 former les jeunes femmes \u00e0 la cr\u00e9ation, au d\u00e9marrage et \u00e0 la gestion de petites entreprises qui leur permettront de promouvoir leurs cr\u00e9ations et de les commercialiser. L&rsquo;objectif final est que les jeunes femmes acqui\u00e8rent un sens des responsabilit\u00e9s et&#8230;<\/div><p class=\"ugb-blog-posts__readmore\"><a href=\"https:\/\/proyectosamsam.org\/fr\/creation-de-petites-entreprises\/\">Lire la suite<\/a><\/p><\/div><\/article><article class=\"ugb-blog-posts__item\"><div class=\"ugb-blog-posts__content\"><h3 class=\"ugb-blog-posts__title\"><a href=\"https:\/\/proyectosamsam.org\/fr\/senegal\/\">S\u00e9n\u00e9gal<\/a><\/h3><div class=\"ugb-blog-posts__excerpt\"><p>Situation g\u00e9ographique Le S\u00e9n\u00e9gal est situ\u00e9 en Afrique de l&rsquo;Ouest. Il est bord\u00e9 par l&rsquo;oc\u00e9an Atlantique \u00e0 l&rsquo;Ouest, la Mauritanie au Nord, le Mali \u00e0 l&rsquo;Est et la Guin\u00e9e et la Guin\u00e9e-Bissau au Sud. La capitale du S\u00e9n\u00e9gal est Dakar, situ\u00e9e \u00e0 l&rsquo;extr\u00eame Ouest du pays, sur la presqu&rsquo;\u00eele du Cap-Vert. Forme de gouvernement \u00c9tat&#8230;<\/div><p class=\"ugb-blog-posts__readmore\"><a href=\"https:\/\/proyectosamsam.org\/fr\/senegal\/\">Lire la suite<\/a><\/p><\/div><\/article><article class=\"ugb-blog-posts__item\"><div class=\"ugb-blog-posts__content\"><h3 class=\"ugb-blog-posts__title\"><a href=\"https:\/\/proyectosamsam.org\/fr\/decouvrir-sam-sam\/\">D\u00e9couvrir Sam Sam<\/a><\/h3><div class=\"ugb-blog-posts__excerpt\"><p>Situ\u00e9e \u00e0 une vingtaine de kilom\u00e8tres de Dakar, Pikine est la ville la plus peupl\u00e9e du S\u00e9n\u00e9gal. La croissance de Pikine au cours des derni\u00e8res ann\u00e9es est principalement due \u00e0 la migration, \u00e0 la fois de la population rurale vers la capitale \u00e0 la recherche de travail, et de la population de la capitale forc\u00e9e&#8230;<\/div><p class=\"ugb-blog-posts__readmore\"><a href=\"https:\/\/proyectosamsam.org\/fr\/decouvrir-sam-sam\/\">Lire la suite<\/a><\/p><\/div><\/article><article class=\"ugb-blog-posts__item\"><div class=\"ugb-blog-posts__content\"><h3 class=\"ugb-blog-posts__title\"><a href=\"https:\/\/proyectosamsam.org\/fr\/formation-en-restauration\/\">Formation en restauration et gestion h\u00f4teli\u00e8re<\/a><\/h3><div class=\"ugb-blog-posts__excerpt\"><p>La formation en restauration et h\u00f4tellerie s&rsquo;adresse aux jeunes femmes qui ont suivi la formation compl\u00e8te au Centre Technique de Promotion F\u00e9minine Kalasans et qui optent pour une formation sp\u00e9cifique en \u00ab\u00a0Restauration-H\u00f4tellerie\u00a0\u00bb d&rsquo;une dur\u00e9e d&rsquo;un an, leur permettant de devenir ind\u00e9pendantes et de contribuer au d\u00e9veloppement de leur communaut\u00e9. Gr\u00e2ce \u00e0 la formation en restauration&#8230;<\/div><p class=\"ugb-blog-posts__readmore\"><a href=\"https:\/\/proyectosamsam.org\/fr\/formation-en-restauration\/\">Lire la suite<\/a><\/p><\/div><\/article><article class=\"ugb-blog-posts__item\"><div class=\"ugb-blog-posts__content\"><h3 class=\"ugb-blog-posts__title\"><a href=\"https:\/\/proyectosamsam.org\/fr\/formation-en-couture-et-confection\/\">Formation en couture et confection<\/a><\/h3><div class=\"ugb-blog-posts__excerpt\"><p>La formation en couture et confection s&rsquo;adresse aux jeunes filles qui viennent d&rsquo;entrer au\u00a0Centre Technique de Promotion F\u00e9minine Valaisans. L&rsquo;objectif est qu&rsquo;apr\u00e8s 2 ou 3 ans au centre, elles soient int\u00e9gr\u00e9es dans de petits groupes de travail, ind\u00e9pendants du centre, et qu&rsquo;elles puissent cr\u00e9er leur propre atelier \u00e0 domicile. Gr\u00e2ce \u00e0 une formation en couture&#8230;<\/div><p class=\"ugb-blog-posts__readmore\"><a href=\"https:\/\/proyectosamsam.org\/fr\/formation-en-couture-et-confection\/\">Lire la suite<\/a><\/p><\/div><\/article><article class=\"ugb-blog-posts__item\"><div class=\"ugb-blog-posts__content\"><h3 class=\"ugb-blog-posts__title\"><a href=\"https:\/\/proyectosamsam.org\/fr\/formation-en-menuiserie-et-ebenisterie\/\">Formation en menuiserie et \u00e9b\u00e9nisterie<\/a><\/h3><div class=\"ugb-blog-posts__excerpt\"><p>La formation en charpenterie et menuiserie est n\u00e9e \u00e0 la demande des jeunes du quartier. Apr\u00e8s avoir vu comment les filles, apr\u00e8s leur formation, \u00e9taient devenues des femmes ind\u00e9pendantes, ma\u00eetresses de leur vie et responsables de la communaut\u00e9, ils ont demand\u00e9 \u00e0 Regina d\u2019\u00eatre \u00e9galement form\u00e9s en tant que personnes et professionnels. La formation a&#8230;<\/div><p class=\"ugb-blog-posts__readmore\"><a href=\"https:\/\/proyectosamsam.org\/fr\/formation-en-menuiserie-et-ebenisterie\/\">Lire la suite<\/a><\/p><\/div><\/article><article class=\"ugb-blog-posts__item\"><div class=\"ugb-blog-posts__content\"><h3 class=\"ugb-blog-posts__title\"><a href=\"https:\/\/proyectosamsam.org\/fr\/ecole-kalasans\/\">\u00c9cole Kalasans<\/a><\/h3><div class=\"ugb-blog-posts__excerpt\"><p>PROJET ACHEV\u00c9\u202f! Le Centre Technique de Promotion F\u00e9minine Kalasans est situ\u00e9 dans le quartier Sam-Sam, qui appartient \u00e0 l&rsquo;arrondissement de Diamagu\u00e8ne-SICAP Mbao dans le d\u00e9partement de Pikine. Il s&rsquo;agit d&rsquo;une enclave situ\u00e9e \u00e0 la p\u00e9riph\u00e9rie du Nord-Est de Dakar, \u00e0 20 km du centre-ville. Dans ce quartier extr\u00eamement pauvre, les P\u00e8res Piaristes, avec l&rsquo;appui de&#8230;<\/div><p class=\"ugb-blog-posts__readmore\"><a href=\"https:\/\/proyectosamsam.org\/fr\/ecole-kalasans\/\">Lire la suite<\/a><\/p><\/div><\/article><article class=\"ugb-blog-posts__item\"><div class=\"ugb-blog-posts__content\"><h3 class=\"ugb-blog-posts__title\"><a href=\"https:\/\/proyectosamsam.org\/fr\/atelier-de-charpente-et-de-menuiserie\/\">Atelier de charpente et de menuiserie<\/a><\/h3><div class=\"ugb-blog-posts__excerpt\"><p>PROJET ACHEV\u00c9 ! La construction de l&rsquo;atelier de menuiserie dans le quartier Sam Sam a d\u00e9but\u00e9 au printemps 2021. Il s&rsquo;agit du premier centre destin\u00e9 \u00e0 offrir une formation en charpenterie et menuiserie \u00e0 des adolescents \u00e2g\u00e9s de 14 \u00e0 22 ans, et donc une alternative \u00e0 la drogue et \u00e0 la vie marginale. Le&#8230;<\/div><p class=\"ugb-blog-posts__readmore\"><a href=\"https:\/\/proyectosamsam.org\/fr\/atelier-de-charpente-et-de-menuiserie\/\">Lire la suite<\/a><\/p><\/div><\/article><\/div><\/div><\/div>\n<\/div><\/div><\/div><\/div><\/div><\/div>\n","protected":false},"excerpt":{"rendered":"<p>Dispensaire Passerelle vers la sant\u00e9 : Clinique de soins de sant\u00e9 et de sant\u00e9 pour tous La construction d&rsquo;un dispensaire dans cette r\u00e9gion pauvre repr\u00e9sente une lueur d&rsquo;espoir et un pas important vers un avenir plus sain et plus prosp\u00e8re pour la population. Le dispensaire ne sera pas seulement un b\u00e2timent de briques et de&hellip; <a class=\"more-link\" href=\"https:\/\/proyectosamsam.org\/fr\/posts\/\">Poursuivre la lecture <span class=\"screen-reader-text\">Posts<\/span><\/a><\/p>\n","protected":false},"author":1,"featured_media":0,"parent":0,"menu_order":0,"comment_status":"closed","ping_status":"closed","template":"","meta":{"footnotes":""},"class_list":["post-515","page","type-page","status-publish","hentry","entry"],"featured_image_urls_v2":{"full":"","thumbnail":"","medium":"","medium_large":"","large":"","1536x1536":"","2048x2048":"","post-thumbnail":""},"post_excerpt_stackable_v2":"<p>Cat\u00e9gories S\u00e9lectionner Cat\u00e9gorie Construction | Projets Sam Sam&nbsp;&nbsp;(4) \u00c9mancipation | Projets Sam Sam&nbsp;&nbsp;(1) Formation | Projets Sam Sam&nbsp;&nbsp;(3) Informations utiles&nbsp;&nbsp;(2) DispensairePasserelle vers la sant\u00e9 : Clinique de soins de sant\u00e9 et de sant\u00e9 pour tous La construction d&rsquo;un dispensaire dans cette r\u00e9gion pauvre repr\u00e9sente une lueur d&rsquo;espoir et un pas important vers un avenir plus sain et plus prosp\u00e8re pour la population. Le dispensaire ne sera pas seulement un b\u00e2timent de briques et de mortier,&#8230;Lire la suiteAgronomieUn projet d&rsquo;espoir pour une communaut\u00e9 d\u00e9favoris\u00e9e Au c\u0153ur d&rsquo;une communaut\u00e9 appauvrie, une lueur d&rsquo;espoir na\u00eet sous la forme d&rsquo;un projet agronomique qui promet\u2026<\/p>\n","category_list_v2":"","author_info_v2":{"name":"samsam_admin","url":"https:\/\/proyectosamsam.org\/fr\/author\/samsam_admin\/"},"comments_num_v2":"0 commentaire","yoast_head":"<!-- This site is optimized with the Yoast SEO plugin v27.3 - https:\/\/yoast.com\/product\/yoast-seo-wordpress\/ -->\n<title>Posts | Projets Sam Sam<\/title>\n<meta name=\"description\" content=\"La section posts contient toutes les informations sur les projets de construction, d&#039;\u00e9quipement et de formation dans le quartier de Sam Sam.\" \/>\n<meta name=\"robots\" content=\"noindex, follow, max-snippet:-1, max-image-preview:large, max-video-preview:-1\" \/>\n<meta property=\"og:locale\" content=\"fr_FR\" \/>\n<meta property=\"og:type\" content=\"article\" \/>\n<meta property=\"og:title\" content=\"Posts | Projets Sam Sam\" \/>\n<meta property=\"og:description\" content=\"La section posts contient toutes les informations sur les projets de construction, d&#039;\u00e9quipement et de formation dans le quartier de Sam Sam.\" \/>\n<meta property=\"og:url\" content=\"https:\/\/proyectosamsam.org\/fr\/posts\/\" \/>\n<meta property=\"og:site_name\" content=\"Proyectos Sam Sam\" \/>\n<meta property=\"article:modified_time\" content=\"2023-12-06T11:41:46+00:00\" \/>\n<meta name=\"twitter:card\" content=\"summary_large_image\" \/>\n<script type=\"application\/ld+json\" class=\"yoast-schema-graph\">{\"@context\":\"https:\\\/\\\/schema.org\",\"@graph\":[{\"@type\":\"WebPage\",\"@id\":\"https:\\\/\\\/proyectosamsam.org\\\/fr\\\/posts\\\/\",\"url\":\"https:\\\/\\\/proyectosamsam.org\\\/fr\\\/posts\\\/\",\"name\":\"Posts | Projets Sam Sam\",\"isPartOf\":{\"@id\":\"https:\\\/\\\/proyectosamsam.org\\\/fr\\\/#website\"},\"datePublished\":\"2021-11-20T18:23:00+00:00\",\"dateModified\":\"2023-12-06T11:41:46+00:00\",\"description\":\"La section posts contient toutes les informations sur les projets de construction, d'\u00e9quipement et de formation dans le quartier de Sam Sam.\",\"breadcrumb\":{\"@id\":\"https:\\\/\\\/proyectosamsam.org\\\/fr\\\/posts\\\/#breadcrumb\"},\"inLanguage\":\"fr-FR\",\"potentialAction\":[{\"@type\":\"ReadAction\",\"target\":[\"https:\\\/\\\/proyectosamsam.org\\\/fr\\\/posts\\\/\"]}]},{\"@type\":\"BreadcrumbList\",\"@id\":\"https:\\\/\\\/proyectosamsam.org\\\/fr\\\/posts\\\/#breadcrumb\",\"itemListElement\":[{\"@type\":\"ListItem\",\"position\":1,\"name\":\"Home\",\"item\":\"https:\\\/\\\/proyectosamsam.org\\\/fr\\\/\"},{\"@type\":\"ListItem\",\"position\":2,\"name\":\"Posts\"}]},{\"@type\":\"WebSite\",\"@id\":\"https:\\\/\\\/proyectosamsam.org\\\/fr\\\/#website\",\"url\":\"https:\\\/\\\/proyectosamsam.org\\\/fr\\\/\",\"name\":\"Proyectos Sam Sam\",\"description\":\"Sitio de Proyectos Sam Sam\",\"publisher\":{\"@id\":\"https:\\\/\\\/proyectosamsam.org\\\/fr\\\/#organization\"},\"potentialAction\":[{\"@type\":\"SearchAction\",\"target\":{\"@type\":\"EntryPoint\",\"urlTemplate\":\"https:\\\/\\\/proyectosamsam.org\\\/fr\\\/?s={search_term_string}\"},\"query-input\":{\"@type\":\"PropertyValueSpecification\",\"valueRequired\":true,\"valueName\":\"search_term_string\"}}],\"inLanguage\":\"fr-FR\"},{\"@type\":\"Organization\",\"@id\":\"https:\\\/\\\/proyectosamsam.org\\\/fr\\\/#organization\",\"name\":\"Proyectos Sam Sam\",\"url\":\"https:\\\/\\\/proyectosamsam.org\\\/fr\\\/\",\"logo\":{\"@type\":\"ImageObject\",\"inLanguage\":\"fr-FR\",\"@id\":\"https:\\\/\\\/proyectosamsam.org\\\/fr\\\/#\\\/schema\\\/logo\\\/image\\\/\",\"url\":\"https:\\\/\\\/proyectosamsam.org\\\/fr\\\/wp-content\\\/uploads\\\/2021\\\/10\\\/Logo-Web.png\",\"contentUrl\":\"https:\\\/\\\/proyectosamsam.org\\\/fr\\\/wp-content\\\/uploads\\\/2021\\\/10\\\/Logo-Web.png\",\"width\":214,\"height\":86,\"caption\":\"Proyectos Sam Sam\"},\"image\":{\"@id\":\"https:\\\/\\\/proyectosamsam.org\\\/fr\\\/#\\\/schema\\\/logo\\\/image\\\/\"}}]}<\/script>\n<!-- \/ Yoast SEO plugin. -->","yoast_head_json":{"title":"Posts | Projets Sam Sam","description":"La section posts contient toutes les informations sur les projets de construction, d'\u00e9quipement et de formation dans le quartier de Sam Sam.","robots":{"index":"noindex","follow":"follow","max-snippet":"max-snippet:-1","max-image-preview":"max-image-preview:large","max-video-preview":"max-video-preview:-1"},"og_locale":"fr_FR","og_type":"article","og_title":"Posts | Projets Sam Sam","og_description":"La section posts contient toutes les informations sur les projets de construction, d'\u00e9quipement et de formation dans le quartier de Sam Sam.","og_url":"https:\/\/proyectosamsam.org\/fr\/posts\/","og_site_name":"Proyectos Sam Sam","article_modified_time":"2023-12-06T11:41:46+00:00","twitter_card":"summary_large_image","schema":{"@context":"https:\/\/schema.org","@graph":[{"@type":"WebPage","@id":"https:\/\/proyectosamsam.org\/fr\/posts\/","url":"https:\/\/proyectosamsam.org\/fr\/posts\/","name":"Posts | Projets Sam Sam","isPartOf":{"@id":"https:\/\/proyectosamsam.org\/fr\/#website"},"datePublished":"2021-11-20T18:23:00+00:00","dateModified":"2023-12-06T11:41:46+00:00","description":"La section posts contient toutes les informations sur les projets de construction, d'\u00e9quipement et de formation dans le quartier de Sam Sam.","breadcrumb":{"@id":"https:\/\/proyectosamsam.org\/fr\/posts\/#breadcrumb"},"inLanguage":"fr-FR","potentialAction":[{"@type":"ReadAction","target":["https:\/\/proyectosamsam.org\/fr\/posts\/"]}]},{"@type":"BreadcrumbList","@id":"https:\/\/proyectosamsam.org\/fr\/posts\/#breadcrumb","itemListElement":[{"@type":"ListItem","position":1,"name":"Home","item":"https:\/\/proyectosamsam.org\/fr\/"},{"@type":"ListItem","position":2,"name":"Posts"}]},{"@type":"WebSite","@id":"https:\/\/proyectosamsam.org\/fr\/#website","url":"https:\/\/proyectosamsam.org\/fr\/","name":"Proyectos Sam Sam","description":"Sitio de Proyectos Sam Sam","publisher":{"@id":"https:\/\/proyectosamsam.org\/fr\/#organization"},"potentialAction":[{"@type":"SearchAction","target":{"@type":"EntryPoint","urlTemplate":"https:\/\/proyectosamsam.org\/fr\/?s={search_term_string}"},"query-input":{"@type":"PropertyValueSpecification","valueRequired":true,"valueName":"search_term_string"}}],"inLanguage":"fr-FR"},{"@type":"Organization","@id":"https:\/\/proyectosamsam.org\/fr\/#organization","name":"Proyectos Sam Sam","url":"https:\/\/proyectosamsam.org\/fr\/","logo":{"@type":"ImageObject","inLanguage":"fr-FR","@id":"https:\/\/proyectosamsam.org\/fr\/#\/schema\/logo\/image\/","url":"https:\/\/proyectosamsam.org\/fr\/wp-content\/uploads\/2021\/10\/Logo-Web.png","contentUrl":"https:\/\/proyectosamsam.org\/fr\/wp-content\/uploads\/2021\/10\/Logo-Web.png","width":214,"height":86,"caption":"Proyectos Sam Sam"},"image":{"@id":"https:\/\/proyectosamsam.org\/fr\/#\/schema\/logo\/image\/"}}]}},"_links":{"self":[{"href":"https:\/\/proyectosamsam.org\/fr\/wp-json\/wp\/v2\/pages\/515","targetHints":{"allow":["GET"]}}],"collection":[{"href":"https:\/\/proyectosamsam.org\/fr\/wp-json\/wp\/v2\/pages"}],"about":[{"href":"https:\/\/proyectosamsam.org\/fr\/wp-json\/wp\/v2\/types\/page"}],"author":[{"embeddable":true,"href":"https:\/\/proyectosamsam.org\/fr\/wp-json\/wp\/v2\/users\/1"}],"replies":[{"embeddable":true,"href":"https:\/\/proyectosamsam.org\/fr\/wp-json\/wp\/v2\/comments?post=515"}],"version-history":[{"count":11,"href":"https:\/\/proyectosamsam.org\/fr\/wp-json\/wp\/v2\/pages\/515\/revisions"}],"predecessor-version":[{"id":1075,"href":"https:\/\/proyectosamsam.org\/fr\/wp-json\/wp\/v2\/pages\/515\/revisions\/1075"}],"wp:attachment":[{"href":"https:\/\/proyectosamsam.org\/fr\/wp-json\/wp\/v2\/media?parent=515"}],"curies":[{"name":"wp","href":"https:\/\/api.w.org\/{rel}","templated":true}]}}